{"id":119997,"date":"2025-03-31T02:56:59","date_gmt":"2025-03-30T23:56:59","guid":{"rendered":"https:\/\/shop.rettum.ee\/toode\/225-40r18-goodyear-ultragrip-ice-3-92t-xl-fp-friction-beb70-3pmsf-ms\/"},"modified":"2026-03-22T03:03:29","modified_gmt":"2026-03-22T01:03:29","slug":"225-40r18-goodyear-ultragrip-ice-3-92t-xl-fp-friction-beb70-3pmsf-ms","status":"publish","type":"product","link":"https:\/\/shop.rettum.ee\/en\/product\/225-40r18-goodyear-ultragrip-ice-3-92t-xl-fp-friction-beb70-3pmsf-ms\/","title":{"rendered":"225\/40R18 GOODYEAR ULTRAGRIP ICE 3 92T XL FP Friction BEB70 3PMSF M+S"},"content":{"rendered":"<p>Tutvustame uue GOODYEAR ULTRAGRIP ICE 3 rehvi \u2013 ideaalne valik n\u00f5udlikele talveoludele! See 225\/40R18 m\u00f5\u00f5tmetega rehvi on loodud pakkuma erakordset veoj\u00f5udu ja stabiilsust lumistel, j\u00e4\u00e4distel ning m\u00e4rgadel teedel. 3PMSF s\u00fcmbol kinnitab rehvi k\u00f5rgemat talvereklaami ning kindlustab parima haardumise rasketes talveoludes, v\u00f5imaldades turvalist s\u00f5itu ka k\u00f5ige n\u00f5udlikumates tingimustes.<\/p>\n<p>Rehvi 92T kiiruseindeks ja XL konstruktsioon tagavad lisakoormuse vastupidavuse ning usaldusv\u00e4\u00e4rse soorituse igas olukorras. Eriline Friction tehnoloogia parandab pidamist ja k\u00f5rvalekalluvuse kontrolli, muutes s\u00f5idu sujuvaks ja kindlaks. BEB70 viitab optimeeritud pidamiskarakteristikale, mis on hoolikalt v\u00e4lja t\u00f6\u00f6tatud, et pakkuda maksimaalset stabiilsust ja turvalisust.<\/p>\n<p>GOODYEAR ULTRAGRIP ICE 3 on m\u00f5eldud neile, kes hindavad kvaliteeti ja ohutust ka k\u00f5ige karmimates ilmastikutingimustes. Vali see talverehv, et tagada kindel ja turvaline s\u00f5idukogemus talvel \u2013 korralik investeering, mis tasub end igas s\u00f5idus!<\/p>","protected":false},"excerpt":{"rendered":"<p>Tutvustame uue GOODYEAR ULTRAGRIP ICE 3 rehvi \u2013 ideaalne valik n\u00f5udlikele talveoludele! See 225\/40R18 m\u00f5\u00f5tmetega rehvi on loodud pakkuma erakordset veoj\u00f5udu ja stabiilsust lumistel, j\u00e4\u00e4distel ning m\u00e4rgadel teedel. 3PMSF s\u00fcmbol kinnitab rehvi k\u00f5rgemat talvereklaami ning kindlustab parima haardumise rasketes talveoludes, v\u00f5imaldades turvalist s\u00f5itu ka k\u00f5ige n\u00f5udlikumates tingimustes. Rehvi 92T kiiruseindeks ja XL konstruktsioon tagavad lisakoormuse [&hellip;]<\/p>\n","protected":false},"featured_media":124186,"template":"","meta":{"site-sidebar-layout":"default","site-content-layout":"","ast-site-content-layout":"","site-content-style":"default","site-sidebar-style":"default","ast-global-header-display":"","ast-banner-title-visibility":"","ast-main-header-display":"","ast-hfb-above-header-display":"","ast-hfb-below-header-display":"","ast-hfb-mobile-header-display":"","site-post-title":"","ast-breadcrumbs-content":"","ast-featured-img":"","footer-sml-layout":"","theme-transparent-header-meta":"","adv-header-id-meta":"","stick-header-meta":"","header-above-stick-meta":"","header-main-stick-meta":"","header-below-stick-meta":"","astra-migrate-meta-layouts":"default","ast-page-background-enabled":"default","ast-page-background-meta":{"desktop":{"background-color":"","background-image":"","background-repeat":"repeat","background-position":"center center","background-size":"auto","background-attachment":"scroll","background-type":"","background-media":"","overlay-type":"","overlay-color":"","overlay-opacity":"","overlay-gradient":""},"tablet":{"background-color":"","background-image":"","background-repeat":"repeat","background-position":"center center","background-size":"auto","background-attachment":"scroll","background-type":"","background-media":"","overlay-type":"","overlay-color":"","overlay-opacity":"","overlay-gradient":""},"mobile":{"background-color":"","background-image":"","background-repeat":"repeat","background-position":"center center","background-size":"auto","background-attachment":"scroll","background-type":"","background-media":"","overlay-type":"","overlay-color":"","overlay-opacity":"","overlay-gradient":""}},"ast-content-background-meta":{"desktop":{"background-color":"var(--ast-global-color-5)","background-image":"","background-repeat":"repeat","background-position":"center center","background-size":"auto","background-attachment":"scroll","background-type":"","background-media":"","overlay-type":"","overlay-color":"","overlay-opacity":"","overlay-gradient":""},"tablet":{"background-color":"var(--ast-global-color-5)","background-image":"","background-repeat":"repeat","background-position":"center center","background-size":"auto","background-attachment":"scroll","background-type":"","background-media":"","overlay-type":"","overlay-color":"","overlay-opacity":"","overlay-gradient":""},"mobile":{"background-color":"var(--ast-global-color-5)","background-image":"","background-repeat":"repeat","background-position":"center center","background-size":"auto","background-attachment":"scroll","background-type":"","background-media":"","overlay-type":"","overlay-color":"","overlay-opacity":"","overlay-gradient":""}}},"product_brand":[],"product_cat":[34228],"product_tag":[],"pa_brand_name":[17979],"class_list":{"0":"post-119997","1":"product","2":"type-product","3":"status-publish","4":"has-post-thumbnail","6":"product_cat-winter-tires-friction","7":"pa_brand_name-goodyear","8":"desktop-align-left","9":"tablet-align-left","10":"mobile-align-left","12":"first","13":"outofstock","14":"taxable","15":"shipping-taxable","16":"purchasable","17":"product-type-simple"},"_links":{"self":[{"href":"https:\/\/shop.rettum.ee\/en\/wp-json\/wp\/v2\/product\/119997","targetHints":{"allow":["GET"]}}],"collection":[{"href":"https:\/\/shop.rettum.ee\/en\/wp-json\/wp\/v2\/product"}],"about":[{"href":"https:\/\/shop.rettum.ee\/en\/wp-json\/wp\/v2\/types\/product"}],"version-history":[{"count":1,"href":"https:\/\/shop.rettum.ee\/en\/wp-json\/wp\/v2\/product\/119997\/revisions"}],"predecessor-version":[{"id":126488,"href":"https:\/\/shop.rettum.ee\/en\/wp-json\/wp\/v2\/product\/119997\/revisions\/126488"}],"wp:featuredmedia":[{"embeddable":true,"href":"https:\/\/shop.rettum.ee\/en\/wp-json\/wp\/v2\/media\/124186"}],"wp:attachment":[{"href":"https:\/\/shop.rettum.ee\/en\/wp-json\/wp\/v2\/media?parent=119997"}],"wp:term":[{"taxonomy":"product_brand","embeddable":true,"href":"https:\/\/shop.rettum.ee\/en\/wp-json\/wp\/v2\/product_brand?post=119997"},{"taxonomy":"product_cat","embeddable":true,"href":"https:\/\/shop.rettum.ee\/en\/wp-json\/wp\/v2\/product_cat?post=119997"},{"taxonomy":"product_tag","embeddable":true,"href":"https:\/\/shop.rettum.ee\/en\/wp-json\/wp\/v2\/product_tag?post=119997"},{"taxonomy":"pa_brand_name","embeddable":true,"href":"https:\/\/shop.rettum.ee\/en\/wp-json\/wp\/v2\/pa_brand_name?post=119997"}],"curies":[{"name":"wp","href":"https:\/\/api.w.org\/{rel}","templated":true}]}}