{"id":119999,"date":"2025-03-31T02:57:00","date_gmt":"2025-03-30T23:57:00","guid":{"rendered":"https:\/\/shop.rettum.ee\/toode\/235-50r18-dunlop-all-season-2-101v-xl-mfs-cbb71-3pmsf-ms\/"},"modified":"2026-03-19T02:45:24","modified_gmt":"2026-03-19T00:45:24","slug":"235-50r18-dunlop-all-season-2-101v-xl-mfs-cbb71-3pmsf-ms","status":"publish","type":"product","link":"https:\/\/shop.rettum.ee\/en\/product\/235-50r18-dunlop-all-season-2-101v-xl-mfs-cbb71-3pmsf-ms\/","title":{"rendered":"235\/50R18 DUNLOP ALL SEASON 2 101V XL MFS CBB71 3PMSF M+S"},"content":{"rendered":"<p>Dunlop All Season 2 rehvid 235\/50R18 m\u00f5\u00f5tudes on ideaalne lahendus neile, kes otsivad \u00fches rehvis nii suvist kui ka talvist s\u00f5idukindlustust. XL (extra load) versioon tagab k\u00f5rgema koormustaluvuse ning V kiirusindeks v\u00f5imaldab turvalist s\u00f5itu kuni 240 km\/h kiirusega. Rehvi disain on loodud pakkuma maksimaalset haarduvust niisketel ja kuivadel teedel ning teie s\u00f5iduk on kindlalt paigal isegi keerulistes ilmastikutingimustes. M+S (Mud and Snow) ja 3PMSF (Three Peak Mountain Snow Flake) m\u00e4rgised kinnitavad rehvi v\u00f5imekust kerge talvise lumise teeolukorra korral, muutes selle usaldusv\u00e4\u00e4rseks valikuks aastaringselt.<\/p>\n<p>Dunlop All Season 2 rehvid on hoolikalt konstrueeritud tagamaks optimaalne juhitavus ja paranenud veoj\u00f5ud nii linnat\u00e4navatel kui ka kiiretel maanteedel. T\u00e4nu innovaatilisele mustrile ja tipptasemel materjalidele pakuvad need rehvid madalat veekindlust ja pikendatud kasutusiga. Valides Dunlop All Season 2, panustate oma s\u00f5idukoh\u00f5lpsusesse ja turvalisusesse aastaaegade l\u00f5ikes.<\/p>","protected":false},"excerpt":{"rendered":"<p>Dunlop All Season 2 rehvid 235\/50R18 m\u00f5\u00f5tudes on ideaalne lahendus neile, kes otsivad \u00fches rehvis nii suvist kui ka talvist s\u00f5idukindlustust. XL (extra load) versioon tagab k\u00f5rgema koormustaluvuse ning V kiirusindeks v\u00f5imaldab turvalist s\u00f5itu kuni 240 km\/h kiirusega. Rehvi disain on loodud pakkuma maksimaalset haarduvust niisketel ja kuivadel teedel ning teie s\u00f5iduk on kindlalt paigal [&hellip;]<\/p>\n","protected":false},"featured_media":122065,"template":"","meta":{"site-sidebar-layout":"default","site-content-layout":"","ast-site-content-layout":"","site-content-style":"default","site-sidebar-style":"default","ast-global-header-display":"","ast-banner-title-visibility":"","ast-main-header-display":"","ast-hfb-above-header-display":"","ast-hfb-below-header-display":"","ast-hfb-mobile-header-display":"","site-post-title":"","ast-breadcrumbs-content":"","ast-featured-img":"","footer-sml-layout":"","theme-transparent-header-meta":"","adv-header-id-meta":"","stick-header-meta":"","header-above-stick-meta":"","header-main-stick-meta":"","header-below-stick-meta":"","astra-migrate-meta-layouts":"default","ast-page-background-enabled":"default","ast-page-background-meta":{"desktop":{"background-color":"","background-image":"","background-repeat":"repeat","background-position":"center center","background-size":"auto","background-attachment":"scroll","background-type":"","background-media":"","overlay-type":"","overlay-color":"","overlay-opacity":"","overlay-gradient":""},"tablet":{"background-color":"","background-image":"","background-repeat":"repeat","background-position":"center center","background-size":"auto","background-attachment":"scroll","background-type":"","background-media":"","overlay-type":"","overlay-color":"","overlay-opacity":"","overlay-gradient":""},"mobile":{"background-color":"","background-image":"","background-repeat":"repeat","background-position":"center center","background-size":"auto","background-attachment":"scroll","background-type":"","background-media":"","overlay-type":"","overlay-color":"","overlay-opacity":"","overlay-gradient":""}},"ast-content-background-meta":{"desktop":{"background-color":"var(--ast-global-color-5)","background-image":"","background-repeat":"repeat","background-position":"center center","background-size":"auto","background-attachment":"scroll","background-type":"","background-media":"","overlay-type":"","overlay-color":"","overlay-opacity":"","overlay-gradient":""},"tablet":{"background-color":"var(--ast-global-color-5)","background-image":"","background-repeat":"repeat","background-position":"center center","background-size":"auto","background-attachment":"scroll","background-type":"","background-media":"","overlay-type":"","overlay-color":"","overlay-opacity":"","overlay-gradient":""},"mobile":{"background-color":"var(--ast-global-color-5)","background-image":"","background-repeat":"repeat","background-position":"center center","background-size":"auto","background-attachment":"scroll","background-type":"","background-media":"","overlay-type":"","overlay-color":"","overlay-opacity":"","overlay-gradient":""}}},"product_brand":[],"product_cat":[34230],"product_tag":[],"pa_brand_name":[18236],"class_list":{"0":"post-119999","1":"product","2":"type-product","3":"status-publish","4":"has-post-thumbnail","6":"product_cat-all-season-pcr-2","7":"pa_brand_name-dunlop","8":"desktop-align-left","9":"tablet-align-left","10":"mobile-align-left","12":"first","13":"outofstock","14":"taxable","15":"shipping-taxable","16":"purchasable","17":"product-type-simple"},"_links":{"self":[{"href":"https:\/\/shop.rettum.ee\/en\/wp-json\/wp\/v2\/product\/119999","targetHints":{"allow":["GET"]}}],"collection":[{"href":"https:\/\/shop.rettum.ee\/en\/wp-json\/wp\/v2\/product"}],"about":[{"href":"https:\/\/shop.rettum.ee\/en\/wp-json\/wp\/v2\/types\/product"}],"version-history":[{"count":1,"href":"https:\/\/shop.rettum.ee\/en\/wp-json\/wp\/v2\/product\/119999\/revisions"}],"predecessor-version":[{"id":126487,"href":"https:\/\/shop.rettum.ee\/en\/wp-json\/wp\/v2\/product\/119999\/revisions\/126487"}],"wp:featuredmedia":[{"embeddable":true,"href":"https:\/\/shop.rettum.ee\/en\/wp-json\/wp\/v2\/media\/122065"}],"wp:attachment":[{"href":"https:\/\/shop.rettum.ee\/en\/wp-json\/wp\/v2\/media?parent=119999"}],"wp:term":[{"taxonomy":"product_brand","embeddable":true,"href":"https:\/\/shop.rettum.ee\/en\/wp-json\/wp\/v2\/product_brand?post=119999"},{"taxonomy":"product_cat","embeddable":true,"href":"https:\/\/shop.rettum.ee\/en\/wp-json\/wp\/v2\/product_cat?post=119999"},{"taxonomy":"product_tag","embeddable":true,"href":"https:\/\/shop.rettum.ee\/en\/wp-json\/wp\/v2\/product_tag?post=119999"},{"taxonomy":"pa_brand_name","embeddable":true,"href":"https:\/\/shop.rettum.ee\/en\/wp-json\/wp\/v2\/pa_brand_name?post=119999"}],"curies":[{"name":"wp","href":"https:\/\/api.w.org\/{rel}","templated":true}]}}