{"id":120000,"date":"2025-03-31T02:57:01","date_gmt":"2025-03-30T23:57:01","guid":{"rendered":"https:\/\/shop.rettum.ee\/toode\/235-55r18-dunlop-all-season-2-104v-xl-bbb71-3pmsf-ms\/"},"modified":"2025-12-16T02:46:05","modified_gmt":"2025-12-16T00:46:05","slug":"235-55r18-dunlop-all-season-2-104v-xl-bbb71-3pmsf-ms","status":"publish","type":"product","link":"https:\/\/shop.rettum.ee\/en\/product\/235-55r18-dunlop-all-season-2-104v-xl-bbb71-3pmsf-ms\/","title":{"rendered":"235\/55R18 DUNLOP ALL SEASON 2 104V XL BBB71 3PMSF M+S"},"content":{"rendered":"<p>Dunlop All Season 2 235\/55R18 on mitmek\u00fclgne rehvirataste valik, mis tagab usaldusv\u00e4\u00e4rse s\u00f5iduolukorra igas aastaosas. Rehv vastab m\u00e4rgistusele M+S ja omab 3PMSF sertifikaati, mis kinnitab selle suurep\u00e4rast haarduvust ka lumistes ja muutlikes teetingimustes. XL konstrueering ning 104V m\u00e4rge lisavad rehvile lisav\u00f5imekuse ja lubatud koormuse, v\u00f5imaldades s\u00f5ita kindlalt ka n\u00f5udlikes olukordades, samas kui V kiirusklass tagab maksimaalse ohutuse kuni 240 km\/h.<\/p>\n<p>T\u00e4nu uuenduslikule disainile ja kvaliteetsetele materjalidele tagab see rehv stabiilsuse, pikema eluea ja efektiivse k\u00fctusekulu. Dunlop All Season 2 rehvid pakuvad s\u00f5idulele sujuvat ja turvalist tunnet, olles ideaalne valik nii igap\u00e4evasteks s\u00f5itudeks kui ka pikemateks reisideks erinevates ilmastikutingimustes. Valides selle rehvi, panustad Sa nii ohutusse, \u00f6konoomsusesse kui ka s\u00f5idukogemuse mugavusse aastaaegade l\u00f5ikes.<\/p>","protected":false},"excerpt":{"rendered":"<p>Dunlop All Season 2 235\/55R18 on mitmek\u00fclgne rehvirataste valik, mis tagab usaldusv\u00e4\u00e4rse s\u00f5iduolukorra igas aastaosas. Rehv vastab m\u00e4rgistusele M+S ja omab 3PMSF sertifikaati, mis kinnitab selle suurep\u00e4rast haarduvust ka lumistes ja muutlikes teetingimustes. XL konstrueering ning 104V m\u00e4rge lisavad rehvile lisav\u00f5imekuse ja lubatud koormuse, v\u00f5imaldades s\u00f5ita kindlalt ka n\u00f5udlikes olukordades, samas kui V kiirusklass tagab [&hellip;]<\/p>\n","protected":false},"featured_media":122065,"template":"","meta":{"site-sidebar-layout":"default","site-content-layout":"","ast-site-content-layout":"","site-content-style":"default","site-sidebar-style":"default","ast-global-header-display":"","ast-banner-title-visibility":"","ast-main-header-display":"","ast-hfb-above-header-display":"","ast-hfb-below-header-display":"","ast-hfb-mobile-header-display":"","site-post-title":"","ast-breadcrumbs-content":"","ast-featured-img":"","footer-sml-layout":"","theme-transparent-header-meta":"","adv-header-id-meta":"","stick-header-meta":"","header-above-stick-meta":"","header-main-stick-meta":"","header-below-stick-meta":"","astra-migrate-meta-layouts":"default","ast-page-background-enabled":"default","ast-page-background-meta":{"desktop":{"background-color":"","background-image":"","background-repeat":"repeat","background-position":"center center","background-size":"auto","background-attachment":"scroll","background-type":"","background-media":"","overlay-type":"","overlay-color":"","overlay-opacity":"","overlay-gradient":""},"tablet":{"background-color":"","background-image":"","background-repeat":"repeat","background-position":"center center","background-size":"auto","background-attachment":"scroll","background-type":"","background-media":"","overlay-type":"","overlay-color":"","overlay-opacity":"","overlay-gradient":""},"mobile":{"background-color":"","background-image":"","background-repeat":"repeat","background-position":"center center","background-size":"auto","background-attachment":"scroll","background-type":"","background-media":"","overlay-type":"","overlay-color":"","overlay-opacity":"","overlay-gradient":""}},"ast-content-background-meta":{"desktop":{"background-color":"var(--ast-global-color-5)","background-image":"","background-repeat":"repeat","background-position":"center center","background-size":"auto","background-attachment":"scroll","background-type":"","background-media":"","overlay-type":"","overlay-color":"","overlay-opacity":"","overlay-gradient":""},"tablet":{"background-color":"var(--ast-global-color-5)","background-image":"","background-repeat":"repeat","background-position":"center center","background-size":"auto","background-attachment":"scroll","background-type":"","background-media":"","overlay-type":"","overlay-color":"","overlay-opacity":"","overlay-gradient":""},"mobile":{"background-color":"var(--ast-global-color-5)","background-image":"","background-repeat":"repeat","background-position":"center center","background-size":"auto","background-attachment":"scroll","background-type":"","background-media":"","overlay-type":"","overlay-color":"","overlay-opacity":"","overlay-gradient":""}}},"product_brand":[],"product_cat":[34230],"product_tag":[],"pa_brand_name":[18236],"class_list":{"0":"post-120000","1":"product","2":"type-product","3":"status-publish","4":"has-post-thumbnail","6":"product_cat-all-season-pcr-2","7":"pa_brand_name-dunlop","8":"desktop-align-left","9":"tablet-align-left","10":"mobile-align-left","12":"first","13":"outofstock","14":"taxable","15":"shipping-taxable","16":"purchasable","17":"product-type-simple"},"_links":{"self":[{"href":"https:\/\/shop.rettum.ee\/en\/wp-json\/wp\/v2\/product\/120000","targetHints":{"allow":["GET"]}}],"collection":[{"href":"https:\/\/shop.rettum.ee\/en\/wp-json\/wp\/v2\/product"}],"about":[{"href":"https:\/\/shop.rettum.ee\/en\/wp-json\/wp\/v2\/types\/product"}],"version-history":[{"count":1,"href":"https:\/\/shop.rettum.ee\/en\/wp-json\/wp\/v2\/product\/120000\/revisions"}],"predecessor-version":[{"id":126486,"href":"https:\/\/shop.rettum.ee\/en\/wp-json\/wp\/v2\/product\/120000\/revisions\/126486"}],"wp:featuredmedia":[{"embeddable":true,"href":"https:\/\/shop.rettum.ee\/en\/wp-json\/wp\/v2\/media\/122065"}],"wp:attachment":[{"href":"https:\/\/shop.rettum.ee\/en\/wp-json\/wp\/v2\/media?parent=120000"}],"wp:term":[{"taxonomy":"product_brand","embeddable":true,"href":"https:\/\/shop.rettum.ee\/en\/wp-json\/wp\/v2\/product_brand?post=120000"},{"taxonomy":"product_cat","embeddable":true,"href":"https:\/\/shop.rettum.ee\/en\/wp-json\/wp\/v2\/product_cat?post=120000"},{"taxonomy":"product_tag","embeddable":true,"href":"https:\/\/shop.rettum.ee\/en\/wp-json\/wp\/v2\/product_tag?post=120000"},{"taxonomy":"pa_brand_name","embeddable":true,"href":"https:\/\/shop.rettum.ee\/en\/wp-json\/wp\/v2\/pa_brand_name?post=120000"}],"curies":[{"name":"wp","href":"https:\/\/api.w.org\/{rel}","templated":true}]}}