{"id":120002,"date":"2025-03-31T02:57:03","date_gmt":"2025-03-30T23:57:03","guid":{"rendered":"https:\/\/shop.rettum.ee\/toode\/245-40r18-dunlop-all-season-2-97y-xl-mfs-cbb72-3pmsf-ms\/"},"modified":"2026-03-22T03:03:30","modified_gmt":"2026-03-22T01:03:30","slug":"245-40r18-dunlop-all-season-2-97y-xl-mfs-cbb72-3pmsf-ms","status":"publish","type":"product","link":"https:\/\/shop.rettum.ee\/en\/product\/245-40r18-dunlop-all-season-2-97y-xl-mfs-cbb72-3pmsf-ms\/","title":{"rendered":"245\/40R18 DUNLOP ALL SEASON 2 97Y XL MFS CBB72 3PMSF M+S"},"content":{"rendered":"<p>DUNLOP ALL SEASON 2 245\/40R18 on tipptasemel rehv, mis pakub erakordset s\u00f5idumugavust ja turvalisust igas ilmastikutingimuses. Selle kaasaegne disain tagab optimaalse haarduvuse nii kuival teel, vihmas kui ka lumel, v\u00f5imaldades kindlat ja stabiilset s\u00f5itu. XL ja 97Y rehviga saadud suure koormusv\u00f5ime ning k\u00f5rgek\u00f5rguse j\u00f5udluse kombinatsioon on ideaalne sportauto v\u00f5i premium-klassi s\u00f5iduautode mootorit\u00f6\u00f6ks.<\/p>\n<p>Rehvi mitmek\u00fclgne m\u00e4rgistus M+S ning 3PMSF s\u00fcmbol kinnitavad selle v\u00f5imekust toime tulla karmimate talviste tingimustega, pakkudes lisakindlust ka lumel ja mudases maastikus. DUNLOP ALL SEASON 2 on loodud pakkuma \u00fclimat turvalisust ja efektiivsust, v\u00f5imaldades sul nautida sujuvat s\u00f5itu igal aasta ajal. Innovaatiline mustrite kujundus aitab v\u00e4hendada veeplahvatusi ning tagab kiire reageerimise nii kiiretel man\u00f6\u00f6vritel kui ka ootamatutel teekandetingimustel.<\/p>\n<p>Vali DUNLOP ALL SEASON 2, et kogeda kvaliteeti, innovatsiooni ja kindlat haardumist igas s\u00f5iduolukorras.<\/p>","protected":false},"excerpt":{"rendered":"<p>DUNLOP ALL SEASON 2 245\/40R18 on tipptasemel rehv, mis pakub erakordset s\u00f5idumugavust ja turvalisust igas ilmastikutingimuses. Selle kaasaegne disain tagab optimaalse haarduvuse nii kuival teel, vihmas kui ka lumel, v\u00f5imaldades kindlat ja stabiilset s\u00f5itu. XL ja 97Y rehviga saadud suure koormusv\u00f5ime ning k\u00f5rgek\u00f5rguse j\u00f5udluse kombinatsioon on ideaalne sportauto v\u00f5i premium-klassi s\u00f5iduautode mootorit\u00f6\u00f6ks. Rehvi mitmek\u00fclgne m\u00e4rgistus [&hellip;]<\/p>\n","protected":false},"featured_media":122065,"template":"","meta":{"site-sidebar-layout":"default","site-content-layout":"","ast-site-content-layout":"","site-content-style":"default","site-sidebar-style":"default","ast-global-header-display":"","ast-banner-title-visibility":"","ast-main-header-display":"","ast-hfb-above-header-display":"","ast-hfb-below-header-display":"","ast-hfb-mobile-header-display":"","site-post-title":"","ast-breadcrumbs-content":"","ast-featured-img":"","footer-sml-layout":"","theme-transparent-header-meta":"","adv-header-id-meta":"","stick-header-meta":"","header-above-stick-meta":"","header-main-stick-meta":"","header-below-stick-meta":"","astra-migrate-meta-layouts":"default","ast-page-background-enabled":"default","ast-page-background-meta":{"desktop":{"background-color":"","background-image":"","background-repeat":"repeat","background-position":"center center","background-size":"auto","background-attachment":"scroll","background-type":"","background-media":"","overlay-type":"","overlay-color":"","overlay-opacity":"","overlay-gradient":""},"tablet":{"background-color":"","background-image":"","background-repeat":"repeat","background-position":"center center","background-size":"auto","background-attachment":"scroll","background-type":"","background-media":"","overlay-type":"","overlay-color":"","overlay-opacity":"","overlay-gradient":""},"mobile":{"background-color":"","background-image":"","background-repeat":"repeat","background-position":"center center","background-size":"auto","background-attachment":"scroll","background-type":"","background-media":"","overlay-type":"","overlay-color":"","overlay-opacity":"","overlay-gradient":""}},"ast-content-background-meta":{"desktop":{"background-color":"var(--ast-global-color-5)","background-image":"","background-repeat":"repeat","background-position":"center center","background-size":"auto","background-attachment":"scroll","background-type":"","background-media":"","overlay-type":"","overlay-color":"","overlay-opacity":"","overlay-gradient":""},"tablet":{"background-color":"var(--ast-global-color-5)","background-image":"","background-repeat":"repeat","background-position":"center center","background-size":"auto","background-attachment":"scroll","background-type":"","background-media":"","overlay-type":"","overlay-color":"","overlay-opacity":"","overlay-gradient":""},"mobile":{"background-color":"var(--ast-global-color-5)","background-image":"","background-repeat":"repeat","background-position":"center center","background-size":"auto","background-attachment":"scroll","background-type":"","background-media":"","overlay-type":"","overlay-color":"","overlay-opacity":"","overlay-gradient":""}}},"product_brand":[],"product_cat":[34230],"product_tag":[],"pa_brand_name":[18236],"class_list":{"0":"post-120002","1":"product","2":"type-product","3":"status-publish","4":"has-post-thumbnail","6":"product_cat-all-season-pcr-2","7":"pa_brand_name-dunlop","8":"desktop-align-left","9":"tablet-align-left","10":"mobile-align-left","12":"first","13":"outofstock","14":"taxable","15":"shipping-taxable","16":"purchasable","17":"product-type-simple"},"_links":{"self":[{"href":"https:\/\/shop.rettum.ee\/en\/wp-json\/wp\/v2\/product\/120002","targetHints":{"allow":["GET"]}}],"collection":[{"href":"https:\/\/shop.rettum.ee\/en\/wp-json\/wp\/v2\/product"}],"about":[{"href":"https:\/\/shop.rettum.ee\/en\/wp-json\/wp\/v2\/types\/product"}],"version-history":[{"count":1,"href":"https:\/\/shop.rettum.ee\/en\/wp-json\/wp\/v2\/product\/120002\/revisions"}],"predecessor-version":[{"id":126485,"href":"https:\/\/shop.rettum.ee\/en\/wp-json\/wp\/v2\/product\/120002\/revisions\/126485"}],"wp:featuredmedia":[{"embeddable":true,"href":"https:\/\/shop.rettum.ee\/en\/wp-json\/wp\/v2\/media\/122065"}],"wp:attachment":[{"href":"https:\/\/shop.rettum.ee\/en\/wp-json\/wp\/v2\/media?parent=120002"}],"wp:term":[{"taxonomy":"product_brand","embeddable":true,"href":"https:\/\/shop.rettum.ee\/en\/wp-json\/wp\/v2\/product_brand?post=120002"},{"taxonomy":"product_cat","embeddable":true,"href":"https:\/\/shop.rettum.ee\/en\/wp-json\/wp\/v2\/product_cat?post=120002"},{"taxonomy":"product_tag","embeddable":true,"href":"https:\/\/shop.rettum.ee\/en\/wp-json\/wp\/v2\/product_tag?post=120002"},{"taxonomy":"pa_brand_name","embeddable":true,"href":"https:\/\/shop.rettum.ee\/en\/wp-json\/wp\/v2\/pa_brand_name?post=120002"}],"curies":[{"name":"wp","href":"https:\/\/api.w.org\/{rel}","templated":true}]}}