{"id":120005,"date":"2025-03-31T02:57:05","date_gmt":"2025-03-30T23:57:05","guid":{"rendered":"https:\/\/shop.rettum.ee\/toode\/235-45r19-goodyear-ultragrip-performance-3-99t-xl-fp-studless-cbb71-3pmsf-ms\/"},"modified":"2026-03-22T03:03:31","modified_gmt":"2026-03-22T01:03:31","slug":"235-45r19-goodyear-ultragrip-performance-3-99t-xl-fp-studless-cbb71-3pmsf-ms","status":"publish","type":"product","link":"https:\/\/shop.rettum.ee\/en\/product\/235-45r19-goodyear-ultragrip-performance-3-99t-xl-fp-studless-cbb71-3pmsf-ms\/","title":{"rendered":"235\/45R19 GOODYEAR ULTRAGRIP PERFORMANCE 3 99T XL FP Studless CBB71 3PMSF M+S"},"content":{"rendered":"<p>Goodyear Ultragrip Performance 3 on tipptasemel rehvil, mis \u00fchendab kaasaegse disaini ja k\u00f5rge tehnoloogia, et pakkuda erakordset s\u00f5iduohutust ja j\u00f5udlust igal teel. Rehvi m\u00f5\u00f5tmed 235\/45R19 tagavad kindla seose maapinnaga, samas kui XL-kategooria ning 99T kiirusindeks v\u00f5imaldavad kindlat ja stabiilset s\u00f5itu ka suuremat koormust kandvate s\u00f5idukitega. <\/p>\n<p>Rehvil on kaasaegsed Studless- ja FP-tehnoloogiad, mis tagavad suurep\u00e4rase veoj\u00f5u niisketel ja kuivadel teedel ning optimaalse haardumise ka keerulistes talvertingimustes. Sertifitseerimine CBB71, 3PMSF ning klass M+S kinnitavad rehvi suutlikkuse raskete lumetingimuste ja j\u00e4iste teede puhul, pakkudes kindlat juhitavust ka k\u00f5ige n\u00f5udlikumates oludes.<\/p>\n<p>Goodyear Ultragrip Performance 3 on ideaalne valik autojuhtidele, kes hindavad k\u00f5rgelt ohutust, j\u00f5udlust ja mitmek\u00fclgsust erinevates s\u00f5iduoludes. See rehvil on m\u00f5eldud neile, kes otsivad parimat tasakaalu sportlikkuse ja praktilisuse vahel, kindlustades sujuva ja turvalise s\u00f5idukogemuse aastaringi.<\/p>","protected":false},"excerpt":{"rendered":"<p>Goodyear Ultragrip Performance 3 on tipptasemel rehvil, mis \u00fchendab kaasaegse disaini ja k\u00f5rge tehnoloogia, et pakkuda erakordset s\u00f5iduohutust ja j\u00f5udlust igal teel. Rehvi m\u00f5\u00f5tmed 235\/45R19 tagavad kindla seose maapinnaga, samas kui XL-kategooria ning 99T kiirusindeks v\u00f5imaldavad kindlat ja stabiilset s\u00f5itu ka suuremat koormust kandvate s\u00f5idukitega. Rehvil on kaasaegsed Studless- ja FP-tehnoloogiad, mis tagavad suurep\u00e4rase veoj\u00f5u [&hellip;]<\/p>\n","protected":false},"featured_media":122078,"template":"","meta":{"site-sidebar-layout":"default","site-content-layout":"","ast-site-content-layout":"","site-content-style":"default","site-sidebar-style":"default","ast-global-header-display":"","ast-banner-title-visibility":"","ast-main-header-display":"","ast-hfb-above-header-display":"","ast-hfb-below-header-display":"","ast-hfb-mobile-header-display":"","site-post-title":"","ast-breadcrumbs-content":"","ast-featured-img":"","footer-sml-layout":"","theme-transparent-header-meta":"","adv-header-id-meta":"","stick-header-meta":"","header-above-stick-meta":"","header-main-stick-meta":"","header-below-stick-meta":"","astra-migrate-meta-layouts":"default","ast-page-background-enabled":"default","ast-page-background-meta":{"desktop":{"background-color":"","background-image":"","background-repeat":"repeat","background-position":"center center","background-size":"auto","background-attachment":"scroll","background-type":"","background-media":"","overlay-type":"","overlay-color":"","overlay-opacity":"","overlay-gradient":""},"tablet":{"background-color":"","background-image":"","background-repeat":"repeat","background-position":"center center","background-size":"auto","background-attachment":"scroll","background-type":"","background-media":"","overlay-type":"","overlay-color":"","overlay-opacity":"","overlay-gradient":""},"mobile":{"background-color":"","background-image":"","background-repeat":"repeat","background-position":"center center","background-size":"auto","background-attachment":"scroll","background-type":"","background-media":"","overlay-type":"","overlay-color":"","overlay-opacity":"","overlay-gradient":""}},"ast-content-background-meta":{"desktop":{"background-color":"var(--ast-global-color-5)","background-image":"","background-repeat":"repeat","background-position":"center center","background-size":"auto","background-attachment":"scroll","background-type":"","background-media":"","overlay-type":"","overlay-color":"","overlay-opacity":"","overlay-gradient":""},"tablet":{"background-color":"var(--ast-global-color-5)","background-image":"","background-repeat":"repeat","background-position":"center center","background-size":"auto","background-attachment":"scroll","background-type":"","background-media":"","overlay-type":"","overlay-color":"","overlay-opacity":"","overlay-gradient":""},"mobile":{"background-color":"var(--ast-global-color-5)","background-image":"","background-repeat":"repeat","background-position":"center center","background-size":"auto","background-attachment":"scroll","background-type":"","background-media":"","overlay-type":"","overlay-color":"","overlay-opacity":"","overlay-gradient":""}}},"product_brand":[],"product_cat":[34228],"product_tag":[],"pa_brand_name":[17979],"class_list":{"0":"post-120005","1":"product","2":"type-product","3":"status-publish","4":"has-post-thumbnail","6":"product_cat-winter-tires-friction","7":"pa_brand_name-goodyear","8":"desktop-align-left","9":"tablet-align-left","10":"mobile-align-left","12":"first","13":"outofstock","14":"taxable","15":"shipping-taxable","16":"purchasable","17":"product-type-simple"},"_links":{"self":[{"href":"https:\/\/shop.rettum.ee\/en\/wp-json\/wp\/v2\/product\/120005","targetHints":{"allow":["GET"]}}],"collection":[{"href":"https:\/\/shop.rettum.ee\/en\/wp-json\/wp\/v2\/product"}],"about":[{"href":"https:\/\/shop.rettum.ee\/en\/wp-json\/wp\/v2\/types\/product"}],"version-history":[{"count":1,"href":"https:\/\/shop.rettum.ee\/en\/wp-json\/wp\/v2\/product\/120005\/revisions"}],"predecessor-version":[{"id":126484,"href":"https:\/\/shop.rettum.ee\/en\/wp-json\/wp\/v2\/product\/120005\/revisions\/126484"}],"wp:featuredmedia":[{"embeddable":true,"href":"https:\/\/shop.rettum.ee\/en\/wp-json\/wp\/v2\/media\/122078"}],"wp:attachment":[{"href":"https:\/\/shop.rettum.ee\/en\/wp-json\/wp\/v2\/media?parent=120005"}],"wp:term":[{"taxonomy":"product_brand","embeddable":true,"href":"https:\/\/shop.rettum.ee\/en\/wp-json\/wp\/v2\/product_brand?post=120005"},{"taxonomy":"product_cat","embeddable":true,"href":"https:\/\/shop.rettum.ee\/en\/wp-json\/wp\/v2\/product_cat?post=120005"},{"taxonomy":"product_tag","embeddable":true,"href":"https:\/\/shop.rettum.ee\/en\/wp-json\/wp\/v2\/product_tag?post=120005"},{"taxonomy":"pa_brand_name","embeddable":true,"href":"https:\/\/shop.rettum.ee\/en\/wp-json\/wp\/v2\/pa_brand_name?post=120005"}],"curies":[{"name":"wp","href":"https:\/\/api.w.org\/{rel}","templated":true}]}}