{"id":120008,"date":"2025-03-31T02:57:07","date_gmt":"2025-03-30T23:57:07","guid":{"rendered":"https:\/\/shop.rettum.ee\/toode\/245-45r19-dunlop-all-season-2-102y-xl-mfs-bab71-3pmsf-ms\/"},"modified":"2026-03-22T03:03:31","modified_gmt":"2026-03-22T01:03:31","slug":"245-45r19-dunlop-all-season-2-102y-xl-mfs-bab71-3pmsf-ms","status":"publish","type":"product","link":"https:\/\/shop.rettum.ee\/en\/product\/245-45r19-dunlop-all-season-2-102y-xl-mfs-bab71-3pmsf-ms\/","title":{"rendered":"245\/45R19 DUNLOP ALL SEASON 2 102Y XL MFS BAB71 3PMSF M+S"},"content":{"rendered":"<p>DUNLOP ALL SEASON 2 245\/45R19 on kvaliteetne rehvimudel, mis on loodud tagama turvalise s\u00f5idu k\u00f5ikides ilmastikutingimustes. Rehvi m\u00f5\u00f5tmed (245 mm laius, 45% k\u00fclje k\u00f5rgus ja 19-tolline keeruk) sobivad ideaalselt t\u00e4navakasutuseks, pakkudes suurep\u00e4rast haarduvust ja stabiilsust. Loadindeks 102 ja kiirusindeks Y garanteerivad k\u00f5rgema v\u00f5imekuse ja usaldusv\u00e4\u00e4rsuse ka n\u00f5udlikemates s\u00f5iduoludes.<\/p>\n<p>XL (extra load) t\u00e4histab rehvi tugevdatud konstruktsiooni, mis v\u00f5imaldab talpidel kanda suuremat koormust ilma ohutusest kompromisse tegemata. M+S m\u00e4rgis ja sertifikaadiga 3PMSF (kolm tippm\u00e4est lume s\u00fcmbolid) kinnitavad rehvi sobivust nii mudasesse kui ka lumisesse maastikku, tagades hea pidamise ja ohutuse aasta k\u00f5ikidel kuudel.<\/p>\n<p>DUNLOP ALL SEASON 2 on parim valik juhtidele, kes otsivad universaalset rehvi, mis \u00fchendab suurep\u00e4rase juhitavuse, vastupidavuse ja mitmek\u00fclgsuse, muutes selle ideaalseks nii suvisteks kui ka talvisteks teekondadeks.<\/p>","protected":false},"excerpt":{"rendered":"<p>DUNLOP ALL SEASON 2 245\/45R19 on kvaliteetne rehvimudel, mis on loodud tagama turvalise s\u00f5idu k\u00f5ikides ilmastikutingimustes. Rehvi m\u00f5\u00f5tmed (245 mm laius, 45% k\u00fclje k\u00f5rgus ja 19-tolline keeruk) sobivad ideaalselt t\u00e4navakasutuseks, pakkudes suurep\u00e4rast haarduvust ja stabiilsust. Loadindeks 102 ja kiirusindeks Y garanteerivad k\u00f5rgema v\u00f5imekuse ja usaldusv\u00e4\u00e4rsuse ka n\u00f5udlikemates s\u00f5iduoludes. XL (extra load) t\u00e4histab rehvi tugevdatud konstruktsiooni, [&hellip;]<\/p>\n","protected":false},"featured_media":122065,"template":"","meta":{"site-sidebar-layout":"default","site-content-layout":"","ast-site-content-layout":"","site-content-style":"default","site-sidebar-style":"default","ast-global-header-display":"","ast-banner-title-visibility":"","ast-main-header-display":"","ast-hfb-above-header-display":"","ast-hfb-below-header-display":"","ast-hfb-mobile-header-display":"","site-post-title":"","ast-breadcrumbs-content":"","ast-featured-img":"","footer-sml-layout":"","theme-transparent-header-meta":"","adv-header-id-meta":"","stick-header-meta":"","header-above-stick-meta":"","header-main-stick-meta":"","header-below-stick-meta":"","astra-migrate-meta-layouts":"default","ast-page-background-enabled":"default","ast-page-background-meta":{"desktop":{"background-color":"","background-image":"","background-repeat":"repeat","background-position":"center center","background-size":"auto","background-attachment":"scroll","background-type":"","background-media":"","overlay-type":"","overlay-color":"","overlay-opacity":"","overlay-gradient":""},"tablet":{"background-color":"","background-image":"","background-repeat":"repeat","background-position":"center center","background-size":"auto","background-attachment":"scroll","background-type":"","background-media":"","overlay-type":"","overlay-color":"","overlay-opacity":"","overlay-gradient":""},"mobile":{"background-color":"","background-image":"","background-repeat":"repeat","background-position":"center center","background-size":"auto","background-attachment":"scroll","background-type":"","background-media":"","overlay-type":"","overlay-color":"","overlay-opacity":"","overlay-gradient":""}},"ast-content-background-meta":{"desktop":{"background-color":"var(--ast-global-color-5)","background-image":"","background-repeat":"repeat","background-position":"center center","background-size":"auto","background-attachment":"scroll","background-type":"","background-media":"","overlay-type":"","overlay-color":"","overlay-opacity":"","overlay-gradient":""},"tablet":{"background-color":"var(--ast-global-color-5)","background-image":"","background-repeat":"repeat","background-position":"center center","background-size":"auto","background-attachment":"scroll","background-type":"","background-media":"","overlay-type":"","overlay-color":"","overlay-opacity":"","overlay-gradient":""},"mobile":{"background-color":"var(--ast-global-color-5)","background-image":"","background-repeat":"repeat","background-position":"center center","background-size":"auto","background-attachment":"scroll","background-type":"","background-media":"","overlay-type":"","overlay-color":"","overlay-opacity":"","overlay-gradient":""}}},"product_brand":[],"product_cat":[34230],"product_tag":[],"pa_brand_name":[18236],"class_list":{"0":"post-120008","1":"product","2":"type-product","3":"status-publish","4":"has-post-thumbnail","6":"product_cat-all-season-pcr-2","7":"pa_brand_name-dunlop","8":"desktop-align-left","9":"tablet-align-left","10":"mobile-align-left","12":"first","13":"outofstock","14":"taxable","15":"shipping-taxable","16":"purchasable","17":"product-type-simple"},"_links":{"self":[{"href":"https:\/\/shop.rettum.ee\/en\/wp-json\/wp\/v2\/product\/120008","targetHints":{"allow":["GET"]}}],"collection":[{"href":"https:\/\/shop.rettum.ee\/en\/wp-json\/wp\/v2\/product"}],"about":[{"href":"https:\/\/shop.rettum.ee\/en\/wp-json\/wp\/v2\/types\/product"}],"version-history":[{"count":1,"href":"https:\/\/shop.rettum.ee\/en\/wp-json\/wp\/v2\/product\/120008\/revisions"}],"predecessor-version":[{"id":126483,"href":"https:\/\/shop.rettum.ee\/en\/wp-json\/wp\/v2\/product\/120008\/revisions\/126483"}],"wp:featuredmedia":[{"embeddable":true,"href":"https:\/\/shop.rettum.ee\/en\/wp-json\/wp\/v2\/media\/122065"}],"wp:attachment":[{"href":"https:\/\/shop.rettum.ee\/en\/wp-json\/wp\/v2\/media?parent=120008"}],"wp:term":[{"taxonomy":"product_brand","embeddable":true,"href":"https:\/\/shop.rettum.ee\/en\/wp-json\/wp\/v2\/product_brand?post=120008"},{"taxonomy":"product_cat","embeddable":true,"href":"https:\/\/shop.rettum.ee\/en\/wp-json\/wp\/v2\/product_cat?post=120008"},{"taxonomy":"product_tag","embeddable":true,"href":"https:\/\/shop.rettum.ee\/en\/wp-json\/wp\/v2\/product_tag?post=120008"},{"taxonomy":"pa_brand_name","embeddable":true,"href":"https:\/\/shop.rettum.ee\/en\/wp-json\/wp\/v2\/pa_brand_name?post=120008"}],"curies":[{"name":"wp","href":"https:\/\/api.w.org\/{rel}","templated":true}]}}