{"id":120016,"date":"2025-03-31T02:57:12","date_gmt":"2025-03-30T23:57:12","guid":{"rendered":"https:\/\/shop.rettum.ee\/toode\/255-40r20-goodyear-ultragrip-performance-3-101t-xl-fp-studless-ccb72-3pmsf-ms\/"},"modified":"2026-03-22T03:03:32","modified_gmt":"2026-03-22T01:03:32","slug":"255-40r20-goodyear-ultragrip-performance-3-101t-xl-fp-studless-ccb72-3pmsf-ms","status":"publish","type":"product","link":"https:\/\/shop.rettum.ee\/en\/product\/255-40r20-goodyear-ultragrip-performance-3-101t-xl-fp-studless-ccb72-3pmsf-ms\/","title":{"rendered":"255\/40R20 GOODYEAR ULTRAGRIP PERFORMANCE 3 101T XL FP Studless CCB72 3PMSF M+S"},"content":{"rendered":"<p>Avasta 255\/40R20 GOODYEAR ULTRAGRIP PERFORMANCE 3 \u2013 rehvi, mis \u00fchendab sportliku j\u00f5udluse ja tipptasemel ohutuse. Selle innovaatilise disaini aluseks on spetsiaalselt arendatud kummisegu, mis tagab erakordse haarduvuse nii kuival kui ka m\u00e4rjal teel. XL-indeksite ja 101T kiirusnumbri t\u00f5ttu sobib see rehv suurematele koormustele ning pakub optimaalseid j\u00f5udluse omadusi ka sportlikumatel s\u00f5idukitel.<\/p>\n<p>Rehv on varustatud studless-tehnoloogiaga, mis v\u00f5imaldab suurep\u00e4rast kontaktpinda ilma metallsete naelte kasutamiseta, muutes selle ideaalseteks v\u00f5i segasteks ilmastikutingimusteks. Lisaks on rehv saanud 3PMSF ja M+S sertifikaadid, mis kinnitavad selle sobivust karmides talveoludes ning mudastele ja lumistele radadele.<\/p>\n<p>Valides GOODYEAR ULTRAGRIP PERFORMANCE 3, investeerid sa oma s\u00f5iduohutusse ja elamustesse, nautides stabiilsust ja t\u00e4pset juhitavust igas olukorras. See rehv on usaldusv\u00e4\u00e4rne partner, mis aitab sul suruda piire ning saavutada maksimaalse s\u00f5idud\u00fcnaamika.<\/p>","protected":false},"excerpt":{"rendered":"<p>Avasta 255\/40R20 GOODYEAR ULTRAGRIP PERFORMANCE 3 \u2013 rehvi, mis \u00fchendab sportliku j\u00f5udluse ja tipptasemel ohutuse. Selle innovaatilise disaini aluseks on spetsiaalselt arendatud kummisegu, mis tagab erakordse haarduvuse nii kuival kui ka m\u00e4rjal teel. XL-indeksite ja 101T kiirusnumbri t\u00f5ttu sobib see rehv suurematele koormustele ning pakub optimaalseid j\u00f5udluse omadusi ka sportlikumatel s\u00f5idukitel. Rehv on varustatud studless-tehnoloogiaga, [&hellip;]<\/p>\n","protected":false},"featured_media":122078,"template":"","meta":{"site-sidebar-layout":"default","site-content-layout":"","ast-site-content-layout":"","site-content-style":"default","site-sidebar-style":"default","ast-global-header-display":"","ast-banner-title-visibility":"","ast-main-header-display":"","ast-hfb-above-header-display":"","ast-hfb-below-header-display":"","ast-hfb-mobile-header-display":"","site-post-title":"","ast-breadcrumbs-content":"","ast-featured-img":"","footer-sml-layout":"","theme-transparent-header-meta":"","adv-header-id-meta":"","stick-header-meta":"","header-above-stick-meta":"","header-main-stick-meta":"","header-below-stick-meta":"","astra-migrate-meta-layouts":"default","ast-page-background-enabled":"default","ast-page-background-meta":{"desktop":{"background-color":"","background-image":"","background-repeat":"repeat","background-position":"center center","background-size":"auto","background-attachment":"scroll","background-type":"","background-media":"","overlay-type":"","overlay-color":"","overlay-opacity":"","overlay-gradient":""},"tablet":{"background-color":"","background-image":"","background-repeat":"repeat","background-position":"center center","background-size":"auto","background-attachment":"scroll","background-type":"","background-media":"","overlay-type":"","overlay-color":"","overlay-opacity":"","overlay-gradient":""},"mobile":{"background-color":"","background-image":"","background-repeat":"repeat","background-position":"center center","background-size":"auto","background-attachment":"scroll","background-type":"","background-media":"","overlay-type":"","overlay-color":"","overlay-opacity":"","overlay-gradient":""}},"ast-content-background-meta":{"desktop":{"background-color":"var(--ast-global-color-5)","background-image":"","background-repeat":"repeat","background-position":"center center","background-size":"auto","background-attachment":"scroll","background-type":"","background-media":"","overlay-type":"","overlay-color":"","overlay-opacity":"","overlay-gradient":""},"tablet":{"background-color":"var(--ast-global-color-5)","background-image":"","background-repeat":"repeat","background-position":"center center","background-size":"auto","background-attachment":"scroll","background-type":"","background-media":"","overlay-type":"","overlay-color":"","overlay-opacity":"","overlay-gradient":""},"mobile":{"background-color":"var(--ast-global-color-5)","background-image":"","background-repeat":"repeat","background-position":"center center","background-size":"auto","background-attachment":"scroll","background-type":"","background-media":"","overlay-type":"","overlay-color":"","overlay-opacity":"","overlay-gradient":""}}},"product_brand":[],"product_cat":[34228],"product_tag":[],"pa_brand_name":[17979],"class_list":{"0":"post-120016","1":"product","2":"type-product","3":"status-publish","4":"has-post-thumbnail","6":"product_cat-winter-tires-friction","7":"pa_brand_name-goodyear","8":"desktop-align-left","9":"tablet-align-left","10":"mobile-align-left","12":"first","13":"outofstock","14":"taxable","15":"shipping-taxable","16":"purchasable","17":"product-type-simple"},"_links":{"self":[{"href":"https:\/\/shop.rettum.ee\/en\/wp-json\/wp\/v2\/product\/120016","targetHints":{"allow":["GET"]}}],"collection":[{"href":"https:\/\/shop.rettum.ee\/en\/wp-json\/wp\/v2\/product"}],"about":[{"href":"https:\/\/shop.rettum.ee\/en\/wp-json\/wp\/v2\/types\/product"}],"version-history":[{"count":2,"href":"https:\/\/shop.rettum.ee\/en\/wp-json\/wp\/v2\/product\/120016\/revisions"}],"predecessor-version":[{"id":126520,"href":"https:\/\/shop.rettum.ee\/en\/wp-json\/wp\/v2\/product\/120016\/revisions\/126520"}],"wp:featuredmedia":[{"embeddable":true,"href":"https:\/\/shop.rettum.ee\/en\/wp-json\/wp\/v2\/media\/122078"}],"wp:attachment":[{"href":"https:\/\/shop.rettum.ee\/en\/wp-json\/wp\/v2\/media?parent=120016"}],"wp:term":[{"taxonomy":"product_brand","embeddable":true,"href":"https:\/\/shop.rettum.ee\/en\/wp-json\/wp\/v2\/product_brand?post=120016"},{"taxonomy":"product_cat","embeddable":true,"href":"https:\/\/shop.rettum.ee\/en\/wp-json\/wp\/v2\/product_cat?post=120016"},{"taxonomy":"product_tag","embeddable":true,"href":"https:\/\/shop.rettum.ee\/en\/wp-json\/wp\/v2\/product_tag?post=120016"},{"taxonomy":"pa_brand_name","embeddable":true,"href":"https:\/\/shop.rettum.ee\/en\/wp-json\/wp\/v2\/pa_brand_name?post=120016"}],"curies":[{"name":"wp","href":"https:\/\/api.w.org\/{rel}","templated":true}]}}