{"id":120017,"date":"2025-03-31T02:57:13","date_gmt":"2025-03-30T23:57:13","guid":{"rendered":"https:\/\/shop.rettum.ee\/toode\/255-40r20-goodyear-ultragrip-performance-3-101t-xl-seal-inside-fp-studless-ccb72-3pmsf-ms\/"},"modified":"2026-03-22T03:03:32","modified_gmt":"2026-03-22T01:03:32","slug":"255-40r20-goodyear-ultragrip-performance-3-101t-xl-seal-inside-fp-studless-ccb72-3pmsf-ms","status":"publish","type":"product","link":"https:\/\/shop.rettum.ee\/en\/product\/255-40r20-goodyear-ultragrip-performance-3-101t-xl-seal-inside-fp-studless-ccb72-3pmsf-ms\/","title":{"rendered":"255\/40R20 GOODYEAR ULTRAGRIP PERFORMANCE 3 101T XL Seal Inside FP Studless CCB72 3PMSF M+S"},"content":{"rendered":"<p>GOODYEAR ULTRAGRIP PERFORMANCE 3 101T XL Seal Inside FP Studless CCB72 3PMSF M+S on tipptasemel rehviv\u00f5imalus, mis \u00fchendab sportliku j\u00f5udluse ja k\u00f5rge ohutuse. Rehvi m\u00f5\u00f5tmed 255\/40R20 tagavad suurep\u00e4rase stabiilsuse ja t\u00e4pse juhtimise, pakkudes kindlat haarduvust nii kuivadel kui niisketel teedel. XL klass ja 101T koormusindeks annavad lisatugevuse ja vastupidavuse, v\u00f5imaldades s\u00f5ita ka n\u00f5udlikes tingimustes.<\/p>\n<p>Unikaalne Seal Inside tehnoloogia aitab v\u00e4ltida v\u00e4iksemaid vigastusi ja s\u00e4ilitada rehvi optimaalse seisukorra, v\u00e4hendades lekkimise riski. Rehvi disain on v\u00e4lja t\u00f6\u00f6tatud tagamaks parim v\u00f5imalik j\u00f5udlus ekstraktiivsetel ja libedatel pindadel, samal ajal toetades t\u00e4pset man\u00f6\u00f6verdamist. M+S ja 3PMSF m\u00e4rgistused kinnitavad rehvi sobivust ka m\u00fcrgis talvise s\u00f5idu jaoks, pakkudes kindlustunnet ka lumistes ja libedates oludes.<\/p>\n<p>GOODYEAR on tuntud oma innovatiivsete lahenduste poolest, tagades rehvile pika eluea ja j\u00e4rjepideva soorituse erinevates s\u00f5idutingimustes, muutes selle ideaalseks valikuks n\u00f5udlikule juhtimule.<\/p>","protected":false},"excerpt":{"rendered":"<p>GOODYEAR ULTRAGRIP PERFORMANCE 3 101T XL Seal Inside FP Studless CCB72 3PMSF M+S on tipptasemel rehviv\u00f5imalus, mis \u00fchendab sportliku j\u00f5udluse ja k\u00f5rge ohutuse. Rehvi m\u00f5\u00f5tmed 255\/40R20 tagavad suurep\u00e4rase stabiilsuse ja t\u00e4pse juhtimise, pakkudes kindlat haarduvust nii kuivadel kui niisketel teedel. XL klass ja 101T koormusindeks annavad lisatugevuse ja vastupidavuse, v\u00f5imaldades s\u00f5ita ka n\u00f5udlikes tingimustes. Unikaalne [&hellip;]<\/p>\n","protected":false},"featured_media":122078,"template":"","meta":{"site-sidebar-layout":"default","site-content-layout":"","ast-site-content-layout":"","site-content-style":"default","site-sidebar-style":"default","ast-global-header-display":"","ast-banner-title-visibility":"","ast-main-header-display":"","ast-hfb-above-header-display":"","ast-hfb-below-header-display":"","ast-hfb-mobile-header-display":"","site-post-title":"","ast-breadcrumbs-content":"","ast-featured-img":"","footer-sml-layout":"","theme-transparent-header-meta":"","adv-header-id-meta":"","stick-header-meta":"","header-above-stick-meta":"","header-main-stick-meta":"","header-below-stick-meta":"","astra-migrate-meta-layouts":"default","ast-page-background-enabled":"default","ast-page-background-meta":{"desktop":{"background-color":"","background-image":"","background-repeat":"repeat","background-position":"center center","background-size":"auto","background-attachment":"scroll","background-type":"","background-media":"","overlay-type":"","overlay-color":"","overlay-opacity":"","overlay-gradient":""},"tablet":{"background-color":"","background-image":"","background-repeat":"repeat","background-position":"center center","background-size":"auto","background-attachment":"scroll","background-type":"","background-media":"","overlay-type":"","overlay-color":"","overlay-opacity":"","overlay-gradient":""},"mobile":{"background-color":"","background-image":"","background-repeat":"repeat","background-position":"center center","background-size":"auto","background-attachment":"scroll","background-type":"","background-media":"","overlay-type":"","overlay-color":"","overlay-opacity":"","overlay-gradient":""}},"ast-content-background-meta":{"desktop":{"background-color":"var(--ast-global-color-5)","background-image":"","background-repeat":"repeat","background-position":"center center","background-size":"auto","background-attachment":"scroll","background-type":"","background-media":"","overlay-type":"","overlay-color":"","overlay-opacity":"","overlay-gradient":""},"tablet":{"background-color":"var(--ast-global-color-5)","background-image":"","background-repeat":"repeat","background-position":"center center","background-size":"auto","background-attachment":"scroll","background-type":"","background-media":"","overlay-type":"","overlay-color":"","overlay-opacity":"","overlay-gradient":""},"mobile":{"background-color":"var(--ast-global-color-5)","background-image":"","background-repeat":"repeat","background-position":"center center","background-size":"auto","background-attachment":"scroll","background-type":"","background-media":"","overlay-type":"","overlay-color":"","overlay-opacity":"","overlay-gradient":""}}},"product_brand":[],"product_cat":[34228],"product_tag":[],"pa_brand_name":[17979],"class_list":{"0":"post-120017","1":"product","2":"type-product","3":"status-publish","4":"has-post-thumbnail","6":"product_cat-winter-tires-friction","7":"pa_brand_name-goodyear","8":"desktop-align-left","9":"tablet-align-left","10":"mobile-align-left","12":"first","13":"outofstock","14":"taxable","15":"shipping-taxable","16":"purchasable","17":"product-type-simple"},"_links":{"self":[{"href":"https:\/\/shop.rettum.ee\/en\/wp-json\/wp\/v2\/product\/120017","targetHints":{"allow":["GET"]}}],"collection":[{"href":"https:\/\/shop.rettum.ee\/en\/wp-json\/wp\/v2\/product"}],"about":[{"href":"https:\/\/shop.rettum.ee\/en\/wp-json\/wp\/v2\/types\/product"}],"version-history":[{"count":1,"href":"https:\/\/shop.rettum.ee\/en\/wp-json\/wp\/v2\/product\/120017\/revisions"}],"predecessor-version":[{"id":126480,"href":"https:\/\/shop.rettum.ee\/en\/wp-json\/wp\/v2\/product\/120017\/revisions\/126480"}],"wp:featuredmedia":[{"embeddable":true,"href":"https:\/\/shop.rettum.ee\/en\/wp-json\/wp\/v2\/media\/122078"}],"wp:attachment":[{"href":"https:\/\/shop.rettum.ee\/en\/wp-json\/wp\/v2\/media?parent=120017"}],"wp:term":[{"taxonomy":"product_brand","embeddable":true,"href":"https:\/\/shop.rettum.ee\/en\/wp-json\/wp\/v2\/product_brand?post=120017"},{"taxonomy":"product_cat","embeddable":true,"href":"https:\/\/shop.rettum.ee\/en\/wp-json\/wp\/v2\/product_cat?post=120017"},{"taxonomy":"product_tag","embeddable":true,"href":"https:\/\/shop.rettum.ee\/en\/wp-json\/wp\/v2\/product_tag?post=120017"},{"taxonomy":"pa_brand_name","embeddable":true,"href":"https:\/\/shop.rettum.ee\/en\/wp-json\/wp\/v2\/pa_brand_name?post=120017"}],"curies":[{"name":"wp","href":"https:\/\/api.w.org\/{rel}","templated":true}]}}