{"id":120024,"date":"2025-03-31T02:57:18","date_gmt":"2025-03-30T23:57:18","guid":{"rendered":"https:\/\/shop.rettum.ee\/toode\/265-35r21-goodyear-ultragrip-performance-3-101h-xl-fp-studless-ccb71-3pmsf-ms\/"},"modified":"2026-03-22T03:03:33","modified_gmt":"2026-03-22T01:03:33","slug":"265-35r21-goodyear-ultragrip-performance-3-101h-xl-fp-studless-ccb71-3pmsf-ms","status":"publish","type":"product","link":"https:\/\/shop.rettum.ee\/en\/product\/265-35r21-goodyear-ultragrip-performance-3-101h-xl-fp-studless-ccb71-3pmsf-ms\/","title":{"rendered":"265\/35R21 GOODYEAR ULTRAGRIP PERFORMANCE 3 101H XL FP Studless CCB71 3PMSF M+S"},"content":{"rendered":"<p>265\/35R21 GOODYEAR ULTRAGRIP PERFORMANCE 3 101H XL FP Studless CCB71 3PMSF M+S on tippkvaliteediga rehvimudel, mis on loodud k\u00f5rge j\u00f5udlusega s\u00f5idukitele. See rehvi t\u00fc\u00fcp \u00fchendab kaasaegse disaini ja tipptasemel tehnoloogia, tagades silmapaistva haarduvuse nii m\u00e4rgadel kui lumistel teedel \u2013 k\u00f5ik see ilma traditsiooniliste naelasteta.  <\/p>\n<p>Rehvi m\u00f5\u00f5tmed ja 101H koormusindeks kindlustavad optimaalse j\u00f5udluse ning ohutuse kuni 210 km\/h, samas XL-omadus suurendab rehvi koormustaluvust ja t\u00f6\u00f6kindlust n\u00f5udlikes s\u00f5iduoludes. 3PMSF ja M+S m\u00e4rgised kinnitavad rehvi v\u00f5imekust pakkuda usaldusv\u00e4\u00e4rset veoj\u00f5udu ning stabiilsust ka karmimate ilmastikutingimuste korral.<\/p>\n<p>Goodyear Ultragrip Performance 3 on ideaalne valik s\u00f5idukijuhtidele, kes hindavad k\u00f5rgtehnoloogilisi lahendusi, ohutut ja sportlikku s\u00f5idukogemust ning soovivad nautida maksimaalset kontrolli igal teel.<\/p>","protected":false},"excerpt":{"rendered":"<p>265\/35R21 GOODYEAR ULTRAGRIP PERFORMANCE 3 101H XL FP Studless CCB71 3PMSF M+S on tippkvaliteediga rehvimudel, mis on loodud k\u00f5rge j\u00f5udlusega s\u00f5idukitele. See rehvi t\u00fc\u00fcp \u00fchendab kaasaegse disaini ja tipptasemel tehnoloogia, tagades silmapaistva haarduvuse nii m\u00e4rgadel kui lumistel teedel \u2013 k\u00f5ik see ilma traditsiooniliste naelasteta. Rehvi m\u00f5\u00f5tmed ja 101H koormusindeks kindlustavad optimaalse j\u00f5udluse ning ohutuse kuni [&hellip;]<\/p>\n","protected":false},"featured_media":122078,"template":"","meta":{"site-sidebar-layout":"default","site-content-layout":"","ast-site-content-layout":"","site-content-style":"default","site-sidebar-style":"default","ast-global-header-display":"","ast-banner-title-visibility":"","ast-main-header-display":"","ast-hfb-above-header-display":"","ast-hfb-below-header-display":"","ast-hfb-mobile-header-display":"","site-post-title":"","ast-breadcrumbs-content":"","ast-featured-img":"","footer-sml-layout":"","theme-transparent-header-meta":"","adv-header-id-meta":"","stick-header-meta":"","header-above-stick-meta":"","header-main-stick-meta":"","header-below-stick-meta":"","astra-migrate-meta-layouts":"default","ast-page-background-enabled":"default","ast-page-background-meta":{"desktop":{"background-color":"","background-image":"","background-repeat":"repeat","background-position":"center center","background-size":"auto","background-attachment":"scroll","background-type":"","background-media":"","overlay-type":"","overlay-color":"","overlay-opacity":"","overlay-gradient":""},"tablet":{"background-color":"","background-image":"","background-repeat":"repeat","background-position":"center center","background-size":"auto","background-attachment":"scroll","background-type":"","background-media":"","overlay-type":"","overlay-color":"","overlay-opacity":"","overlay-gradient":""},"mobile":{"background-color":"","background-image":"","background-repeat":"repeat","background-position":"center center","background-size":"auto","background-attachment":"scroll","background-type":"","background-media":"","overlay-type":"","overlay-color":"","overlay-opacity":"","overlay-gradient":""}},"ast-content-background-meta":{"desktop":{"background-color":"var(--ast-global-color-5)","background-image":"","background-repeat":"repeat","background-position":"center center","background-size":"auto","background-attachment":"scroll","background-type":"","background-media":"","overlay-type":"","overlay-color":"","overlay-opacity":"","overlay-gradient":""},"tablet":{"background-color":"var(--ast-global-color-5)","background-image":"","background-repeat":"repeat","background-position":"center center","background-size":"auto","background-attachment":"scroll","background-type":"","background-media":"","overlay-type":"","overlay-color":"","overlay-opacity":"","overlay-gradient":""},"mobile":{"background-color":"var(--ast-global-color-5)","background-image":"","background-repeat":"repeat","background-position":"center center","background-size":"auto","background-attachment":"scroll","background-type":"","background-media":"","overlay-type":"","overlay-color":"","overlay-opacity":"","overlay-gradient":""}}},"product_brand":[],"product_cat":[34228],"product_tag":[],"pa_brand_name":[17979],"class_list":{"0":"post-120024","1":"product","2":"type-product","3":"status-publish","4":"has-post-thumbnail","6":"product_cat-winter-tires-friction","7":"pa_brand_name-goodyear","8":"desktop-align-left","9":"tablet-align-left","10":"mobile-align-left","12":"first","13":"outofstock","14":"taxable","15":"shipping-taxable","16":"purchasable","17":"product-type-simple"},"_links":{"self":[{"href":"https:\/\/shop.rettum.ee\/en\/wp-json\/wp\/v2\/product\/120024","targetHints":{"allow":["GET"]}}],"collection":[{"href":"https:\/\/shop.rettum.ee\/en\/wp-json\/wp\/v2\/product"}],"about":[{"href":"https:\/\/shop.rettum.ee\/en\/wp-json\/wp\/v2\/types\/product"}],"version-history":[{"count":1,"href":"https:\/\/shop.rettum.ee\/en\/wp-json\/wp\/v2\/product\/120024\/revisions"}],"predecessor-version":[{"id":126479,"href":"https:\/\/shop.rettum.ee\/en\/wp-json\/wp\/v2\/product\/120024\/revisions\/126479"}],"wp:featuredmedia":[{"embeddable":true,"href":"https:\/\/shop.rettum.ee\/en\/wp-json\/wp\/v2\/media\/122078"}],"wp:attachment":[{"href":"https:\/\/shop.rettum.ee\/en\/wp-json\/wp\/v2\/media?parent=120024"}],"wp:term":[{"taxonomy":"product_brand","embeddable":true,"href":"https:\/\/shop.rettum.ee\/en\/wp-json\/wp\/v2\/product_brand?post=120024"},{"taxonomy":"product_cat","embeddable":true,"href":"https:\/\/shop.rettum.ee\/en\/wp-json\/wp\/v2\/product_cat?post=120024"},{"taxonomy":"product_tag","embeddable":true,"href":"https:\/\/shop.rettum.ee\/en\/wp-json\/wp\/v2\/product_tag?post=120024"},{"taxonomy":"pa_brand_name","embeddable":true,"href":"https:\/\/shop.rettum.ee\/en\/wp-json\/wp\/v2\/pa_brand_name?post=120024"}],"curies":[{"name":"wp","href":"https:\/\/api.w.org\/{rel}","templated":true}]}}