{"id":120026,"date":"2025-03-31T02:57:19","date_gmt":"2025-03-30T23:57:19","guid":{"rendered":"https:\/\/shop.rettum.ee\/toode\/275-35r21-goodyear-ultragrip-performance-3-103v-xl-fp-studless-cca70-3pmsf-ms\/"},"modified":"2026-03-27T02:45:35","modified_gmt":"2026-03-27T00:45:35","slug":"275-35r21-goodyear-ultragrip-performance-3-103v-xl-fp-studless-cca70-3pmsf-ms","status":"publish","type":"product","link":"https:\/\/shop.rettum.ee\/en\/product\/275-35r21-goodyear-ultragrip-performance-3-103v-xl-fp-studless-cca70-3pmsf-ms\/","title":{"rendered":"275\/35R21 GOODYEAR ULTRAGRIP PERFORMANCE 3 103V XL FP Studless CCA70 3PMSF M+S"},"content":{"rendered":"<p>Tutvustame uut 275\/35R21 GOODYEAR ULTRAGRIP PERFORMANCE 3 rehvi \u2013 optimeeritud k\u00f5rgj\u00f5udlusega s\u00f5idutingimusteks, pakkudes erakordset haarduvust ja stabiilsust nii kuival kui ka m\u00e4rjal teel. See XL klassi rehv, mille koormusindeks on 103 ja kiirusmarkatsioon V, tagab kindla k\u00e4itumise ka n\u00f5udlikes s\u00f5iduoludes.<\/p>\n<p>Innovatiivne Studless tehnoloogia loob usaldusv\u00e4\u00e4rse haarduvuse ilma metallist k\u00fchvituteta, pakkudes pikendatud rehvielektrit ja paremat k\u00fctuses\u00e4\u00e4stu. T\u00e4ites toodete rangke winterstandardi 3PMSF ning M+S n\u00f5uded, on see rehv ideaalne valik aasta k\u00f5igi ilmastikutingimuste jaoks \u2013 alates suvisest kiirest man\u00f6\u00f6verdamisest kuni talvise libedadega teedel s\u00f5ites.<\/p>\n<p>Goodyear ULTRAGRIP PERFORMANCE 3 on loodud neile, kes hindavad turvalisust, stabiilsust ja t\u00e4pset reageerimist ka k\u00f5ige n\u00f5udlikumates tingimustes. Investeeri kvaliteeti ja naudi kindlat s\u00f5idukogemust \u2013 vali Goodyear ja tunne erinevust igal kilomeetril!<\/p>","protected":false},"excerpt":{"rendered":"<p>Tutvustame uut 275\/35R21 GOODYEAR ULTRAGRIP PERFORMANCE 3 rehvi \u2013 optimeeritud k\u00f5rgj\u00f5udlusega s\u00f5idutingimusteks, pakkudes erakordset haarduvust ja stabiilsust nii kuival kui ka m\u00e4rjal teel. See XL klassi rehv, mille koormusindeks on 103 ja kiirusmarkatsioon V, tagab kindla k\u00e4itumise ka n\u00f5udlikes s\u00f5iduoludes. Innovatiivne Studless tehnoloogia loob usaldusv\u00e4\u00e4rse haarduvuse ilma metallist k\u00fchvituteta, pakkudes pikendatud rehvielektrit ja paremat k\u00fctuses\u00e4\u00e4stu. [&hellip;]<\/p>\n","protected":false},"featured_media":122078,"template":"","meta":{"site-sidebar-layout":"default","site-content-layout":"","ast-site-content-layout":"","site-content-style":"default","site-sidebar-style":"default","ast-global-header-display":"","ast-banner-title-visibility":"","ast-main-header-display":"","ast-hfb-above-header-display":"","ast-hfb-below-header-display":"","ast-hfb-mobile-header-display":"","site-post-title":"","ast-breadcrumbs-content":"","ast-featured-img":"","footer-sml-layout":"","theme-transparent-header-meta":"","adv-header-id-meta":"","stick-header-meta":"","header-above-stick-meta":"","header-main-stick-meta":"","header-below-stick-meta":"","astra-migrate-meta-layouts":"default","ast-page-background-enabled":"default","ast-page-background-meta":{"desktop":{"background-color":"","background-image":"","background-repeat":"repeat","background-position":"center center","background-size":"auto","background-attachment":"scroll","background-type":"","background-media":"","overlay-type":"","overlay-color":"","overlay-opacity":"","overlay-gradient":""},"tablet":{"background-color":"","background-image":"","background-repeat":"repeat","background-position":"center center","background-size":"auto","background-attachment":"scroll","background-type":"","background-media":"","overlay-type":"","overlay-color":"","overlay-opacity":"","overlay-gradient":""},"mobile":{"background-color":"","background-image":"","background-repeat":"repeat","background-position":"center center","background-size":"auto","background-attachment":"scroll","background-type":"","background-media":"","overlay-type":"","overlay-color":"","overlay-opacity":"","overlay-gradient":""}},"ast-content-background-meta":{"desktop":{"background-color":"var(--ast-global-color-5)","background-image":"","background-repeat":"repeat","background-position":"center center","background-size":"auto","background-attachment":"scroll","background-type":"","background-media":"","overlay-type":"","overlay-color":"","overlay-opacity":"","overlay-gradient":""},"tablet":{"background-color":"var(--ast-global-color-5)","background-image":"","background-repeat":"repeat","background-position":"center center","background-size":"auto","background-attachment":"scroll","background-type":"","background-media":"","overlay-type":"","overlay-color":"","overlay-opacity":"","overlay-gradient":""},"mobile":{"background-color":"var(--ast-global-color-5)","background-image":"","background-repeat":"repeat","background-position":"center center","background-size":"auto","background-attachment":"scroll","background-type":"","background-media":"","overlay-type":"","overlay-color":"","overlay-opacity":"","overlay-gradient":""}}},"product_brand":[],"product_cat":[34228],"product_tag":[],"pa_brand_name":[17979],"class_list":{"0":"post-120026","1":"product","2":"type-product","3":"status-publish","4":"has-post-thumbnail","6":"product_cat-winter-tires-friction","7":"pa_brand_name-goodyear","8":"desktop-align-left","9":"tablet-align-left","10":"mobile-align-left","12":"first","13":"outofstock","14":"taxable","15":"shipping-taxable","16":"purchasable","17":"product-type-simple"},"_links":{"self":[{"href":"https:\/\/shop.rettum.ee\/en\/wp-json\/wp\/v2\/product\/120026","targetHints":{"allow":["GET"]}}],"collection":[{"href":"https:\/\/shop.rettum.ee\/en\/wp-json\/wp\/v2\/product"}],"about":[{"href":"https:\/\/shop.rettum.ee\/en\/wp-json\/wp\/v2\/types\/product"}],"version-history":[{"count":1,"href":"https:\/\/shop.rettum.ee\/en\/wp-json\/wp\/v2\/product\/120026\/revisions"}],"predecessor-version":[{"id":126477,"href":"https:\/\/shop.rettum.ee\/en\/wp-json\/wp\/v2\/product\/120026\/revisions\/126477"}],"wp:featuredmedia":[{"embeddable":true,"href":"https:\/\/shop.rettum.ee\/en\/wp-json\/wp\/v2\/media\/122078"}],"wp:attachment":[{"href":"https:\/\/shop.rettum.ee\/en\/wp-json\/wp\/v2\/media?parent=120026"}],"wp:term":[{"taxonomy":"product_brand","embeddable":true,"href":"https:\/\/shop.rettum.ee\/en\/wp-json\/wp\/v2\/product_brand?post=120026"},{"taxonomy":"product_cat","embeddable":true,"href":"https:\/\/shop.rettum.ee\/en\/wp-json\/wp\/v2\/product_cat?post=120026"},{"taxonomy":"product_tag","embeddable":true,"href":"https:\/\/shop.rettum.ee\/en\/wp-json\/wp\/v2\/product_tag?post=120026"},{"taxonomy":"pa_brand_name","embeddable":true,"href":"https:\/\/shop.rettum.ee\/en\/wp-json\/wp\/v2\/pa_brand_name?post=120026"}],"curies":[{"name":"wp","href":"https:\/\/api.w.org\/{rel}","templated":true}]}}