{"id":120028,"date":"2025-03-31T02:57:21","date_gmt":"2025-03-30T23:57:21","guid":{"rendered":"https:\/\/shop.rettum.ee\/toode\/305-35r21-goodyear-ultragrip-performance-3-109v-xl-fp-studless-cca72-3pmsf-ms\/"},"modified":"2026-03-22T03:12:43","modified_gmt":"2026-03-22T01:12:43","slug":"305-35r21-goodyear-ultragrip-performance-3-109v-xl-fp-studless-cca72-3pmsf-ms","status":"publish","type":"product","link":"https:\/\/shop.rettum.ee\/en\/product\/305-35r21-goodyear-ultragrip-performance-3-109v-xl-fp-studless-cca72-3pmsf-ms\/","title":{"rendered":"305\/35R21 GOODYEAR ULTRAGRIP PERFORMANCE 3 109V XL FP Studless CCA72 3PMSF M+S"},"content":{"rendered":"<p>305\/35R21 GOODYEAR ULTRAGRIP PERFORMANCE 3 XL FP Studless CCA72 3PMSF M+S on suunatud juhtidele, kes ei tee kompromisse ohutuse ja j\u00f5udluse osas. See rehv sobib ideaalselt k\u00f5rgj\u00f5udlusega s\u00f5idukitele, pakkudes erakordset haardumist nii m\u00e4rgel kui kuival teel. T\u00e4nu tipptasemel disainile ja innovatiivsetele materjalidele tagab rehv suurep\u00e4rase veeret\u00f5hususe, optimaalse pidamise ning stabiilsuse ka n\u00f5udlikel s\u00f5idutingimustel.<\/p>\n<p>Rehvi 3PMSF ja M+S klassifikatsioonid kinnitavad selle sobivust ka k\u00fclmemateks ja libedateks oludeks, pakkudes kindlustatult turvalist s\u00f5itu ka talvistes tingimustes. XL versioon t\u00e4hendab lisakoormustaluvust, v\u00f5imaldades autol s\u00e4ilitada maksimaalse j\u00f5udluse ka intensiivse s\u00f5idu puhul. Kiiruseindeks 109V n\u00e4itab rehvi suutlikkust s\u00e4ilitada suurep\u00e4rane juhitavus ka k\u00f5rgetel kiirustel.<\/p>\n<p>GOODYEAR ULTRAGRIP PERFORMANCE 3 XL FP Studless \u00fchendab innovatsiooni ja usaldusv\u00e4\u00e4rsuse, pakkudes s\u00f5idukile parimat v\u00f5imalikku kontakti ja kindlat stabiilsust erinevates ilmastikutingimustes. Valides selle rehvi, tagad oma s\u00f5idule k\u00f5rgeima turvalisuse ja mootori efektiivsuse, olenemata teekonnast ja ilmast.<\/p>","protected":false},"excerpt":{"rendered":"<p>305\/35R21 GOODYEAR ULTRAGRIP PERFORMANCE 3 XL FP Studless CCA72 3PMSF M+S on suunatud juhtidele, kes ei tee kompromisse ohutuse ja j\u00f5udluse osas. See rehv sobib ideaalselt k\u00f5rgj\u00f5udlusega s\u00f5idukitele, pakkudes erakordset haardumist nii m\u00e4rgel kui kuival teel. T\u00e4nu tipptasemel disainile ja innovatiivsetele materjalidele tagab rehv suurep\u00e4rase veeret\u00f5hususe, optimaalse pidamise ning stabiilsuse ka n\u00f5udlikel s\u00f5idutingimustel. Rehvi 3PMSF [&hellip;]<\/p>\n","protected":false},"featured_media":122078,"template":"","meta":{"site-sidebar-layout":"default","site-content-layout":"","ast-site-content-layout":"","site-content-style":"default","site-sidebar-style":"default","ast-global-header-display":"","ast-banner-title-visibility":"","ast-main-header-display":"","ast-hfb-above-header-display":"","ast-hfb-below-header-display":"","ast-hfb-mobile-header-display":"","site-post-title":"","ast-breadcrumbs-content":"","ast-featured-img":"","footer-sml-layout":"","theme-transparent-header-meta":"","adv-header-id-meta":"","stick-header-meta":"","header-above-stick-meta":"","header-main-stick-meta":"","header-below-stick-meta":"","astra-migrate-meta-layouts":"default","ast-page-background-enabled":"default","ast-page-background-meta":{"desktop":{"background-color":"","background-image":"","background-repeat":"repeat","background-position":"center center","background-size":"auto","background-attachment":"scroll","background-type":"","background-media":"","overlay-type":"","overlay-color":"","overlay-opacity":"","overlay-gradient":""},"tablet":{"background-color":"","background-image":"","background-repeat":"repeat","background-position":"center center","background-size":"auto","background-attachment":"scroll","background-type":"","background-media":"","overlay-type":"","overlay-color":"","overlay-opacity":"","overlay-gradient":""},"mobile":{"background-color":"","background-image":"","background-repeat":"repeat","background-position":"center center","background-size":"auto","background-attachment":"scroll","background-type":"","background-media":"","overlay-type":"","overlay-color":"","overlay-opacity":"","overlay-gradient":""}},"ast-content-background-meta":{"desktop":{"background-color":"var(--ast-global-color-5)","background-image":"","background-repeat":"repeat","background-position":"center center","background-size":"auto","background-attachment":"scroll","background-type":"","background-media":"","overlay-type":"","overlay-color":"","overlay-opacity":"","overlay-gradient":""},"tablet":{"background-color":"var(--ast-global-color-5)","background-image":"","background-repeat":"repeat","background-position":"center center","background-size":"auto","background-attachment":"scroll","background-type":"","background-media":"","overlay-type":"","overlay-color":"","overlay-opacity":"","overlay-gradient":""},"mobile":{"background-color":"var(--ast-global-color-5)","background-image":"","background-repeat":"repeat","background-position":"center center","background-size":"auto","background-attachment":"scroll","background-type":"","background-media":"","overlay-type":"","overlay-color":"","overlay-opacity":"","overlay-gradient":""}}},"product_brand":[],"product_cat":[34228],"product_tag":[],"pa_brand_name":[17979],"class_list":{"0":"post-120028","1":"product","2":"type-product","3":"status-publish","4":"has-post-thumbnail","6":"product_cat-winter-tires-friction","7":"pa_brand_name-goodyear","8":"desktop-align-left","9":"tablet-align-left","10":"mobile-align-left","12":"first","13":"outofstock","14":"taxable","15":"shipping-taxable","16":"purchasable","17":"product-type-simple"},"_links":{"self":[{"href":"https:\/\/shop.rettum.ee\/en\/wp-json\/wp\/v2\/product\/120028","targetHints":{"allow":["GET"]}}],"collection":[{"href":"https:\/\/shop.rettum.ee\/en\/wp-json\/wp\/v2\/product"}],"about":[{"href":"https:\/\/shop.rettum.ee\/en\/wp-json\/wp\/v2\/types\/product"}],"version-history":[{"count":1,"href":"https:\/\/shop.rettum.ee\/en\/wp-json\/wp\/v2\/product\/120028\/revisions"}],"predecessor-version":[{"id":126475,"href":"https:\/\/shop.rettum.ee\/en\/wp-json\/wp\/v2\/product\/120028\/revisions\/126475"}],"wp:featuredmedia":[{"embeddable":true,"href":"https:\/\/shop.rettum.ee\/en\/wp-json\/wp\/v2\/media\/122078"}],"wp:attachment":[{"href":"https:\/\/shop.rettum.ee\/en\/wp-json\/wp\/v2\/media?parent=120028"}],"wp:term":[{"taxonomy":"product_brand","embeddable":true,"href":"https:\/\/shop.rettum.ee\/en\/wp-json\/wp\/v2\/product_brand?post=120028"},{"taxonomy":"product_cat","embeddable":true,"href":"https:\/\/shop.rettum.ee\/en\/wp-json\/wp\/v2\/product_cat?post=120028"},{"taxonomy":"product_tag","embeddable":true,"href":"https:\/\/shop.rettum.ee\/en\/wp-json\/wp\/v2\/product_tag?post=120028"},{"taxonomy":"pa_brand_name","embeddable":true,"href":"https:\/\/shop.rettum.ee\/en\/wp-json\/wp\/v2\/pa_brand_name?post=120028"}],"curies":[{"name":"wp","href":"https:\/\/api.w.org\/{rel}","templated":true}]}}