{"id":120030,"date":"2025-03-31T02:57:22","date_gmt":"2025-03-30T23:57:22","guid":{"rendered":"https:\/\/shop.rettum.ee\/toode\/315-30r21-goodyear-ultragrip-performance-3-105w-xl-fp-studless-cca72-3pmsf-ms\/"},"modified":"2026-03-22T03:03:33","modified_gmt":"2026-03-22T01:03:33","slug":"315-30r21-goodyear-ultragrip-performance-3-105w-xl-fp-studless-cca72-3pmsf-ms","status":"publish","type":"product","link":"https:\/\/shop.rettum.ee\/en\/product\/315-30r21-goodyear-ultragrip-performance-3-105w-xl-fp-studless-cca72-3pmsf-ms\/","title":{"rendered":"315\/30R21 GOODYEAR ULTRAGRIP PERFORMANCE 3 105W XL FP Studless CCA72 3PMSF M+S"},"content":{"rendered":"<p>Tutvustame Goodyear UltraGrip Performance 3 rehvi m\u00f5\u00f5tmetega 315\/30R21 \u2013 tipptasemel valik n\u00f5udlikele s\u00f5idutingimustele. Selle XL-klassiga rehvi disain on loodud pakkuma erakordset haaret nii kuivadel kui ka m\u00e4rgadel teedel. Erilist t\u00e4helepanu on p\u00f6\u00f6ratud ohutusele ja s\u00f5iduomadustele, mis v\u00f5imaldavad autol s\u00e4ilitada stabiilsuse ja vastupidavuse k\u00f5rgetel kiirustel ning ekstreemsetes ilmastikuoludes.<\/p>\n<p>Rehv on varustatud tehnoloogiatega, mis tagavad kiired reageerimisaegad ja suurep\u00e4rase juhitavuse. 105W m\u00e4rgis kinnitab rehvi v\u00f5imekust k\u00f5rgsurve ja kiirete s\u00f5idutingimuste puhul, pakkudes samal ajal ideaalset j\u00f5udlust igap\u00e4evasteks s\u00f5itudeks. Lisaks M+S ning 3PMSF m\u00e4rgised t\u00f5endavad rehvi usaldusv\u00e4\u00e4rsust ka lumistel ja mudastel teedel, muutes selle erakordselt mitmek\u00fclgseks ja turvaliseks s\u00f5idukaks.<\/p>\n<p>Goodyear UltraGrip Performance 3 on loodud neile, kes hindavad kvaliteeti, innovatsiooni ja tipptasemel j\u00f5udlust. Valides selle rehvi, saad nautida sujuvat, turvalist ja t\u00e4pset s\u00f5iduomadust igas olukorras.<\/p>","protected":false},"excerpt":{"rendered":"<p>Tutvustame Goodyear UltraGrip Performance 3 rehvi m\u00f5\u00f5tmetega 315\/30R21 \u2013 tipptasemel valik n\u00f5udlikele s\u00f5idutingimustele. Selle XL-klassiga rehvi disain on loodud pakkuma erakordset haaret nii kuivadel kui ka m\u00e4rgadel teedel. Erilist t\u00e4helepanu on p\u00f6\u00f6ratud ohutusele ja s\u00f5iduomadustele, mis v\u00f5imaldavad autol s\u00e4ilitada stabiilsuse ja vastupidavuse k\u00f5rgetel kiirustel ning ekstreemsetes ilmastikuoludes. Rehv on varustatud tehnoloogiatega, mis tagavad kiired reageerimisaegad [&hellip;]<\/p>\n","protected":false},"featured_media":122078,"template":"","meta":{"site-sidebar-layout":"default","site-content-layout":"","ast-site-content-layout":"","site-content-style":"default","site-sidebar-style":"default","ast-global-header-display":"","ast-banner-title-visibility":"","ast-main-header-display":"","ast-hfb-above-header-display":"","ast-hfb-below-header-display":"","ast-hfb-mobile-header-display":"","site-post-title":"","ast-breadcrumbs-content":"","ast-featured-img":"","footer-sml-layout":"","theme-transparent-header-meta":"","adv-header-id-meta":"","stick-header-meta":"","header-above-stick-meta":"","header-main-stick-meta":"","header-below-stick-meta":"","astra-migrate-meta-layouts":"default","ast-page-background-enabled":"default","ast-page-background-meta":{"desktop":{"background-color":"","background-image":"","background-repeat":"repeat","background-position":"center center","background-size":"auto","background-attachment":"scroll","background-type":"","background-media":"","overlay-type":"","overlay-color":"","overlay-opacity":"","overlay-gradient":""},"tablet":{"background-color":"","background-image":"","background-repeat":"repeat","background-position":"center center","background-size":"auto","background-attachment":"scroll","background-type":"","background-media":"","overlay-type":"","overlay-color":"","overlay-opacity":"","overlay-gradient":""},"mobile":{"background-color":"","background-image":"","background-repeat":"repeat","background-position":"center center","background-size":"auto","background-attachment":"scroll","background-type":"","background-media":"","overlay-type":"","overlay-color":"","overlay-opacity":"","overlay-gradient":""}},"ast-content-background-meta":{"desktop":{"background-color":"var(--ast-global-color-5)","background-image":"","background-repeat":"repeat","background-position":"center center","background-size":"auto","background-attachment":"scroll","background-type":"","background-media":"","overlay-type":"","overlay-color":"","overlay-opacity":"","overlay-gradient":""},"tablet":{"background-color":"var(--ast-global-color-5)","background-image":"","background-repeat":"repeat","background-position":"center center","background-size":"auto","background-attachment":"scroll","background-type":"","background-media":"","overlay-type":"","overlay-color":"","overlay-opacity":"","overlay-gradient":""},"mobile":{"background-color":"var(--ast-global-color-5)","background-image":"","background-repeat":"repeat","background-position":"center center","background-size":"auto","background-attachment":"scroll","background-type":"","background-media":"","overlay-type":"","overlay-color":"","overlay-opacity":"","overlay-gradient":""}}},"product_brand":[],"product_cat":[34228],"product_tag":[],"pa_brand_name":[17979],"class_list":{"0":"post-120030","1":"product","2":"type-product","3":"status-publish","4":"has-post-thumbnail","6":"product_cat-winter-tires-friction","7":"pa_brand_name-goodyear","8":"desktop-align-left","9":"tablet-align-left","10":"mobile-align-left","12":"first","13":"outofstock","14":"taxable","15":"shipping-taxable","16":"purchasable","17":"product-type-simple"},"_links":{"self":[{"href":"https:\/\/shop.rettum.ee\/en\/wp-json\/wp\/v2\/product\/120030","targetHints":{"allow":["GET"]}}],"collection":[{"href":"https:\/\/shop.rettum.ee\/en\/wp-json\/wp\/v2\/product"}],"about":[{"href":"https:\/\/shop.rettum.ee\/en\/wp-json\/wp\/v2\/types\/product"}],"version-history":[{"count":1,"href":"https:\/\/shop.rettum.ee\/en\/wp-json\/wp\/v2\/product\/120030\/revisions"}],"predecessor-version":[{"id":126474,"href":"https:\/\/shop.rettum.ee\/en\/wp-json\/wp\/v2\/product\/120030\/revisions\/126474"}],"wp:featuredmedia":[{"embeddable":true,"href":"https:\/\/shop.rettum.ee\/en\/wp-json\/wp\/v2\/media\/122078"}],"wp:attachment":[{"href":"https:\/\/shop.rettum.ee\/en\/wp-json\/wp\/v2\/media?parent=120030"}],"wp:term":[{"taxonomy":"product_brand","embeddable":true,"href":"https:\/\/shop.rettum.ee\/en\/wp-json\/wp\/v2\/product_brand?post=120030"},{"taxonomy":"product_cat","embeddable":true,"href":"https:\/\/shop.rettum.ee\/en\/wp-json\/wp\/v2\/product_cat?post=120030"},{"taxonomy":"product_tag","embeddable":true,"href":"https:\/\/shop.rettum.ee\/en\/wp-json\/wp\/v2\/product_tag?post=120030"},{"taxonomy":"pa_brand_name","embeddable":true,"href":"https:\/\/shop.rettum.ee\/en\/wp-json\/wp\/v2\/pa_brand_name?post=120030"}],"curies":[{"name":"wp","href":"https:\/\/api.w.org\/{rel}","templated":true}]}}