{"id":120036,"date":"2025-03-31T02:57:26","date_gmt":"2025-03-30T23:57:26","guid":{"rendered":"https:\/\/shop.rettum.ee\/toode\/235-50r19-dunlop-all-season-2-103w-xl-mfs-ccb71-3pmsf-ms\/"},"modified":"2026-03-17T02:45:25","modified_gmt":"2026-03-17T00:45:25","slug":"235-50r19-dunlop-all-season-2-103w-xl-mfs-ccb71-3pmsf-ms","status":"publish","type":"product","link":"https:\/\/shop.rettum.ee\/en\/product\/235-50r19-dunlop-all-season-2-103w-xl-mfs-ccb71-3pmsf-ms\/","title":{"rendered":"235\/50R19 DUNLOP ALL SEASON 2 103W XL MFS CCB71 3PMSF M+S"},"content":{"rendered":"<p>DUNLOP ALL SEASON 2 235\/50R19 on mitmek\u00fclgne ja usaldusv\u00e4\u00e4rne rehviv\u00f5imalus, mis tagab ohutu ja mugava s\u00f5idukogemuse aastaringi. Selle XL-konstruktsioon ning 103W kande- ja kiirusindeks v\u00f5imaldavad s\u00f5ita nii igap\u00e4evaselt kui ka keerulistes oludes, pakkudes maksimaalset stabiilsust ja tahutavust. Rehvi tehnoloogilised lahendused, nagu M+S ja 3PMSF m\u00e4rgised, tagavad suurep\u00e4rase haarde ning j\u00f5udluse nii mudas, lumises kui ka niiskes teel. DUNLOP ALL SEASON 2 disain ja materjalide kvaliteet on v\u00e4lja t\u00f6\u00f6tatud, et pakkuda pikaajalist vastupidavust ning v\u00e4hendada kulumist, muutes selle ideaaliks n\u00f5udlikele autojuhile ja peredele, kes hindavad rekreatsiivset s\u00f5idukogemust aastaringselt. Uuenduslik mustring tagab optimaalse veoj\u00f5u ja ohutuse k\u00f5ikides k\u00fctseoludes, v\u00f5imaldades talvel kindlat s\u00f5itu ning suvel stiilset ja toetavat juhitavust. See rehviv\u00f5imalus vastab t\u00e4nap\u00e4evastele n\u00f5uetele, \u00fchendades j\u00f5udluse ja ohutuse \u2013 ideaalne valik igaks s\u00f5iduteekonnaks.<\/p>","protected":false},"excerpt":{"rendered":"<p>DUNLOP ALL SEASON 2 235\/50R19 on mitmek\u00fclgne ja usaldusv\u00e4\u00e4rne rehviv\u00f5imalus, mis tagab ohutu ja mugava s\u00f5idukogemuse aastaringi. Selle XL-konstruktsioon ning 103W kande- ja kiirusindeks v\u00f5imaldavad s\u00f5ita nii igap\u00e4evaselt kui ka keerulistes oludes, pakkudes maksimaalset stabiilsust ja tahutavust. Rehvi tehnoloogilised lahendused, nagu M+S ja 3PMSF m\u00e4rgised, tagavad suurep\u00e4rase haarde ning j\u00f5udluse nii mudas, lumises kui ka [&hellip;]<\/p>\n","protected":false},"featured_media":122065,"template":"","meta":{"site-sidebar-layout":"default","site-content-layout":"","ast-site-content-layout":"","site-content-style":"default","site-sidebar-style":"default","ast-global-header-display":"","ast-banner-title-visibility":"","ast-main-header-display":"","ast-hfb-above-header-display":"","ast-hfb-below-header-display":"","ast-hfb-mobile-header-display":"","site-post-title":"","ast-breadcrumbs-content":"","ast-featured-img":"","footer-sml-layout":"","theme-transparent-header-meta":"","adv-header-id-meta":"","stick-header-meta":"","header-above-stick-meta":"","header-main-stick-meta":"","header-below-stick-meta":"","astra-migrate-meta-layouts":"default","ast-page-background-enabled":"default","ast-page-background-meta":{"desktop":{"background-color":"","background-image":"","background-repeat":"repeat","background-position":"center center","background-size":"auto","background-attachment":"scroll","background-type":"","background-media":"","overlay-type":"","overlay-color":"","overlay-opacity":"","overlay-gradient":""},"tablet":{"background-color":"","background-image":"","background-repeat":"repeat","background-position":"center center","background-size":"auto","background-attachment":"scroll","background-type":"","background-media":"","overlay-type":"","overlay-color":"","overlay-opacity":"","overlay-gradient":""},"mobile":{"background-color":"","background-image":"","background-repeat":"repeat","background-position":"center center","background-size":"auto","background-attachment":"scroll","background-type":"","background-media":"","overlay-type":"","overlay-color":"","overlay-opacity":"","overlay-gradient":""}},"ast-content-background-meta":{"desktop":{"background-color":"var(--ast-global-color-5)","background-image":"","background-repeat":"repeat","background-position":"center center","background-size":"auto","background-attachment":"scroll","background-type":"","background-media":"","overlay-type":"","overlay-color":"","overlay-opacity":"","overlay-gradient":""},"tablet":{"background-color":"var(--ast-global-color-5)","background-image":"","background-repeat":"repeat","background-position":"center center","background-size":"auto","background-attachment":"scroll","background-type":"","background-media":"","overlay-type":"","overlay-color":"","overlay-opacity":"","overlay-gradient":""},"mobile":{"background-color":"var(--ast-global-color-5)","background-image":"","background-repeat":"repeat","background-position":"center center","background-size":"auto","background-attachment":"scroll","background-type":"","background-media":"","overlay-type":"","overlay-color":"","overlay-opacity":"","overlay-gradient":""}}},"product_brand":[],"product_cat":[34230],"product_tag":[],"pa_brand_name":[18236],"class_list":{"0":"post-120036","1":"product","2":"type-product","3":"status-publish","4":"has-post-thumbnail","6":"product_cat-all-season-pcr-2","7":"pa_brand_name-dunlop","8":"desktop-align-left","9":"tablet-align-left","10":"mobile-align-left","12":"first","13":"outofstock","14":"taxable","15":"shipping-taxable","16":"purchasable","17":"product-type-simple"},"_links":{"self":[{"href":"https:\/\/shop.rettum.ee\/en\/wp-json\/wp\/v2\/product\/120036","targetHints":{"allow":["GET"]}}],"collection":[{"href":"https:\/\/shop.rettum.ee\/en\/wp-json\/wp\/v2\/product"}],"about":[{"href":"https:\/\/shop.rettum.ee\/en\/wp-json\/wp\/v2\/types\/product"}],"version-history":[{"count":1,"href":"https:\/\/shop.rettum.ee\/en\/wp-json\/wp\/v2\/product\/120036\/revisions"}],"predecessor-version":[{"id":126472,"href":"https:\/\/shop.rettum.ee\/en\/wp-json\/wp\/v2\/product\/120036\/revisions\/126472"}],"wp:featuredmedia":[{"embeddable":true,"href":"https:\/\/shop.rettum.ee\/en\/wp-json\/wp\/v2\/media\/122065"}],"wp:attachment":[{"href":"https:\/\/shop.rettum.ee\/en\/wp-json\/wp\/v2\/media?parent=120036"}],"wp:term":[{"taxonomy":"product_brand","embeddable":true,"href":"https:\/\/shop.rettum.ee\/en\/wp-json\/wp\/v2\/product_brand?post=120036"},{"taxonomy":"product_cat","embeddable":true,"href":"https:\/\/shop.rettum.ee\/en\/wp-json\/wp\/v2\/product_cat?post=120036"},{"taxonomy":"product_tag","embeddable":true,"href":"https:\/\/shop.rettum.ee\/en\/wp-json\/wp\/v2\/product_tag?post=120036"},{"taxonomy":"pa_brand_name","embeddable":true,"href":"https:\/\/shop.rettum.ee\/en\/wp-json\/wp\/v2\/pa_brand_name?post=120036"}],"curies":[{"name":"wp","href":"https:\/\/api.w.org\/{rel}","templated":true}]}}