{"id":120042,"date":"2025-03-31T02:57:30","date_gmt":"2025-03-30T23:57:30","guid":{"rendered":"https:\/\/shop.rettum.ee\/toode\/255-50r19-goodyear-vector-4seasons-gen-3-107t-xl-fp-ccb72-3pmsf-ms\/"},"modified":"2026-03-22T03:03:34","modified_gmt":"2026-03-22T01:03:34","slug":"255-50r19-goodyear-vector-4seasons-gen-3-107t-xl-fp-ccb72-3pmsf-ms","status":"publish","type":"product","link":"https:\/\/shop.rettum.ee\/en\/product\/255-50r19-goodyear-vector-4seasons-gen-3-107t-xl-fp-ccb72-3pmsf-ms\/","title":{"rendered":"255\/50R19 GOODYEAR VECTOR 4SEASONS GEN 3 107T XL FP CCB72 3PMSF M+S"},"content":{"rendered":"<p>Tutvustame uut Goodyear VECTOR 4SEASONS GEN 3 rehvi, mis on loodud pakkuma tipptasemel s\u00f5iduohutust ja -mugavust igas ilmastikutingimustes. Rehvi m\u00f5\u00f5tmed 255\/50R19 ja klassifitseering 107T XL tagavad tugeva koormuskindluse ning usaldusv\u00e4\u00e4rse s\u00f5iduk\u00e4itumise nii kiirus- kui ka t\u00e4iendava koormusklassiga s\u00f5idukite jaoks. <\/p>\n<p>T\u00e4nu 3PMSF s\u00fcmbolile ja M+S tehnoloogiale on see rehv sertifitseeritud raskemate talveolude jaoks, pakkudes suurep\u00e4rast haarduvust nii lumel, porisel kui ka m\u00e4rgal teel. Goodyeari kaasaegne disain ja innovatiivsed materjalid tagavad optimaalse veoj\u00f5u ning madala veeretakistuse, mis omakorda soodustab k\u00fctuses\u00e4\u00e4stu ja keskkonnas\u00f5bralikkust.<\/p>\n<p>VECTOR 4SEASONS GEN 3 on ideaalne valik neile, kes hindavad turvalist ja kindlat s\u00f5itu aasta igas etapis, pakkudes silmapaistvat stabiilsust ja enesekindlust erinevates tee- ja ilmastikutingimustes. Valides selle rehviga varustatud rataste komplekti, investeerite oma s\u00f5idukisse ja ohutusse, nautides igat kilomeetrit!<\/p>","protected":false},"excerpt":{"rendered":"<p>Tutvustame uut Goodyear VECTOR 4SEASONS GEN 3 rehvi, mis on loodud pakkuma tipptasemel s\u00f5iduohutust ja -mugavust igas ilmastikutingimustes. Rehvi m\u00f5\u00f5tmed 255\/50R19 ja klassifitseering 107T XL tagavad tugeva koormuskindluse ning usaldusv\u00e4\u00e4rse s\u00f5iduk\u00e4itumise nii kiirus- kui ka t\u00e4iendava koormusklassiga s\u00f5idukite jaoks. T\u00e4nu 3PMSF s\u00fcmbolile ja M+S tehnoloogiale on see rehv sertifitseeritud raskemate talveolude jaoks, pakkudes suurep\u00e4rast haarduvust [&hellip;]<\/p>\n","protected":false},"featured_media":122093,"template":"","meta":{"site-sidebar-layout":"default","site-content-layout":"","ast-site-content-layout":"","site-content-style":"default","site-sidebar-style":"default","ast-global-header-display":"","ast-banner-title-visibility":"","ast-main-header-display":"","ast-hfb-above-header-display":"","ast-hfb-below-header-display":"","ast-hfb-mobile-header-display":"","site-post-title":"","ast-breadcrumbs-content":"","ast-featured-img":"","footer-sml-layout":"","theme-transparent-header-meta":"","adv-header-id-meta":"","stick-header-meta":"","header-above-stick-meta":"","header-main-stick-meta":"","header-below-stick-meta":"","astra-migrate-meta-layouts":"default","ast-page-background-enabled":"default","ast-page-background-meta":{"desktop":{"background-color":"","background-image":"","background-repeat":"repeat","background-position":"center center","background-size":"auto","background-attachment":"scroll","background-type":"","background-media":"","overlay-type":"","overlay-color":"","overlay-opacity":"","overlay-gradient":""},"tablet":{"background-color":"","background-image":"","background-repeat":"repeat","background-position":"center center","background-size":"auto","background-attachment":"scroll","background-type":"","background-media":"","overlay-type":"","overlay-color":"","overlay-opacity":"","overlay-gradient":""},"mobile":{"background-color":"","background-image":"","background-repeat":"repeat","background-position":"center center","background-size":"auto","background-attachment":"scroll","background-type":"","background-media":"","overlay-type":"","overlay-color":"","overlay-opacity":"","overlay-gradient":""}},"ast-content-background-meta":{"desktop":{"background-color":"var(--ast-global-color-5)","background-image":"","background-repeat":"repeat","background-position":"center center","background-size":"auto","background-attachment":"scroll","background-type":"","background-media":"","overlay-type":"","overlay-color":"","overlay-opacity":"","overlay-gradient":""},"tablet":{"background-color":"var(--ast-global-color-5)","background-image":"","background-repeat":"repeat","background-position":"center center","background-size":"auto","background-attachment":"scroll","background-type":"","background-media":"","overlay-type":"","overlay-color":"","overlay-opacity":"","overlay-gradient":""},"mobile":{"background-color":"var(--ast-global-color-5)","background-image":"","background-repeat":"repeat","background-position":"center center","background-size":"auto","background-attachment":"scroll","background-type":"","background-media":"","overlay-type":"","overlay-color":"","overlay-opacity":"","overlay-gradient":""}}},"product_brand":[],"product_cat":[34230],"product_tag":[],"pa_brand_name":[17979],"class_list":{"0":"post-120042","1":"product","2":"type-product","3":"status-publish","4":"has-post-thumbnail","6":"product_cat-all-season-pcr-2","7":"pa_brand_name-goodyear","8":"desktop-align-left","9":"tablet-align-left","10":"mobile-align-left","12":"first","13":"outofstock","14":"taxable","15":"shipping-taxable","16":"purchasable","17":"product-type-simple"},"_links":{"self":[{"href":"https:\/\/shop.rettum.ee\/en\/wp-json\/wp\/v2\/product\/120042","targetHints":{"allow":["GET"]}}],"collection":[{"href":"https:\/\/shop.rettum.ee\/en\/wp-json\/wp\/v2\/product"}],"about":[{"href":"https:\/\/shop.rettum.ee\/en\/wp-json\/wp\/v2\/types\/product"}],"version-history":[{"count":1,"href":"https:\/\/shop.rettum.ee\/en\/wp-json\/wp\/v2\/product\/120042\/revisions"}],"predecessor-version":[{"id":126471,"href":"https:\/\/shop.rettum.ee\/en\/wp-json\/wp\/v2\/product\/120042\/revisions\/126471"}],"wp:featuredmedia":[{"embeddable":true,"href":"https:\/\/shop.rettum.ee\/en\/wp-json\/wp\/v2\/media\/122093"}],"wp:attachment":[{"href":"https:\/\/shop.rettum.ee\/en\/wp-json\/wp\/v2\/media?parent=120042"}],"wp:term":[{"taxonomy":"product_brand","embeddable":true,"href":"https:\/\/shop.rettum.ee\/en\/wp-json\/wp\/v2\/product_brand?post=120042"},{"taxonomy":"product_cat","embeddable":true,"href":"https:\/\/shop.rettum.ee\/en\/wp-json\/wp\/v2\/product_cat?post=120042"},{"taxonomy":"product_tag","embeddable":true,"href":"https:\/\/shop.rettum.ee\/en\/wp-json\/wp\/v2\/product_tag?post=120042"},{"taxonomy":"pa_brand_name","embeddable":true,"href":"https:\/\/shop.rettum.ee\/en\/wp-json\/wp\/v2\/pa_brand_name?post=120042"}],"curies":[{"name":"wp","href":"https:\/\/api.w.org\/{rel}","templated":true}]}}