{"id":120047,"date":"2025-03-31T02:57:33","date_gmt":"2025-03-30T23:57:33","guid":{"rendered":"https:\/\/shop.rettum.ee\/toode\/255-45r20-goodyear-vector-4seasons-gen-3-105t-xl-fp-cbb72-3pmsf-ms\/"},"modified":"2026-01-20T02:45:43","modified_gmt":"2026-01-20T00:45:43","slug":"255-45r20-goodyear-vector-4seasons-gen-3-105t-xl-fp-cbb72-3pmsf-ms","status":"publish","type":"product","link":"https:\/\/shop.rettum.ee\/en\/product\/255-45r20-goodyear-vector-4seasons-gen-3-105t-xl-fp-cbb72-3pmsf-ms\/","title":{"rendered":"255\/45R20 GOODYEAR VECTOR 4SEASONS GEN 3 105T XL FP CBB72 3PMSF M+S"},"content":{"rendered":"<p>Goodyear VECTOR 4SEASONS GEN 3 on tippklassi rehv, mis tagab suurep\u00e4rase ohutuse ja stabiilsuse igal aastaajal. Rehvim\u00f5\u00f5dud 255\/45R20 loovad ideaalse tasakaalu mugava s\u00f5idu ja sportliku reaktsiooniv\u00f5ime vahel, pakkudes kindlat haardumist nii kuival, m\u00e4rgel kui ka lumisel teel. Tunnustatud 3PMSF ja M+S m\u00e4rgistused kinnitavad selle rehvi v\u00f5imet toime tulla karmimate talviste tingimustega, pakkudes maksimaalset turvalisust k\u00fclma ja lumise ilma korral.<\/p>\n<p>Lisaks on rehvil t\u00e4iendav XL klassifitseering, mis tagab suurenenud koormusv\u00f5ime ning vastupidavuse isegi n\u00f5udlikes s\u00f5iduoludes. Kiirusklass 105T osutab rehvile sobivust nii igap\u00e4evaseks kasutamiseks kui ka sportlikumaks s\u00f5iduks, s\u00e4ilitades stabiilse ja t\u00e4pse juhitavuse k\u00f5rgetel kiirustel. Goodyeari uus, innovatiivne disain on loodud v\u00e4hendama veeretakistust, parandades seel\u00e4bi k\u00fctuses\u00e4\u00e4stlikkust ja keskkonnas\u00f5bralikkust.<\/p>\n<p>Valides Goodyear VECTOR 4SEASONS GEN 3, valid mitte ainult tipptasemel tehnoloogia ja ohutuse, vaid ka s\u00f5idumugavuse ja usaldusv\u00e4\u00e4rsuse, mis kestavad kogu aasta v\u00e4ltel.<\/p>","protected":false},"excerpt":{"rendered":"<p>Goodyear VECTOR 4SEASONS GEN 3 on tippklassi rehv, mis tagab suurep\u00e4rase ohutuse ja stabiilsuse igal aastaajal. Rehvim\u00f5\u00f5dud 255\/45R20 loovad ideaalse tasakaalu mugava s\u00f5idu ja sportliku reaktsiooniv\u00f5ime vahel, pakkudes kindlat haardumist nii kuival, m\u00e4rgel kui ka lumisel teel. Tunnustatud 3PMSF ja M+S m\u00e4rgistused kinnitavad selle rehvi v\u00f5imet toime tulla karmimate talviste tingimustega, pakkudes maksimaalset turvalisust k\u00fclma [&hellip;]<\/p>\n","protected":false},"featured_media":122093,"template":"","meta":{"site-sidebar-layout":"default","site-content-layout":"","ast-site-content-layout":"","site-content-style":"default","site-sidebar-style":"default","ast-global-header-display":"","ast-banner-title-visibility":"","ast-main-header-display":"","ast-hfb-above-header-display":"","ast-hfb-below-header-display":"","ast-hfb-mobile-header-display":"","site-post-title":"","ast-breadcrumbs-content":"","ast-featured-img":"","footer-sml-layout":"","theme-transparent-header-meta":"","adv-header-id-meta":"","stick-header-meta":"","header-above-stick-meta":"","header-main-stick-meta":"","header-below-stick-meta":"","astra-migrate-meta-layouts":"default","ast-page-background-enabled":"default","ast-page-background-meta":{"desktop":{"background-color":"","background-image":"","background-repeat":"repeat","background-position":"center center","background-size":"auto","background-attachment":"scroll","background-type":"","background-media":"","overlay-type":"","overlay-color":"","overlay-opacity":"","overlay-gradient":""},"tablet":{"background-color":"","background-image":"","background-repeat":"repeat","background-position":"center center","background-size":"auto","background-attachment":"scroll","background-type":"","background-media":"","overlay-type":"","overlay-color":"","overlay-opacity":"","overlay-gradient":""},"mobile":{"background-color":"","background-image":"","background-repeat":"repeat","background-position":"center center","background-size":"auto","background-attachment":"scroll","background-type":"","background-media":"","overlay-type":"","overlay-color":"","overlay-opacity":"","overlay-gradient":""}},"ast-content-background-meta":{"desktop":{"background-color":"var(--ast-global-color-5)","background-image":"","background-repeat":"repeat","background-position":"center center","background-size":"auto","background-attachment":"scroll","background-type":"","background-media":"","overlay-type":"","overlay-color":"","overlay-opacity":"","overlay-gradient":""},"tablet":{"background-color":"var(--ast-global-color-5)","background-image":"","background-repeat":"repeat","background-position":"center center","background-size":"auto","background-attachment":"scroll","background-type":"","background-media":"","overlay-type":"","overlay-color":"","overlay-opacity":"","overlay-gradient":""},"mobile":{"background-color":"var(--ast-global-color-5)","background-image":"","background-repeat":"repeat","background-position":"center center","background-size":"auto","background-attachment":"scroll","background-type":"","background-media":"","overlay-type":"","overlay-color":"","overlay-opacity":"","overlay-gradient":""}}},"product_brand":[],"product_cat":[34230],"product_tag":[],"pa_brand_name":[17979],"class_list":{"0":"post-120047","1":"product","2":"type-product","3":"status-publish","4":"has-post-thumbnail","6":"product_cat-all-season-pcr-2","7":"pa_brand_name-goodyear","8":"desktop-align-left","9":"tablet-align-left","10":"mobile-align-left","12":"first","13":"outofstock","14":"taxable","15":"shipping-taxable","16":"purchasable","17":"product-type-simple"},"_links":{"self":[{"href":"https:\/\/shop.rettum.ee\/en\/wp-json\/wp\/v2\/product\/120047","targetHints":{"allow":["GET"]}}],"collection":[{"href":"https:\/\/shop.rettum.ee\/en\/wp-json\/wp\/v2\/product"}],"about":[{"href":"https:\/\/shop.rettum.ee\/en\/wp-json\/wp\/v2\/types\/product"}],"version-history":[{"count":1,"href":"https:\/\/shop.rettum.ee\/en\/wp-json\/wp\/v2\/product\/120047\/revisions"}],"predecessor-version":[{"id":126470,"href":"https:\/\/shop.rettum.ee\/en\/wp-json\/wp\/v2\/product\/120047\/revisions\/126470"}],"wp:featuredmedia":[{"embeddable":true,"href":"https:\/\/shop.rettum.ee\/en\/wp-json\/wp\/v2\/media\/122093"}],"wp:attachment":[{"href":"https:\/\/shop.rettum.ee\/en\/wp-json\/wp\/v2\/media?parent=120047"}],"wp:term":[{"taxonomy":"product_brand","embeddable":true,"href":"https:\/\/shop.rettum.ee\/en\/wp-json\/wp\/v2\/product_brand?post=120047"},{"taxonomy":"product_cat","embeddable":true,"href":"https:\/\/shop.rettum.ee\/en\/wp-json\/wp\/v2\/product_cat?post=120047"},{"taxonomy":"product_tag","embeddable":true,"href":"https:\/\/shop.rettum.ee\/en\/wp-json\/wp\/v2\/product_tag?post=120047"},{"taxonomy":"pa_brand_name","embeddable":true,"href":"https:\/\/shop.rettum.ee\/en\/wp-json\/wp\/v2\/pa_brand_name?post=120047"}],"curies":[{"name":"wp","href":"https:\/\/api.w.org\/{rel}","templated":true}]}}