{"id":120069,"date":"2025-03-31T02:57:48","date_gmt":"2025-03-30T23:57:48","guid":{"rendered":"https:\/\/shop.rettum.ee\/toode\/185-55r16-bridgestone-blizzak-ice-83s-dot22-friction-3pmsf-ms\/"},"modified":"2025-07-30T02:51:45","modified_gmt":"2025-07-29T23:51:45","slug":"185-55r16-bridgestone-blizzak-ice-83s-dot22-friction-3pmsf-ms","status":"publish","type":"product","link":"https:\/\/shop.rettum.ee\/en\/product\/185-55r16-bridgestone-blizzak-ice-83s-dot22-friction-3pmsf-ms\/","title":{"rendered":"185\/55R16 BRIDGESTONE BLIZZAK ICE 83S DOT22 Friction 3PMSF M+S"},"content":{"rendered":"<p>Tutvustame rehvi 185\/55R16 BRIDGESTONE BLIZZAK ICE 83S, mis on loodud maksimaalseks turvalisuseks ja usaldusv\u00e4\u00e4rseks j\u00f5udmiseks karmides talveoludes. See rehviv mudelis on m\u00e4rgitud DOT22, mis tagab k\u00f5rge kvaliteedi ja rangelt kontrollitud tootmisstandardi. Talverehvi disain sisaldab 3PMSF s\u00fcmbolit, mis kinnitab selle t\u00f5estatud suutlikkust lumistel ja j\u00e4istel teedel, pakkudes suurep\u00e4rast pidamist ja stabiilsust. Lisaks on rehvi m\u00e4rgitud M+S s\u00fcmbol, mis t\u00e4hendab, et see sobib ideaalselt nii mudaste kui ka lumiste teeolude jaoks.<\/p>\n<p>BRIDGESTONE BLIZZAK ICE 83S rehvid kasutavad tipptasemel tehnoloogiat, et maksimeerida pidamist ja tagada ohutu s\u00f5idukogemus igas olukorras. T\u00e4iuslik valik autot\u00f6\u00f6stuse professionaalidele ja talveoludele tundlikule juhile, kes hindab rehvide vastupidavust ja kvaliteeti. Investeeri oma auto ohutusesse ja j\u00f5udmisse \u2013 vali BLIZZAK ICE 83S, et nautida kindlat s\u00f5iduomadust ka k\u00f5ige n\u00f5udlikumates talvetingimustes.<\/p>","protected":false},"excerpt":{"rendered":"<p>Tutvustame rehvi 185\/55R16 BRIDGESTONE BLIZZAK ICE 83S, mis on loodud maksimaalseks turvalisuseks ja usaldusv\u00e4\u00e4rseks j\u00f5udmiseks karmides talveoludes. See rehviv mudelis on m\u00e4rgitud DOT22, mis tagab k\u00f5rge kvaliteedi ja rangelt kontrollitud tootmisstandardi. Talverehvi disain sisaldab 3PMSF s\u00fcmbolit, mis kinnitab selle t\u00f5estatud suutlikkust lumistel ja j\u00e4istel teedel, pakkudes suurep\u00e4rast pidamist ja stabiilsust. Lisaks on rehvi m\u00e4rgitud M+S [&hellip;]<\/p>\n","protected":false},"featured_media":124180,"template":"","meta":{"site-sidebar-layout":"default","site-content-layout":"","ast-site-content-layout":"","site-content-style":"default","site-sidebar-style":"default","ast-global-header-display":"","ast-banner-title-visibility":"","ast-main-header-display":"","ast-hfb-above-header-display":"","ast-hfb-below-header-display":"","ast-hfb-mobile-header-display":"","site-post-title":"","ast-breadcrumbs-content":"","ast-featured-img":"","footer-sml-layout":"","theme-transparent-header-meta":"","adv-header-id-meta":"","stick-header-meta":"","header-above-stick-meta":"","header-main-stick-meta":"","header-below-stick-meta":"","astra-migrate-meta-layouts":"default","ast-page-background-enabled":"default","ast-page-background-meta":{"desktop":{"background-color":"","background-image":"","background-repeat":"repeat","background-position":"center center","background-size":"auto","background-attachment":"scroll","background-type":"","background-media":"","overlay-type":"","overlay-color":"","overlay-opacity":"","overlay-gradient":""},"tablet":{"background-color":"","background-image":"","background-repeat":"repeat","background-position":"center center","background-size":"auto","background-attachment":"scroll","background-type":"","background-media":"","overlay-type":"","overlay-color":"","overlay-opacity":"","overlay-gradient":""},"mobile":{"background-color":"","background-image":"","background-repeat":"repeat","background-position":"center center","background-size":"auto","background-attachment":"scroll","background-type":"","background-media":"","overlay-type":"","overlay-color":"","overlay-opacity":"","overlay-gradient":""}},"ast-content-background-meta":{"desktop":{"background-color":"var(--ast-global-color-5)","background-image":"","background-repeat":"repeat","background-position":"center center","background-size":"auto","background-attachment":"scroll","background-type":"","background-media":"","overlay-type":"","overlay-color":"","overlay-opacity":"","overlay-gradient":""},"tablet":{"background-color":"var(--ast-global-color-5)","background-image":"","background-repeat":"repeat","background-position":"center center","background-size":"auto","background-attachment":"scroll","background-type":"","background-media":"","overlay-type":"","overlay-color":"","overlay-opacity":"","overlay-gradient":""},"mobile":{"background-color":"var(--ast-global-color-5)","background-image":"","background-repeat":"repeat","background-position":"center center","background-size":"auto","background-attachment":"scroll","background-type":"","background-media":"","overlay-type":"","overlay-color":"","overlay-opacity":"","overlay-gradient":""}}},"product_brand":[],"product_cat":[34228],"product_tag":[],"pa_brand_name":[],"class_list":{"0":"post-120069","1":"product","2":"type-product","3":"status-publish","4":"has-post-thumbnail","6":"product_cat-winter-tires-friction","7":"desktop-align-left","8":"tablet-align-left","9":"mobile-align-left","11":"first","12":"outofstock","13":"taxable","14":"shipping-taxable","15":"purchasable","16":"product-type-simple"},"_links":{"self":[{"href":"https:\/\/shop.rettum.ee\/en\/wp-json\/wp\/v2\/product\/120069","targetHints":{"allow":["GET"]}}],"collection":[{"href":"https:\/\/shop.rettum.ee\/en\/wp-json\/wp\/v2\/product"}],"about":[{"href":"https:\/\/shop.rettum.ee\/en\/wp-json\/wp\/v2\/types\/product"}],"version-history":[{"count":1,"href":"https:\/\/shop.rettum.ee\/en\/wp-json\/wp\/v2\/product\/120069\/revisions"}],"predecessor-version":[{"id":126461,"href":"https:\/\/shop.rettum.ee\/en\/wp-json\/wp\/v2\/product\/120069\/revisions\/126461"}],"wp:featuredmedia":[{"embeddable":true,"href":"https:\/\/shop.rettum.ee\/en\/wp-json\/wp\/v2\/media\/124180"}],"wp:attachment":[{"href":"https:\/\/shop.rettum.ee\/en\/wp-json\/wp\/v2\/media?parent=120069"}],"wp:term":[{"taxonomy":"product_brand","embeddable":true,"href":"https:\/\/shop.rettum.ee\/en\/wp-json\/wp\/v2\/product_brand?post=120069"},{"taxonomy":"product_cat","embeddable":true,"href":"https:\/\/shop.rettum.ee\/en\/wp-json\/wp\/v2\/product_cat?post=120069"},{"taxonomy":"product_tag","embeddable":true,"href":"https:\/\/shop.rettum.ee\/en\/wp-json\/wp\/v2\/product_tag?post=120069"},{"taxonomy":"pa_brand_name","embeddable":true,"href":"https:\/\/shop.rettum.ee\/en\/wp-json\/wp\/v2\/pa_brand_name?post=120069"}],"curies":[{"name":"wp","href":"https:\/\/api.w.org\/{rel}","templated":true}]}}