{"id":120071,"date":"2025-03-31T02:57:50","date_gmt":"2025-03-30T23:57:50","guid":{"rendered":"https:\/\/shop.rettum.ee\/toode\/245-50r19-continental-vikingcontact-7-105t-xl-runflat-elect-dot22-friction-3pmsf-ms\/"},"modified":"2026-03-22T03:03:38","modified_gmt":"2026-03-22T01:03:38","slug":"245-50r19-continental-vikingcontact-7-105t-xl-runflat-elect-dot22-friction-3pmsf-ms","status":"publish","type":"product","link":"https:\/\/shop.rettum.ee\/en\/product\/245-50r19-continental-vikingcontact-7-105t-xl-runflat-elect-dot22-friction-3pmsf-ms\/","title":{"rendered":"245\/50R19 CONTINENTAL VIKINGCONTACT 7 105T XL RunFlat Elect DOT22 Friction 3PMSF M+S"},"content":{"rendered":"<p>Avasta uus Continental VikingContact 7 rehv, mis pakub silmapaistvat ohutust ja j\u00f5udlust igas s\u00f5idutingimuses. Suurus 245\/50R19 ja XL disain tagavad suurep\u00e4rase koormustaluvuse ning pika eluea ka n\u00f5udlikes tingimustes. T\u00e4nu innovatiivsele RunFlat tehnoloogiale v\u00f5imaldab see rehv j\u00e4tkata s\u00f5itu ka rehvaturbe rikkumise korral, andes juhile v\u00f5imaluse ohutult l\u00e4hima turvalise asukoha poole liikuda.<\/p>\n<p>M\u00e4rgistused 105T ja DOT22 kinnitavad rehvri vastavust k\u00f5rgetele ohutus- ja j\u00f5udlusstandarditele, tagades stabiilsuse ka kiiretal s\u00f5ites. 3PMSF ja M+S s\u00fcmbolid r\u00f5hutavad rehvri t\u00f5husat haardumist nii lumisel kui ka m\u00e4rjal pinnal, muutes selle ideaalseks valikuks muutlike ilmastikutingimustega teedel.<\/p>\n<p>Continental VikingContact 7 on loodud pakkuma \u00fcletamatut s\u00f5idumugavust ja kontrolli, muutes iga s\u00f5idu m\u00f5nusaks ja turvaliseks. See rehv sobib suurep\u00e4raselt nii igap\u00e4evaseks kasutuseks kui ka pikkadeks seiklusteks, andes kindlustunde igal teel.<\/p>","protected":false},"excerpt":{"rendered":"<p>Avasta uus Continental VikingContact 7 rehv, mis pakub silmapaistvat ohutust ja j\u00f5udlust igas s\u00f5idutingimuses. Suurus 245\/50R19 ja XL disain tagavad suurep\u00e4rase koormustaluvuse ning pika eluea ka n\u00f5udlikes tingimustes. T\u00e4nu innovatiivsele RunFlat tehnoloogiale v\u00f5imaldab see rehv j\u00e4tkata s\u00f5itu ka rehvaturbe rikkumise korral, andes juhile v\u00f5imaluse ohutult l\u00e4hima turvalise asukoha poole liikuda. M\u00e4rgistused 105T ja DOT22 kinnitavad [&hellip;]<\/p>\n","protected":false},"featured_media":124178,"template":"","meta":{"site-sidebar-layout":"default","site-content-layout":"","ast-site-content-layout":"","site-content-style":"default","site-sidebar-style":"default","ast-global-header-display":"","ast-banner-title-visibility":"","ast-main-header-display":"","ast-hfb-above-header-display":"","ast-hfb-below-header-display":"","ast-hfb-mobile-header-display":"","site-post-title":"","ast-breadcrumbs-content":"","ast-featured-img":"","footer-sml-layout":"","theme-transparent-header-meta":"","adv-header-id-meta":"","stick-header-meta":"","header-above-stick-meta":"","header-main-stick-meta":"","header-below-stick-meta":"","astra-migrate-meta-layouts":"default","ast-page-background-enabled":"default","ast-page-background-meta":{"desktop":{"background-color":"","background-image":"","background-repeat":"repeat","background-position":"center center","background-size":"auto","background-attachment":"scroll","background-type":"","background-media":"","overlay-type":"","overlay-color":"","overlay-opacity":"","overlay-gradient":""},"tablet":{"background-color":"","background-image":"","background-repeat":"repeat","background-position":"center center","background-size":"auto","background-attachment":"scroll","background-type":"","background-media":"","overlay-type":"","overlay-color":"","overlay-opacity":"","overlay-gradient":""},"mobile":{"background-color":"","background-image":"","background-repeat":"repeat","background-position":"center center","background-size":"auto","background-attachment":"scroll","background-type":"","background-media":"","overlay-type":"","overlay-color":"","overlay-opacity":"","overlay-gradient":""}},"ast-content-background-meta":{"desktop":{"background-color":"var(--ast-global-color-5)","background-image":"","background-repeat":"repeat","background-position":"center center","background-size":"auto","background-attachment":"scroll","background-type":"","background-media":"","overlay-type":"","overlay-color":"","overlay-opacity":"","overlay-gradient":""},"tablet":{"background-color":"var(--ast-global-color-5)","background-image":"","background-repeat":"repeat","background-position":"center center","background-size":"auto","background-attachment":"scroll","background-type":"","background-media":"","overlay-type":"","overlay-color":"","overlay-opacity":"","overlay-gradient":""},"mobile":{"background-color":"var(--ast-global-color-5)","background-image":"","background-repeat":"repeat","background-position":"center center","background-size":"auto","background-attachment":"scroll","background-type":"","background-media":"","overlay-type":"","overlay-color":"","overlay-opacity":"","overlay-gradient":""}}},"product_brand":[],"product_cat":[34228],"product_tag":[],"pa_brand_name":[25035],"class_list":{"0":"post-120071","1":"product","2":"type-product","3":"status-publish","4":"has-post-thumbnail","6":"product_cat-winter-tires-friction","7":"pa_brand_name-continental","8":"desktop-align-left","9":"tablet-align-left","10":"mobile-align-left","12":"first","13":"outofstock","14":"taxable","15":"shipping-taxable","16":"purchasable","17":"product-type-simple"},"_links":{"self":[{"href":"https:\/\/shop.rettum.ee\/en\/wp-json\/wp\/v2\/product\/120071","targetHints":{"allow":["GET"]}}],"collection":[{"href":"https:\/\/shop.rettum.ee\/en\/wp-json\/wp\/v2\/product"}],"about":[{"href":"https:\/\/shop.rettum.ee\/en\/wp-json\/wp\/v2\/types\/product"}],"version-history":[{"count":1,"href":"https:\/\/shop.rettum.ee\/en\/wp-json\/wp\/v2\/product\/120071\/revisions"}],"predecessor-version":[{"id":126457,"href":"https:\/\/shop.rettum.ee\/en\/wp-json\/wp\/v2\/product\/120071\/revisions\/126457"}],"wp:featuredmedia":[{"embeddable":true,"href":"https:\/\/shop.rettum.ee\/en\/wp-json\/wp\/v2\/media\/124178"}],"wp:attachment":[{"href":"https:\/\/shop.rettum.ee\/en\/wp-json\/wp\/v2\/media?parent=120071"}],"wp:term":[{"taxonomy":"product_brand","embeddable":true,"href":"https:\/\/shop.rettum.ee\/en\/wp-json\/wp\/v2\/product_brand?post=120071"},{"taxonomy":"product_cat","embeddable":true,"href":"https:\/\/shop.rettum.ee\/en\/wp-json\/wp\/v2\/product_cat?post=120071"},{"taxonomy":"product_tag","embeddable":true,"href":"https:\/\/shop.rettum.ee\/en\/wp-json\/wp\/v2\/product_tag?post=120071"},{"taxonomy":"pa_brand_name","embeddable":true,"href":"https:\/\/shop.rettum.ee\/en\/wp-json\/wp\/v2\/pa_brand_name?post=120071"}],"curies":[{"name":"wp","href":"https:\/\/api.w.org\/{rel}","templated":true}]}}