{"id":120077,"date":"2025-03-31T02:57:54","date_gmt":"2025-03-30T23:57:54","guid":{"rendered":"https:\/\/shop.rettum.ee\/toode\/215-55r18-nokian-hkpl-9-99t-dot22-studded-3pmsf-ms\/"},"modified":"2025-11-07T02:45:26","modified_gmt":"2025-11-07T00:45:26","slug":"215-55r18-nokian-hkpl-9-99t-dot22-studded-3pmsf-ms","status":"publish","type":"product","link":"https:\/\/shop.rettum.ee\/en\/product\/215-55r18-nokian-hkpl-9-99t-dot22-studded-3pmsf-ms\/","title":{"rendered":"215\/55R18 NOKIAN HKPL 9 99T DOT22 Studded 3PMSF M+S"},"content":{"rendered":"<p>Nokian HKPL 9 215\/55R18 on tippkvaliteediga talverehv, mis on loodud tagama maksimaalne ohutus ja j\u00f5udlus karmides talvetingimustes. Selle rehvi 99T kiirusindeks ja DOT22 m\u00e4rgistus kinnitavad tootmise k\u00f5rget standardit ja t\u00f6\u00f6kindlust. Erilist t\u00e4helepanu v\u00e4\u00e4rib studded disain \u2013 metallnukid tagavad suurep\u00e4rase haarduvuse j\u00e4\u00e4- ja lumepinnal, pakkudes kindlat stabiilsust ja t\u00e4pset s\u00f5idujuhtimist. <\/p>\n<p>Rehvil kandub 3PMSF s\u00fcmbol, mis kinnitab selle v\u00f5imekust rasketel lumetingimustel, ning M+S t\u00e4his r\u00f5hutab selle mitmek\u00fclgsust ka mudase ja libeda pinnase puhul. Nokian on tuntud oma p\u00fchendumuse poolest turvalisusele ja innovatsioonile, mist\u00f5ttu on HKPL 9 ideaalne valik neile, kes soovivad veenduda, et nende s\u00f5iduk suudab k\u00f5ikide talveolude puhul pakkuda parimat v\u00f5imalikku haarduvust ja stabiilsust.<\/p>\n<p>Usaldusv\u00e4\u00e4rsus ja tipptasemel tehnoloogia teevad sellest rehvist suurep\u00e4rase investeeringu turvalises s\u00f5idukogemusesse isegi k\u00f5ige n\u00f5udlikumates talveoludes.<\/p>","protected":false},"excerpt":{"rendered":"<p>Nokian HKPL 9 215\/55R18 on tippkvaliteediga talverehv, mis on loodud tagama maksimaalne ohutus ja j\u00f5udlus karmides talvetingimustes. Selle rehvi 99T kiirusindeks ja DOT22 m\u00e4rgistus kinnitavad tootmise k\u00f5rget standardit ja t\u00f6\u00f6kindlust. Erilist t\u00e4helepanu v\u00e4\u00e4rib studded disain \u2013 metallnukid tagavad suurep\u00e4rase haarduvuse j\u00e4\u00e4- ja lumepinnal, pakkudes kindlat stabiilsust ja t\u00e4pset s\u00f5idujuhtimist. Rehvil kandub 3PMSF s\u00fcmbol, mis kinnitab [&hellip;]<\/p>\n","protected":false},"featured_media":124175,"template":"","meta":{"site-sidebar-layout":"default","site-content-layout":"","ast-site-content-layout":"","site-content-style":"default","site-sidebar-style":"default","ast-global-header-display":"","ast-banner-title-visibility":"","ast-main-header-display":"","ast-hfb-above-header-display":"","ast-hfb-below-header-display":"","ast-hfb-mobile-header-display":"","site-post-title":"","ast-breadcrumbs-content":"","ast-featured-img":"","footer-sml-layout":"","theme-transparent-header-meta":"","adv-header-id-meta":"","stick-header-meta":"","header-above-stick-meta":"","header-main-stick-meta":"","header-below-stick-meta":"","astra-migrate-meta-layouts":"default","ast-page-background-enabled":"default","ast-page-background-meta":{"desktop":{"background-color":"","background-image":"","background-repeat":"repeat","background-position":"center center","background-size":"auto","background-attachment":"scroll","background-type":"","background-media":"","overlay-type":"","overlay-color":"","overlay-opacity":"","overlay-gradient":""},"tablet":{"background-color":"","background-image":"","background-repeat":"repeat","background-position":"center center","background-size":"auto","background-attachment":"scroll","background-type":"","background-media":"","overlay-type":"","overlay-color":"","overlay-opacity":"","overlay-gradient":""},"mobile":{"background-color":"","background-image":"","background-repeat":"repeat","background-position":"center center","background-size":"auto","background-attachment":"scroll","background-type":"","background-media":"","overlay-type":"","overlay-color":"","overlay-opacity":"","overlay-gradient":""}},"ast-content-background-meta":{"desktop":{"background-color":"var(--ast-global-color-5)","background-image":"","background-repeat":"repeat","background-position":"center center","background-size":"auto","background-attachment":"scroll","background-type":"","background-media":"","overlay-type":"","overlay-color":"","overlay-opacity":"","overlay-gradient":""},"tablet":{"background-color":"var(--ast-global-color-5)","background-image":"","background-repeat":"repeat","background-position":"center center","background-size":"auto","background-attachment":"scroll","background-type":"","background-media":"","overlay-type":"","overlay-color":"","overlay-opacity":"","overlay-gradient":""},"mobile":{"background-color":"var(--ast-global-color-5)","background-image":"","background-repeat":"repeat","background-position":"center center","background-size":"auto","background-attachment":"scroll","background-type":"","background-media":"","overlay-type":"","overlay-color":"","overlay-opacity":"","overlay-gradient":""}}},"product_brand":[],"product_cat":[34229],"product_tag":[],"pa_brand_name":[25032],"class_list":{"0":"post-120077","1":"product","2":"type-product","3":"status-publish","4":"has-post-thumbnail","6":"product_cat-winter-tires-with-studs","7":"pa_brand_name-nokian","8":"desktop-align-left","9":"tablet-align-left","10":"mobile-align-left","12":"first","13":"outofstock","14":"taxable","15":"shipping-taxable","16":"purchasable","17":"product-type-simple"},"_links":{"self":[{"href":"https:\/\/shop.rettum.ee\/en\/wp-json\/wp\/v2\/product\/120077","targetHints":{"allow":["GET"]}}],"collection":[{"href":"https:\/\/shop.rettum.ee\/en\/wp-json\/wp\/v2\/product"}],"about":[{"href":"https:\/\/shop.rettum.ee\/en\/wp-json\/wp\/v2\/types\/product"}],"version-history":[{"count":1,"href":"https:\/\/shop.rettum.ee\/en\/wp-json\/wp\/v2\/product\/120077\/revisions"}],"predecessor-version":[{"id":126453,"href":"https:\/\/shop.rettum.ee\/en\/wp-json\/wp\/v2\/product\/120077\/revisions\/126453"}],"wp:featuredmedia":[{"embeddable":true,"href":"https:\/\/shop.rettum.ee\/en\/wp-json\/wp\/v2\/media\/124175"}],"wp:attachment":[{"href":"https:\/\/shop.rettum.ee\/en\/wp-json\/wp\/v2\/media?parent=120077"}],"wp:term":[{"taxonomy":"product_brand","embeddable":true,"href":"https:\/\/shop.rettum.ee\/en\/wp-json\/wp\/v2\/product_brand?post=120077"},{"taxonomy":"product_cat","embeddable":true,"href":"https:\/\/shop.rettum.ee\/en\/wp-json\/wp\/v2\/product_cat?post=120077"},{"taxonomy":"product_tag","embeddable":true,"href":"https:\/\/shop.rettum.ee\/en\/wp-json\/wp\/v2\/product_tag?post=120077"},{"taxonomy":"pa_brand_name","embeddable":true,"href":"https:\/\/shop.rettum.ee\/en\/wp-json\/wp\/v2\/pa_brand_name?post=120077"}],"curies":[{"name":"wp","href":"https:\/\/api.w.org\/{rel}","templated":true}]}}