{"id":120078,"date":"2025-03-31T02:57:55","date_gmt":"2025-03-30T23:57:55","guid":{"rendered":"https:\/\/shop.rettum.ee\/toode\/215-45r20-nokian-hkpl-10-ev-95t-xl-ncs-dot22-studded-3pmsf-ms\/"},"modified":"2026-03-22T03:03:38","modified_gmt":"2026-03-22T01:03:38","slug":"215-45r20-nokian-hkpl-10-ev-95t-xl-ncs-dot22-studded-3pmsf-ms","status":"publish","type":"product","link":"https:\/\/shop.rettum.ee\/en\/product\/215-45r20-nokian-hkpl-10-ev-95t-xl-ncs-dot22-studded-3pmsf-ms\/","title":{"rendered":"215\/45R20 NOKIAN HKPL 10 EV 95T XL NCS DOT22 Studded 3PMSF M+S"},"content":{"rendered":"<p>Tutvustame NOKIAN HKPL 10 EV 95T XL NCS rehvi \u2013 ideaalne lahendus n\u00f5udlikele juhtidele, kes hindavad ohutust ja j\u00f5udlust igas s\u00f5idutingimuses. See 215\/45R20 mudel tagab sportliku s\u00f5idukogemuse, pakkudes suurep\u00e4rast stabiilsust ja t\u00e4pset man\u00f6\u00f6verdamist t\u00e4nu t\u00e4pselt disainitud 215 mm laiusele ja 45% k\u00fclgse proportsioonile.<\/p>\n<p>Rehv on konstrueeritud vastama nii M+S kui ka 3PMSF standarditele, mis t\u00e4hendab tipptasemel haardumist lumisel, m\u00e4rjal ja porisel teel. Olemasolevad nastud suurendavad lumega s\u00f5ites turvalisust, v\u00f5imaldades s\u00f5ita kindlalt ka karmimates talvetingimustes. Rehvi koormusindeks 95 ja XL-versioon annavad lisa kindlustunnet suuremate koormuste korral ning T-kiirusindeks v\u00f5imaldab ohutut s\u00f5itu kuni 190 km\/h.<\/p>\n<p>DOT22 m\u00e4rgis kinnitab, et rehv on toodetud 2022. aastal, tagades ajakohased tehnoloogiad ja k\u00f5rge tootmiskvaliteedi. Vali NOKIAN HKPL 10 EV 95T XL NCS ja naudi turvalist, stabiilset ning enesekindlat s\u00f5idukogemust igas olukorras.<\/p>","protected":false},"excerpt":{"rendered":"<p>Tutvustame NOKIAN HKPL 10 EV 95T XL NCS rehvi \u2013 ideaalne lahendus n\u00f5udlikele juhtidele, kes hindavad ohutust ja j\u00f5udlust igas s\u00f5idutingimuses. See 215\/45R20 mudel tagab sportliku s\u00f5idukogemuse, pakkudes suurep\u00e4rast stabiilsust ja t\u00e4pset man\u00f6\u00f6verdamist t\u00e4nu t\u00e4pselt disainitud 215 mm laiusele ja 45% k\u00fclgse proportsioonile. Rehv on konstrueeritud vastama nii M+S kui ka 3PMSF standarditele, mis t\u00e4hendab [&hellip;]<\/p>\n","protected":false},"featured_media":124174,"template":"","meta":{"site-sidebar-layout":"default","site-content-layout":"","ast-site-content-layout":"","site-content-style":"default","site-sidebar-style":"default","ast-global-header-display":"","ast-banner-title-visibility":"","ast-main-header-display":"","ast-hfb-above-header-display":"","ast-hfb-below-header-display":"","ast-hfb-mobile-header-display":"","site-post-title":"","ast-breadcrumbs-content":"","ast-featured-img":"","footer-sml-layout":"","theme-transparent-header-meta":"","adv-header-id-meta":"","stick-header-meta":"","header-above-stick-meta":"","header-main-stick-meta":"","header-below-stick-meta":"","astra-migrate-meta-layouts":"default","ast-page-background-enabled":"default","ast-page-background-meta":{"desktop":{"background-color":"","background-image":"","background-repeat":"repeat","background-position":"center center","background-size":"auto","background-attachment":"scroll","background-type":"","background-media":"","overlay-type":"","overlay-color":"","overlay-opacity":"","overlay-gradient":""},"tablet":{"background-color":"","background-image":"","background-repeat":"repeat","background-position":"center center","background-size":"auto","background-attachment":"scroll","background-type":"","background-media":"","overlay-type":"","overlay-color":"","overlay-opacity":"","overlay-gradient":""},"mobile":{"background-color":"","background-image":"","background-repeat":"repeat","background-position":"center center","background-size":"auto","background-attachment":"scroll","background-type":"","background-media":"","overlay-type":"","overlay-color":"","overlay-opacity":"","overlay-gradient":""}},"ast-content-background-meta":{"desktop":{"background-color":"var(--ast-global-color-5)","background-image":"","background-repeat":"repeat","background-position":"center center","background-size":"auto","background-attachment":"scroll","background-type":"","background-media":"","overlay-type":"","overlay-color":"","overlay-opacity":"","overlay-gradient":""},"tablet":{"background-color":"var(--ast-global-color-5)","background-image":"","background-repeat":"repeat","background-position":"center center","background-size":"auto","background-attachment":"scroll","background-type":"","background-media":"","overlay-type":"","overlay-color":"","overlay-opacity":"","overlay-gradient":""},"mobile":{"background-color":"var(--ast-global-color-5)","background-image":"","background-repeat":"repeat","background-position":"center center","background-size":"auto","background-attachment":"scroll","background-type":"","background-media":"","overlay-type":"","overlay-color":"","overlay-opacity":"","overlay-gradient":""}}},"product_brand":[],"product_cat":[34229],"product_tag":[],"pa_brand_name":[25032],"class_list":{"0":"post-120078","1":"product","2":"type-product","3":"status-publish","4":"has-post-thumbnail","6":"product_cat-winter-tires-with-studs","7":"pa_brand_name-nokian","8":"desktop-align-left","9":"tablet-align-left","10":"mobile-align-left","12":"first","13":"outofstock","14":"taxable","15":"shipping-taxable","16":"purchasable","17":"product-type-simple"},"_links":{"self":[{"href":"https:\/\/shop.rettum.ee\/en\/wp-json\/wp\/v2\/product\/120078","targetHints":{"allow":["GET"]}}],"collection":[{"href":"https:\/\/shop.rettum.ee\/en\/wp-json\/wp\/v2\/product"}],"about":[{"href":"https:\/\/shop.rettum.ee\/en\/wp-json\/wp\/v2\/types\/product"}],"version-history":[{"count":1,"href":"https:\/\/shop.rettum.ee\/en\/wp-json\/wp\/v2\/product\/120078\/revisions"}],"predecessor-version":[{"id":126451,"href":"https:\/\/shop.rettum.ee\/en\/wp-json\/wp\/v2\/product\/120078\/revisions\/126451"}],"wp:featuredmedia":[{"embeddable":true,"href":"https:\/\/shop.rettum.ee\/en\/wp-json\/wp\/v2\/media\/124174"}],"wp:attachment":[{"href":"https:\/\/shop.rettum.ee\/en\/wp-json\/wp\/v2\/media?parent=120078"}],"wp:term":[{"taxonomy":"product_brand","embeddable":true,"href":"https:\/\/shop.rettum.ee\/en\/wp-json\/wp\/v2\/product_brand?post=120078"},{"taxonomy":"product_cat","embeddable":true,"href":"https:\/\/shop.rettum.ee\/en\/wp-json\/wp\/v2\/product_cat?post=120078"},{"taxonomy":"product_tag","embeddable":true,"href":"https:\/\/shop.rettum.ee\/en\/wp-json\/wp\/v2\/product_tag?post=120078"},{"taxonomy":"pa_brand_name","embeddable":true,"href":"https:\/\/shop.rettum.ee\/en\/wp-json\/wp\/v2\/pa_brand_name?post=120078"}],"curies":[{"name":"wp","href":"https:\/\/api.w.org\/{rel}","templated":true}]}}