{"id":120079,"date":"2025-03-31T02:57:56","date_gmt":"2025-03-30T23:57:56","guid":{"rendered":"https:\/\/shop.rettum.ee\/toode\/245-45r20-nokian-hkpl-9-suv-103t-xl-dot22-studded-3pmsf-ms\/"},"modified":"2026-03-22T03:03:38","modified_gmt":"2026-03-22T01:03:38","slug":"245-45r20-nokian-hkpl-9-suv-103t-xl-dot22-studded-3pmsf-ms","status":"publish","type":"product","link":"https:\/\/shop.rettum.ee\/en\/product\/245-45r20-nokian-hkpl-9-suv-103t-xl-dot22-studded-3pmsf-ms\/","title":{"rendered":"245\/45R20 NOKIAN HKPL 9 SUV 103T XL DOT22 Studded 3PMSF M+S"},"content":{"rendered":"<p>245\/45R20 NOKIAN HKPL 9 SUV 103T XL DOT22 Studded 3PMSF M+S on spetsiaalselt disainitud rehvid n\u00f5udlikele talvistest tingimustele. Need kvaliteetsed rehvid sobivad suurep\u00e4raselt SUV-dele, pakkudes stabiilset s\u00f5iduomadust ka k\u00f5ige keerulisemal ilmastikul. 3PMSF s\u00fcmbol tagab suurep\u00e4rase pidamise ja ohutuse lumistel ning j\u00e4\u00e4katustel teedel, samas kui M+S m\u00e4rgistus t\u00f5endab rehv iga\u00fche v\u00f5imet tulla toime ka mudaste ja muulisel keerulisel maastikul.<\/p>\n<p>Rehvid on varustatud usaldusv\u00e4\u00e4rsete vineerijalgadega, mis tagavad t\u00e4iendava haarde ja turvalise s\u00f5idukogemuse k\u00fclmal ajal. XL klassi omadused v\u00f5imaldavad rehvile suuremat koormust, pakkudes nii tugevust kui ka vastupidavust ka k\u00f5ige n\u00f5udlikemates oludes. DOT22 sertifikaat kinnitab rahvusvahelist kvaliteedi ja ohutusstandardeid.<\/p>\n<p>Nokian HKPL 9 SUV on ideaalne valik juhile, kes hindab erakordset haarduvust, stabiilsust ja turvalisust ka k\u00f5ige raskemates talveoludes. Investeeri oma s\u00f5idukisse ja naudi kindlat ja usaldusv\u00e4\u00e4rset s\u00f5itu igas olukorras.<\/p>","protected":false},"excerpt":{"rendered":"<p>245\/45R20 NOKIAN HKPL 9 SUV 103T XL DOT22 Studded 3PMSF M+S on spetsiaalselt disainitud rehvid n\u00f5udlikele talvistest tingimustele. Need kvaliteetsed rehvid sobivad suurep\u00e4raselt SUV-dele, pakkudes stabiilset s\u00f5iduomadust ka k\u00f5ige keerulisemal ilmastikul. 3PMSF s\u00fcmbol tagab suurep\u00e4rase pidamise ja ohutuse lumistel ning j\u00e4\u00e4katustel teedel, samas kui M+S m\u00e4rgistus t\u00f5endab rehv iga\u00fche v\u00f5imet tulla toime ka mudaste ja [&hellip;]<\/p>\n","protected":false},"featured_media":123464,"template":"","meta":{"site-sidebar-layout":"default","site-content-layout":"","ast-site-content-layout":"","site-content-style":"default","site-sidebar-style":"default","ast-global-header-display":"","ast-banner-title-visibility":"","ast-main-header-display":"","ast-hfb-above-header-display":"","ast-hfb-below-header-display":"","ast-hfb-mobile-header-display":"","site-post-title":"","ast-breadcrumbs-content":"","ast-featured-img":"","footer-sml-layout":"","theme-transparent-header-meta":"","adv-header-id-meta":"","stick-header-meta":"","header-above-stick-meta":"","header-main-stick-meta":"","header-below-stick-meta":"","astra-migrate-meta-layouts":"default","ast-page-background-enabled":"default","ast-page-background-meta":{"desktop":{"background-color":"","background-image":"","background-repeat":"repeat","background-position":"center center","background-size":"auto","background-attachment":"scroll","background-type":"","background-media":"","overlay-type":"","overlay-color":"","overlay-opacity":"","overlay-gradient":""},"tablet":{"background-color":"","background-image":"","background-repeat":"repeat","background-position":"center center","background-size":"auto","background-attachment":"scroll","background-type":"","background-media":"","overlay-type":"","overlay-color":"","overlay-opacity":"","overlay-gradient":""},"mobile":{"background-color":"","background-image":"","background-repeat":"repeat","background-position":"center center","background-size":"auto","background-attachment":"scroll","background-type":"","background-media":"","overlay-type":"","overlay-color":"","overlay-opacity":"","overlay-gradient":""}},"ast-content-background-meta":{"desktop":{"background-color":"var(--ast-global-color-5)","background-image":"","background-repeat":"repeat","background-position":"center center","background-size":"auto","background-attachment":"scroll","background-type":"","background-media":"","overlay-type":"","overlay-color":"","overlay-opacity":"","overlay-gradient":""},"tablet":{"background-color":"var(--ast-global-color-5)","background-image":"","background-repeat":"repeat","background-position":"center center","background-size":"auto","background-attachment":"scroll","background-type":"","background-media":"","overlay-type":"","overlay-color":"","overlay-opacity":"","overlay-gradient":""},"mobile":{"background-color":"var(--ast-global-color-5)","background-image":"","background-repeat":"repeat","background-position":"center center","background-size":"auto","background-attachment":"scroll","background-type":"","background-media":"","overlay-type":"","overlay-color":"","overlay-opacity":"","overlay-gradient":""}}},"product_brand":[],"product_cat":[34229],"product_tag":[],"pa_brand_name":[25032],"class_list":{"0":"post-120079","1":"product","2":"type-product","3":"status-publish","4":"has-post-thumbnail","6":"product_cat-winter-tires-with-studs","7":"pa_brand_name-nokian","8":"desktop-align-left","9":"tablet-align-left","10":"mobile-align-left","12":"first","13":"outofstock","14":"taxable","15":"shipping-taxable","16":"purchasable","17":"product-type-simple"},"_links":{"self":[{"href":"https:\/\/shop.rettum.ee\/en\/wp-json\/wp\/v2\/product\/120079","targetHints":{"allow":["GET"]}}],"collection":[{"href":"https:\/\/shop.rettum.ee\/en\/wp-json\/wp\/v2\/product"}],"about":[{"href":"https:\/\/shop.rettum.ee\/en\/wp-json\/wp\/v2\/types\/product"}],"version-history":[{"count":1,"href":"https:\/\/shop.rettum.ee\/en\/wp-json\/wp\/v2\/product\/120079\/revisions"}],"predecessor-version":[{"id":126449,"href":"https:\/\/shop.rettum.ee\/en\/wp-json\/wp\/v2\/product\/120079\/revisions\/126449"}],"wp:featuredmedia":[{"embeddable":true,"href":"https:\/\/shop.rettum.ee\/en\/wp-json\/wp\/v2\/media\/123464"}],"wp:attachment":[{"href":"https:\/\/shop.rettum.ee\/en\/wp-json\/wp\/v2\/media?parent=120079"}],"wp:term":[{"taxonomy":"product_brand","embeddable":true,"href":"https:\/\/shop.rettum.ee\/en\/wp-json\/wp\/v2\/product_brand?post=120079"},{"taxonomy":"product_cat","embeddable":true,"href":"https:\/\/shop.rettum.ee\/en\/wp-json\/wp\/v2\/product_cat?post=120079"},{"taxonomy":"product_tag","embeddable":true,"href":"https:\/\/shop.rettum.ee\/en\/wp-json\/wp\/v2\/product_tag?post=120079"},{"taxonomy":"pa_brand_name","embeddable":true,"href":"https:\/\/shop.rettum.ee\/en\/wp-json\/wp\/v2\/pa_brand_name?post=120079"}],"curies":[{"name":"wp","href":"https:\/\/api.w.org\/{rel}","templated":true}]}}