{"id":120083,"date":"2025-03-31T02:57:58","date_gmt":"2025-03-30T23:57:58","guid":{"rendered":"https:\/\/shop.rettum.ee\/toode\/lt315-70r17-nokian-hkpl-lt3-121q-studded-3pmsf-ms\/"},"modified":"2026-03-22T03:03:38","modified_gmt":"2026-03-22T01:03:38","slug":"lt315-70r17-nokian-hkpl-lt3-121q-studded-3pmsf-ms","status":"publish","type":"product","link":"https:\/\/shop.rettum.ee\/en\/product\/lt315-70r17-nokian-hkpl-lt3-121q-studded-3pmsf-ms\/","title":{"rendered":"LT315\/70R17 NOKIAN HKPL LT3 121Q Studded 3PMSF M+S"},"content":{"rendered":"<p>Nokian HKPL LT3 LT315\/70R17 on usaldusv\u00e4\u00e4rne talverehv, mis on loodud tagama maksimaalse kindluse ja stabiilsuse karmides s\u00f5iduoludes. Rehvi studded tehnoloogia tagab erakordse haarduvuse ning v\u00e4hendab libisemisriski nii j\u00e4\u00e4l kui ka lumel. 3PMSF (Three Peak Mountain Snowflake) s\u00fcmbol kinnitab rehvi k\u00f5rge j\u00f5udluse talvekujul, v\u00f5imaldades ohutut s\u00f5itu k\u00f5ige n\u00f5udlikumates tingimustes. Lisaks omab see M+S m\u00e4rgistust, mis t\u00e4hendab sobivust nii muru-, lumise kui ka mudase s\u00f5idu jaoks, pakkudes mitmek\u00fclgset lahendust erinevatele maastikele.<\/p>\n<p>LT315\/70R17 m\u00f5\u00f5tmed toovad v\u00e4lja rehvi stabiilsuse ja j\u00f5udluse, mis on olulised eriti raskemate s\u00f5idukite puhul. 121Q koormusindeks ja kiirusindeks Q tagavad, et rehv vastab n\u00f5udlikele t\u00f6\u00f6tingimustele ning toetab s\u00f5iduki j\u00f5udlust pikaaegselt. Nokian HKPL LT3 on ideaalne valik neile, kes hindavad turvalisust ja esmaklassilist veoj\u00f5udlust k\u00fclmal hooajal. Vali see rehv, et tagada usaldusv\u00e4\u00e4rne ja kindel s\u00f5idukogemus igas ilmastikutingimustes.<\/p>","protected":false},"excerpt":{"rendered":"<p>Nokian HKPL LT3 LT315\/70R17 on usaldusv\u00e4\u00e4rne talverehv, mis on loodud tagama maksimaalse kindluse ja stabiilsuse karmides s\u00f5iduoludes. Rehvi studded tehnoloogia tagab erakordse haarduvuse ning v\u00e4hendab libisemisriski nii j\u00e4\u00e4l kui ka lumel. 3PMSF (Three Peak Mountain Snowflake) s\u00fcmbol kinnitab rehvi k\u00f5rge j\u00f5udluse talvekujul, v\u00f5imaldades ohutut s\u00f5itu k\u00f5ige n\u00f5udlikumates tingimustes. Lisaks omab see M+S m\u00e4rgistust, mis t\u00e4hendab [&hellip;]<\/p>\n","protected":false},"featured_media":124173,"template":"","meta":{"site-sidebar-layout":"default","site-content-layout":"","ast-site-content-layout":"","site-content-style":"default","site-sidebar-style":"default","ast-global-header-display":"","ast-banner-title-visibility":"","ast-main-header-display":"","ast-hfb-above-header-display":"","ast-hfb-below-header-display":"","ast-hfb-mobile-header-display":"","site-post-title":"","ast-breadcrumbs-content":"","ast-featured-img":"","footer-sml-layout":"","theme-transparent-header-meta":"","adv-header-id-meta":"","stick-header-meta":"","header-above-stick-meta":"","header-main-stick-meta":"","header-below-stick-meta":"","astra-migrate-meta-layouts":"default","ast-page-background-enabled":"default","ast-page-background-meta":{"desktop":{"background-color":"","background-image":"","background-repeat":"repeat","background-position":"center center","background-size":"auto","background-attachment":"scroll","background-type":"","background-media":"","overlay-type":"","overlay-color":"","overlay-opacity":"","overlay-gradient":""},"tablet":{"background-color":"","background-image":"","background-repeat":"repeat","background-position":"center center","background-size":"auto","background-attachment":"scroll","background-type":"","background-media":"","overlay-type":"","overlay-color":"","overlay-opacity":"","overlay-gradient":""},"mobile":{"background-color":"","background-image":"","background-repeat":"repeat","background-position":"center center","background-size":"auto","background-attachment":"scroll","background-type":"","background-media":"","overlay-type":"","overlay-color":"","overlay-opacity":"","overlay-gradient":""}},"ast-content-background-meta":{"desktop":{"background-color":"var(--ast-global-color-5)","background-image":"","background-repeat":"repeat","background-position":"center center","background-size":"auto","background-attachment":"scroll","background-type":"","background-media":"","overlay-type":"","overlay-color":"","overlay-opacity":"","overlay-gradient":""},"tablet":{"background-color":"var(--ast-global-color-5)","background-image":"","background-repeat":"repeat","background-position":"center center","background-size":"auto","background-attachment":"scroll","background-type":"","background-media":"","overlay-type":"","overlay-color":"","overlay-opacity":"","overlay-gradient":""},"mobile":{"background-color":"var(--ast-global-color-5)","background-image":"","background-repeat":"repeat","background-position":"center center","background-size":"auto","background-attachment":"scroll","background-type":"","background-media":"","overlay-type":"","overlay-color":"","overlay-opacity":"","overlay-gradient":""}}},"product_brand":[],"product_cat":[34229],"product_tag":[],"pa_brand_name":[25032],"class_list":{"0":"post-120083","1":"product","2":"type-product","3":"status-publish","4":"has-post-thumbnail","6":"product_cat-winter-tires-with-studs","7":"pa_brand_name-nokian","8":"desktop-align-left","9":"tablet-align-left","10":"mobile-align-left","12":"first","13":"outofstock","14":"taxable","15":"shipping-taxable","16":"purchasable","17":"product-type-simple"},"_links":{"self":[{"href":"https:\/\/shop.rettum.ee\/en\/wp-json\/wp\/v2\/product\/120083","targetHints":{"allow":["GET"]}}],"collection":[{"href":"https:\/\/shop.rettum.ee\/en\/wp-json\/wp\/v2\/product"}],"about":[{"href":"https:\/\/shop.rettum.ee\/en\/wp-json\/wp\/v2\/types\/product"}],"version-history":[{"count":1,"href":"https:\/\/shop.rettum.ee\/en\/wp-json\/wp\/v2\/product\/120083\/revisions"}],"predecessor-version":[{"id":126445,"href":"https:\/\/shop.rettum.ee\/en\/wp-json\/wp\/v2\/product\/120083\/revisions\/126445"}],"wp:featuredmedia":[{"embeddable":true,"href":"https:\/\/shop.rettum.ee\/en\/wp-json\/wp\/v2\/media\/124173"}],"wp:attachment":[{"href":"https:\/\/shop.rettum.ee\/en\/wp-json\/wp\/v2\/media?parent=120083"}],"wp:term":[{"taxonomy":"product_brand","embeddable":true,"href":"https:\/\/shop.rettum.ee\/en\/wp-json\/wp\/v2\/product_brand?post=120083"},{"taxonomy":"product_cat","embeddable":true,"href":"https:\/\/shop.rettum.ee\/en\/wp-json\/wp\/v2\/product_cat?post=120083"},{"taxonomy":"product_tag","embeddable":true,"href":"https:\/\/shop.rettum.ee\/en\/wp-json\/wp\/v2\/product_tag?post=120083"},{"taxonomy":"pa_brand_name","embeddable":true,"href":"https:\/\/shop.rettum.ee\/en\/wp-json\/wp\/v2\/pa_brand_name?post=120083"}],"curies":[{"name":"wp","href":"https:\/\/api.w.org\/{rel}","templated":true}]}}