{"id":120086,"date":"2025-03-31T02:57:59","date_gmt":"2025-03-30T23:57:59","guid":{"rendered":"https:\/\/shop.rettum.ee\/toode\/275-40r21-nokian-hkpl-10-suv-107t-xl-studded-3pmsf-ms\/"},"modified":"2026-03-22T03:03:40","modified_gmt":"2026-03-22T01:03:40","slug":"275-40r21-nokian-hkpl-10-suv-107t-xl-studded-3pmsf-ms","status":"publish","type":"product","link":"https:\/\/shop.rettum.ee\/en\/product\/275-40r21-nokian-hkpl-10-suv-107t-xl-studded-3pmsf-ms\/","title":{"rendered":"275\/40R21 NOKIAN HKPL 10 SUV 107T XL Studded 3PMSF M+S"},"content":{"rendered":"<p>Nokian HKPL 10 SUV 107T XL Studded on tipptasemel rehvirataste lahendus, mis on loodud tagama maksimaalse haarduvuse ja stabiilsuse erinevates teeoludes. Selle 275\/40R21 m\u00f5\u00f5tidega rehv on varustatud t\u00f5husate aheti mustritega, mis tagavad suurep\u00e4rase j\u00f5udluse nii lumistel, j\u00e4istel kui ka niisketel teedel. Rehvil on 3PMSF ja M+S klassifikatsioonid, mis kinnitavad selle v\u00f5imekust raskete talveolude puhul, pakkudes usaldusv\u00e4\u00e4rset pidamist ja ohutust igas olukorras.<\/p>\n<p>XL versioon ja 107T m\u00e4rgis tagavad suurema koormusv\u00f5ime ja kiiruspiirangu, muutes selle ideaalseks valikuks SUV-s\u00f5idukitele, kes n\u00f5uavad k\u00f5rgemaid soorituse standardeid. Nokian on tuntud oma innovaatiliste ja keskkonnas\u00f5bralike lahenduste poolest, pakkudes s\u00f5idumugavust ja vastupidavust ka k\u00f5ige n\u00f5udlikumates tingimustes.<\/p>\n<p>Valides Nokian HKPL 10 SUV 107T XL Studded rehvi, tagate oma s\u00f5idukile parima v\u00f5imaliku turvalisuse ja usaldusv\u00e4\u00e4rsuse aastaaegadeks ning nautige puhtamate ja kindlamate s\u00f5iduprotsesside eeliseid.<\/p>","protected":false},"excerpt":{"rendered":"<p>Nokian HKPL 10 SUV 107T XL Studded on tipptasemel rehvirataste lahendus, mis on loodud tagama maksimaalse haarduvuse ja stabiilsuse erinevates teeoludes. Selle 275\/40R21 m\u00f5\u00f5tidega rehv on varustatud t\u00f5husate aheti mustritega, mis tagavad suurep\u00e4rase j\u00f5udluse nii lumistel, j\u00e4istel kui ka niisketel teedel. Rehvil on 3PMSF ja M+S klassifikatsioonid, mis kinnitavad selle v\u00f5imekust raskete talveolude puhul, pakkudes [&hellip;]<\/p>\n","protected":false},"featured_media":124172,"template":"","meta":{"site-sidebar-layout":"default","site-content-layout":"","ast-site-content-layout":"","site-content-style":"default","site-sidebar-style":"default","ast-global-header-display":"","ast-banner-title-visibility":"","ast-main-header-display":"","ast-hfb-above-header-display":"","ast-hfb-below-header-display":"","ast-hfb-mobile-header-display":"","site-post-title":"","ast-breadcrumbs-content":"","ast-featured-img":"","footer-sml-layout":"","theme-transparent-header-meta":"","adv-header-id-meta":"","stick-header-meta":"","header-above-stick-meta":"","header-main-stick-meta":"","header-below-stick-meta":"","astra-migrate-meta-layouts":"default","ast-page-background-enabled":"default","ast-page-background-meta":{"desktop":{"background-color":"","background-image":"","background-repeat":"repeat","background-position":"center center","background-size":"auto","background-attachment":"scroll","background-type":"","background-media":"","overlay-type":"","overlay-color":"","overlay-opacity":"","overlay-gradient":""},"tablet":{"background-color":"","background-image":"","background-repeat":"repeat","background-position":"center center","background-size":"auto","background-attachment":"scroll","background-type":"","background-media":"","overlay-type":"","overlay-color":"","overlay-opacity":"","overlay-gradient":""},"mobile":{"background-color":"","background-image":"","background-repeat":"repeat","background-position":"center center","background-size":"auto","background-attachment":"scroll","background-type":"","background-media":"","overlay-type":"","overlay-color":"","overlay-opacity":"","overlay-gradient":""}},"ast-content-background-meta":{"desktop":{"background-color":"var(--ast-global-color-5)","background-image":"","background-repeat":"repeat","background-position":"center center","background-size":"auto","background-attachment":"scroll","background-type":"","background-media":"","overlay-type":"","overlay-color":"","overlay-opacity":"","overlay-gradient":""},"tablet":{"background-color":"var(--ast-global-color-5)","background-image":"","background-repeat":"repeat","background-position":"center center","background-size":"auto","background-attachment":"scroll","background-type":"","background-media":"","overlay-type":"","overlay-color":"","overlay-opacity":"","overlay-gradient":""},"mobile":{"background-color":"var(--ast-global-color-5)","background-image":"","background-repeat":"repeat","background-position":"center center","background-size":"auto","background-attachment":"scroll","background-type":"","background-media":"","overlay-type":"","overlay-color":"","overlay-opacity":"","overlay-gradient":""}}},"product_brand":[],"product_cat":[34229],"product_tag":[],"pa_brand_name":[25032],"class_list":{"0":"post-120086","1":"product","2":"type-product","3":"status-publish","4":"has-post-thumbnail","6":"product_cat-winter-tires-with-studs","7":"pa_brand_name-nokian","8":"desktop-align-left","9":"tablet-align-left","10":"mobile-align-left","12":"first","13":"outofstock","14":"taxable","15":"shipping-taxable","16":"purchasable","17":"product-type-simple"},"_links":{"self":[{"href":"https:\/\/shop.rettum.ee\/en\/wp-json\/wp\/v2\/product\/120086","targetHints":{"allow":["GET"]}}],"collection":[{"href":"https:\/\/shop.rettum.ee\/en\/wp-json\/wp\/v2\/product"}],"about":[{"href":"https:\/\/shop.rettum.ee\/en\/wp-json\/wp\/v2\/types\/product"}],"version-history":[{"count":1,"href":"https:\/\/shop.rettum.ee\/en\/wp-json\/wp\/v2\/product\/120086\/revisions"}],"predecessor-version":[{"id":126444,"href":"https:\/\/shop.rettum.ee\/en\/wp-json\/wp\/v2\/product\/120086\/revisions\/126444"}],"wp:featuredmedia":[{"embeddable":true,"href":"https:\/\/shop.rettum.ee\/en\/wp-json\/wp\/v2\/media\/124172"}],"wp:attachment":[{"href":"https:\/\/shop.rettum.ee\/en\/wp-json\/wp\/v2\/media?parent=120086"}],"wp:term":[{"taxonomy":"product_brand","embeddable":true,"href":"https:\/\/shop.rettum.ee\/en\/wp-json\/wp\/v2\/product_brand?post=120086"},{"taxonomy":"product_cat","embeddable":true,"href":"https:\/\/shop.rettum.ee\/en\/wp-json\/wp\/v2\/product_cat?post=120086"},{"taxonomy":"product_tag","embeddable":true,"href":"https:\/\/shop.rettum.ee\/en\/wp-json\/wp\/v2\/product_tag?post=120086"},{"taxonomy":"pa_brand_name","embeddable":true,"href":"https:\/\/shop.rettum.ee\/en\/wp-json\/wp\/v2\/pa_brand_name?post=120086"}],"curies":[{"name":"wp","href":"https:\/\/api.w.org\/{rel}","templated":true}]}}