{"id":120088,"date":"2025-03-31T02:58:01","date_gmt":"2025-03-30T23:58:01","guid":{"rendered":"https:\/\/shop.rettum.ee\/toode\/225-55r17-hankook-winter-icept-rs3-w462-97h-rp-studless-cbb72-3pmsf-ms\/"},"modified":"2025-09-12T02:45:31","modified_gmt":"2025-09-11T23:45:31","slug":"225-55r17-hankook-winter-icept-rs3-w462-97h-rp-studless-cbb72-3pmsf-ms","status":"publish","type":"product","link":"https:\/\/shop.rettum.ee\/en\/product\/225-55r17-hankook-winter-icept-rs3-w462-97h-rp-studless-cbb72-3pmsf-ms\/","title":{"rendered":"225\/55R17 HANKOOK WINTER I*CEPT RS3 (W462) 97H RP Studless CBB72 3PMSF M+S"},"content":{"rendered":"<p>225\/55R17 HANKOOK WINTER I*CEPT RS3 (W462) on tipptasemel talver\u00f5ngas, mis tagab turvalise ja kindla s\u00f5idu ka k\u00f5ige n\u00f5udlikumates talvetingimustes. R\u00f5ngas omab 97H koormus- ja kiirusindekseid, mis v\u00f5imaldavad suurep\u00e4rast kandev\u00f5imet ja vastupidavust nii igap\u00e4evases s\u00f5idus kui ka n\u00f5udlikel lumistel ja j\u00e4istel teedel.<\/p>\n<p>Innovaatiline studless-disain v\u00e4hendab teedel tekkivat m\u00fcra ja v\u00f5imaldab tasasemat s\u00f5itu, pakkudes optimaalseid pidamisv\u00f5imeid nii niisketel kui ka lumistel pindadel. CBB72 tehnoloogia ja spetsiaalsed kavandatud ribad tagavad erakordse veoj\u00f5u ning juhitavuse, pakkudes samaaegselt suurep\u00e4rast k\u00fctuses\u00e4\u00e4stlikkust ja pidamist eri ilmastikutingimustes.<\/p>\n<p>Tunnustatud 3PMSF s\u00fcmbol ja M+S klassifitseerimine kinnitavad, et see talver\u00f5ngas vastab rangeimatele talvise ohutuse n\u00f5uetele. HANKOOK WINTER I*CEPT RS3 (W462) on ideaalne valik autojuhtidele, kes hindavad usaldusv\u00e4\u00e4rsust, turvalisust ja tipptasemel tehnoloogiat oma s\u00f5idukis ka k\u00f5ige k\u00fclmematel p\u00e4evadel.<\/p>","protected":false},"excerpt":{"rendered":"<p>225\/55R17 HANKOOK WINTER I*CEPT RS3 (W462) on tipptasemel talver\u00f5ngas, mis tagab turvalise ja kindla s\u00f5idu ka k\u00f5ige n\u00f5udlikumates talvetingimustes. R\u00f5ngas omab 97H koormus- ja kiirusindekseid, mis v\u00f5imaldavad suurep\u00e4rast kandev\u00f5imet ja vastupidavust nii igap\u00e4evases s\u00f5idus kui ka n\u00f5udlikel lumistel ja j\u00e4istel teedel. Innovaatiline studless-disain v\u00e4hendab teedel tekkivat m\u00fcra ja v\u00f5imaldab tasasemat s\u00f5itu, pakkudes optimaalseid pidamisv\u00f5imeid nii [&hellip;]<\/p>\n","protected":false},"featured_media":124169,"template":"","meta":{"site-sidebar-layout":"default","site-content-layout":"","ast-site-content-layout":"","site-content-style":"default","site-sidebar-style":"default","ast-global-header-display":"","ast-banner-title-visibility":"","ast-main-header-display":"","ast-hfb-above-header-display":"","ast-hfb-below-header-display":"","ast-hfb-mobile-header-display":"","site-post-title":"","ast-breadcrumbs-content":"","ast-featured-img":"","footer-sml-layout":"","theme-transparent-header-meta":"","adv-header-id-meta":"","stick-header-meta":"","header-above-stick-meta":"","header-main-stick-meta":"","header-below-stick-meta":"","astra-migrate-meta-layouts":"default","ast-page-background-enabled":"default","ast-page-background-meta":{"desktop":{"background-color":"","background-image":"","background-repeat":"repeat","background-position":"center center","background-size":"auto","background-attachment":"scroll","background-type":"","background-media":"","overlay-type":"","overlay-color":"","overlay-opacity":"","overlay-gradient":""},"tablet":{"background-color":"","background-image":"","background-repeat":"repeat","background-position":"center center","background-size":"auto","background-attachment":"scroll","background-type":"","background-media":"","overlay-type":"","overlay-color":"","overlay-opacity":"","overlay-gradient":""},"mobile":{"background-color":"","background-image":"","background-repeat":"repeat","background-position":"center center","background-size":"auto","background-attachment":"scroll","background-type":"","background-media":"","overlay-type":"","overlay-color":"","overlay-opacity":"","overlay-gradient":""}},"ast-content-background-meta":{"desktop":{"background-color":"var(--ast-global-color-5)","background-image":"","background-repeat":"repeat","background-position":"center center","background-size":"auto","background-attachment":"scroll","background-type":"","background-media":"","overlay-type":"","overlay-color":"","overlay-opacity":"","overlay-gradient":""},"tablet":{"background-color":"var(--ast-global-color-5)","background-image":"","background-repeat":"repeat","background-position":"center center","background-size":"auto","background-attachment":"scroll","background-type":"","background-media":"","overlay-type":"","overlay-color":"","overlay-opacity":"","overlay-gradient":""},"mobile":{"background-color":"var(--ast-global-color-5)","background-image":"","background-repeat":"repeat","background-position":"center center","background-size":"auto","background-attachment":"scroll","background-type":"","background-media":"","overlay-type":"","overlay-color":"","overlay-opacity":"","overlay-gradient":""}}},"product_brand":[],"product_cat":[34228],"product_tag":[],"pa_brand_name":[17812],"class_list":{"0":"post-120088","1":"product","2":"type-product","3":"status-publish","4":"has-post-thumbnail","6":"product_cat-winter-tires-friction","7":"pa_brand_name-hankook","8":"desktop-align-left","9":"tablet-align-left","10":"mobile-align-left","12":"first","13":"outofstock","14":"taxable","15":"shipping-taxable","16":"purchasable","17":"product-type-simple"},"_links":{"self":[{"href":"https:\/\/shop.rettum.ee\/en\/wp-json\/wp\/v2\/product\/120088","targetHints":{"allow":["GET"]}}],"collection":[{"href":"https:\/\/shop.rettum.ee\/en\/wp-json\/wp\/v2\/product"}],"about":[{"href":"https:\/\/shop.rettum.ee\/en\/wp-json\/wp\/v2\/types\/product"}],"version-history":[{"count":1,"href":"https:\/\/shop.rettum.ee\/en\/wp-json\/wp\/v2\/product\/120088\/revisions"}],"predecessor-version":[{"id":126441,"href":"https:\/\/shop.rettum.ee\/en\/wp-json\/wp\/v2\/product\/120088\/revisions\/126441"}],"wp:featuredmedia":[{"embeddable":true,"href":"https:\/\/shop.rettum.ee\/en\/wp-json\/wp\/v2\/media\/124169"}],"wp:attachment":[{"href":"https:\/\/shop.rettum.ee\/en\/wp-json\/wp\/v2\/media?parent=120088"}],"wp:term":[{"taxonomy":"product_brand","embeddable":true,"href":"https:\/\/shop.rettum.ee\/en\/wp-json\/wp\/v2\/product_brand?post=120088"},{"taxonomy":"product_cat","embeddable":true,"href":"https:\/\/shop.rettum.ee\/en\/wp-json\/wp\/v2\/product_cat?post=120088"},{"taxonomy":"product_tag","embeddable":true,"href":"https:\/\/shop.rettum.ee\/en\/wp-json\/wp\/v2\/product_tag?post=120088"},{"taxonomy":"pa_brand_name","embeddable":true,"href":"https:\/\/shop.rettum.ee\/en\/wp-json\/wp\/v2\/pa_brand_name?post=120088"}],"curies":[{"name":"wp","href":"https:\/\/api.w.org\/{rel}","templated":true}]}}