{"id":120092,"date":"2025-03-31T02:58:04","date_gmt":"2025-03-30T23:58:04","guid":{"rendered":"https:\/\/shop.rettum.ee\/toode\/245-45r19-hankook-ion-icept-iw01-98v-ncs-elect-rp-dot22-studless-cba69-3pmsf-ms\/"},"modified":"2026-03-22T03:03:40","modified_gmt":"2026-03-22T01:03:40","slug":"245-45r19-hankook-ion-icept-iw01-98v-ncs-elect-rp-dot22-studless-cba69-3pmsf-ms","status":"publish","type":"product","link":"https:\/\/shop.rettum.ee\/en\/product\/245-45r19-hankook-ion-icept-iw01-98v-ncs-elect-rp-dot22-studless-cba69-3pmsf-ms\/","title":{"rendered":"245\/45R19 HANKOOK ION I*CEPT (IW01) 98V NCS Elect RP DOT22 Studless CBA69 3PMSF M+S"},"content":{"rendered":"<p>245\/45R19 HANKOOK ION I*CEPT (IW01) 98V NCS Elect RP DOT22 Studless CBA69 3PMSF M+S on tipptasemel rehvid, mis \u00fchendavad innovatsiooni ja praktilisuse igas olukorras. Rehvi m\u00f5\u00f5t tagavad kindla ja stabiilse s\u00f5idu ning 98V klassi toob kaasa suure kandev\u00f5ime ning maksimaalse lubatud kiiruse kuni 240 km\/h. <\/p>\n<p>Kasutatud NCS ja Elect RP tehnoloogiad parandavad veoj\u00f5udu ja v\u00e4hendavad p\u00f6\u00f6rlemistakistust, mis omakorda aitab kaasa k\u00fctuses\u00e4\u00e4stlikkusele ja s\u00f5iduohutusele. DOT22 m\u00e4rgistus kinnitab rehvi kvaliteeti ning CBA69 mustri kood annab aimu unikaalsest disainist, mis toetab suurep\u00e4rast pidamist kuivadel, m\u00e4rgadel ja libedatel teedel. <\/p>\n<p>Rehv on varustatud 3PMSF sertifikaadiga ning M+S s\u00fcmboliga, mis n\u00e4itavad selle v\u00f5imekust pakkuda kindlat haardumist ka lumistel ja mudasel tingimustel, ilma studdeid kasutamata. Hankook ION I*CEPT rehvid on ideaalne valik neile, kes hindavad turvalist ja mugavat s\u00f5itu, kombineerides sportliku j\u00f5udluse ning mitmek\u00fclgse kasutusotstarbe ka k\u00f5ige muutuvamates ilmastikutingimustes.<\/p>","protected":false},"excerpt":{"rendered":"<p>245\/45R19 HANKOOK ION I*CEPT (IW01) 98V NCS Elect RP DOT22 Studless CBA69 3PMSF M+S on tipptasemel rehvid, mis \u00fchendavad innovatsiooni ja praktilisuse igas olukorras. Rehvi m\u00f5\u00f5t tagavad kindla ja stabiilse s\u00f5idu ning 98V klassi toob kaasa suure kandev\u00f5ime ning maksimaalse lubatud kiiruse kuni 240 km\/h. Kasutatud NCS ja Elect RP tehnoloogiad parandavad veoj\u00f5udu ja v\u00e4hendavad [&hellip;]<\/p>\n","protected":false},"featured_media":124168,"template":"","meta":{"site-sidebar-layout":"default","site-content-layout":"","ast-site-content-layout":"","site-content-style":"default","site-sidebar-style":"default","ast-global-header-display":"","ast-banner-title-visibility":"","ast-main-header-display":"","ast-hfb-above-header-display":"","ast-hfb-below-header-display":"","ast-hfb-mobile-header-display":"","site-post-title":"","ast-breadcrumbs-content":"","ast-featured-img":"","footer-sml-layout":"","theme-transparent-header-meta":"","adv-header-id-meta":"","stick-header-meta":"","header-above-stick-meta":"","header-main-stick-meta":"","header-below-stick-meta":"","astra-migrate-meta-layouts":"default","ast-page-background-enabled":"default","ast-page-background-meta":{"desktop":{"background-color":"","background-image":"","background-repeat":"repeat","background-position":"center center","background-size":"auto","background-attachment":"scroll","background-type":"","background-media":"","overlay-type":"","overlay-color":"","overlay-opacity":"","overlay-gradient":""},"tablet":{"background-color":"","background-image":"","background-repeat":"repeat","background-position":"center center","background-size":"auto","background-attachment":"scroll","background-type":"","background-media":"","overlay-type":"","overlay-color":"","overlay-opacity":"","overlay-gradient":""},"mobile":{"background-color":"","background-image":"","background-repeat":"repeat","background-position":"center center","background-size":"auto","background-attachment":"scroll","background-type":"","background-media":"","overlay-type":"","overlay-color":"","overlay-opacity":"","overlay-gradient":""}},"ast-content-background-meta":{"desktop":{"background-color":"var(--ast-global-color-5)","background-image":"","background-repeat":"repeat","background-position":"center center","background-size":"auto","background-attachment":"scroll","background-type":"","background-media":"","overlay-type":"","overlay-color":"","overlay-opacity":"","overlay-gradient":""},"tablet":{"background-color":"var(--ast-global-color-5)","background-image":"","background-repeat":"repeat","background-position":"center center","background-size":"auto","background-attachment":"scroll","background-type":"","background-media":"","overlay-type":"","overlay-color":"","overlay-opacity":"","overlay-gradient":""},"mobile":{"background-color":"var(--ast-global-color-5)","background-image":"","background-repeat":"repeat","background-position":"center center","background-size":"auto","background-attachment":"scroll","background-type":"","background-media":"","overlay-type":"","overlay-color":"","overlay-opacity":"","overlay-gradient":""}}},"product_brand":[],"product_cat":[34228],"product_tag":[],"pa_brand_name":[17812],"class_list":{"0":"post-120092","1":"product","2":"type-product","3":"status-publish","4":"has-post-thumbnail","6":"product_cat-winter-tires-friction","7":"pa_brand_name-hankook","8":"desktop-align-left","9":"tablet-align-left","10":"mobile-align-left","12":"first","13":"outofstock","14":"taxable","15":"shipping-taxable","16":"purchasable","17":"product-type-simple"},"_links":{"self":[{"href":"https:\/\/shop.rettum.ee\/en\/wp-json\/wp\/v2\/product\/120092","targetHints":{"allow":["GET"]}}],"collection":[{"href":"https:\/\/shop.rettum.ee\/en\/wp-json\/wp\/v2\/product"}],"about":[{"href":"https:\/\/shop.rettum.ee\/en\/wp-json\/wp\/v2\/types\/product"}],"version-history":[{"count":1,"href":"https:\/\/shop.rettum.ee\/en\/wp-json\/wp\/v2\/product\/120092\/revisions"}],"predecessor-version":[{"id":126436,"href":"https:\/\/shop.rettum.ee\/en\/wp-json\/wp\/v2\/product\/120092\/revisions\/126436"}],"wp:featuredmedia":[{"embeddable":true,"href":"https:\/\/shop.rettum.ee\/en\/wp-json\/wp\/v2\/media\/124168"}],"wp:attachment":[{"href":"https:\/\/shop.rettum.ee\/en\/wp-json\/wp\/v2\/media?parent=120092"}],"wp:term":[{"taxonomy":"product_brand","embeddable":true,"href":"https:\/\/shop.rettum.ee\/en\/wp-json\/wp\/v2\/product_brand?post=120092"},{"taxonomy":"product_cat","embeddable":true,"href":"https:\/\/shop.rettum.ee\/en\/wp-json\/wp\/v2\/product_cat?post=120092"},{"taxonomy":"product_tag","embeddable":true,"href":"https:\/\/shop.rettum.ee\/en\/wp-json\/wp\/v2\/product_tag?post=120092"},{"taxonomy":"pa_brand_name","embeddable":true,"href":"https:\/\/shop.rettum.ee\/en\/wp-json\/wp\/v2\/pa_brand_name?post=120092"}],"curies":[{"name":"wp","href":"https:\/\/api.w.org\/{rel}","templated":true}]}}