{"id":120093,"date":"2025-03-31T02:58:04","date_gmt":"2025-03-30T23:58:04","guid":{"rendered":"https:\/\/shop.rettum.ee\/toode\/255-50r19-hankook-winter-ipike-x-w429a-107t-xl-rp-dot22-studded-3pmsf-ms\/"},"modified":"2025-09-13T02:45:27","modified_gmt":"2025-09-12T23:45:27","slug":"255-50r19-hankook-winter-ipike-x-w429a-107t-xl-rp-dot22-studded-3pmsf-ms","status":"publish","type":"product","link":"https:\/\/shop.rettum.ee\/en\/product\/255-50r19-hankook-winter-ipike-x-w429a-107t-xl-rp-dot22-studded-3pmsf-ms\/","title":{"rendered":"255\/50R19 HANKOOK WINTER I*PIKE X (W429A) 107T XL RP DOT22 Studded 3PMSF M+S"},"content":{"rendered":"<p>Hankook WINTER I*PIKE X (W429A) 255\/50R19 on tipptasemel talverehv, mis tagab kindla s\u00f5idu isegi k\u00f5ige karmimates talveoludes. XL-klassi rehvin\u00e4idisega 107T pakub see mudel suurep\u00e4rast koormustaluvust ja t\u00e4pset juhitavust, olles ideaalne valik n\u00f5udlikeks talves\u00f5itudeks. DOT22 standardiga valmistatud rehv on disainitud vastama t\u00e4nap\u00e4evastele ohutus- ja kvaliteedin\u00f5uetele ning on varustatud usaldusv\u00e4\u00e4rsete n\u00f5elarehvidega, mis parandavad haarduvust j\u00e4\u00e4sel ja lumel.<\/p>\n<p>Rehv vastab 3PMSF sertifikaadile, mis t\u00f5endab selle v\u00f5imekust \u00e4\u00e4rmuslike lumetingimuste puhul, ning M+S s\u00fcmbol kinnitab suurep\u00e4rast sooritust mudal ja lumisel pinnal. Hankook WINTER I*PIKE X (W429A) on loodud pakkuma maksimaalset turvalisust ja stabiilsust, v\u00f5imaldades s\u00f5ita enesekindlalt ka k\u00f5ige libedamal teel. See rehv \u00fchendab kaasaegse tehnoloogia ja kvaliteetse disaini, muutes selle usaldusv\u00e4\u00e4rseks partneriks talvetekkides ning tagades s\u00f5idu mugavuse ja kindluse igal kilomeetril.<\/p>","protected":false},"excerpt":{"rendered":"<p>Hankook WINTER I*PIKE X (W429A) 255\/50R19 on tipptasemel talverehv, mis tagab kindla s\u00f5idu isegi k\u00f5ige karmimates talveoludes. XL-klassi rehvin\u00e4idisega 107T pakub see mudel suurep\u00e4rast koormustaluvust ja t\u00e4pset juhitavust, olles ideaalne valik n\u00f5udlikeks talves\u00f5itudeks. DOT22 standardiga valmistatud rehv on disainitud vastama t\u00e4nap\u00e4evastele ohutus- ja kvaliteedin\u00f5uetele ning on varustatud usaldusv\u00e4\u00e4rsete n\u00f5elarehvidega, mis parandavad haarduvust j\u00e4\u00e4sel ja lumel. [&hellip;]<\/p>\n","protected":false},"featured_media":124167,"template":"","meta":{"site-sidebar-layout":"default","site-content-layout":"","ast-site-content-layout":"","site-content-style":"default","site-sidebar-style":"default","ast-global-header-display":"","ast-banner-title-visibility":"","ast-main-header-display":"","ast-hfb-above-header-display":"","ast-hfb-below-header-display":"","ast-hfb-mobile-header-display":"","site-post-title":"","ast-breadcrumbs-content":"","ast-featured-img":"","footer-sml-layout":"","theme-transparent-header-meta":"","adv-header-id-meta":"","stick-header-meta":"","header-above-stick-meta":"","header-main-stick-meta":"","header-below-stick-meta":"","astra-migrate-meta-layouts":"default","ast-page-background-enabled":"default","ast-page-background-meta":{"desktop":{"background-color":"","background-image":"","background-repeat":"repeat","background-position":"center center","background-size":"auto","background-attachment":"scroll","background-type":"","background-media":"","overlay-type":"","overlay-color":"","overlay-opacity":"","overlay-gradient":""},"tablet":{"background-color":"","background-image":"","background-repeat":"repeat","background-position":"center center","background-size":"auto","background-attachment":"scroll","background-type":"","background-media":"","overlay-type":"","overlay-color":"","overlay-opacity":"","overlay-gradient":""},"mobile":{"background-color":"","background-image":"","background-repeat":"repeat","background-position":"center center","background-size":"auto","background-attachment":"scroll","background-type":"","background-media":"","overlay-type":"","overlay-color":"","overlay-opacity":"","overlay-gradient":""}},"ast-content-background-meta":{"desktop":{"background-color":"var(--ast-global-color-5)","background-image":"","background-repeat":"repeat","background-position":"center center","background-size":"auto","background-attachment":"scroll","background-type":"","background-media":"","overlay-type":"","overlay-color":"","overlay-opacity":"","overlay-gradient":""},"tablet":{"background-color":"var(--ast-global-color-5)","background-image":"","background-repeat":"repeat","background-position":"center center","background-size":"auto","background-attachment":"scroll","background-type":"","background-media":"","overlay-type":"","overlay-color":"","overlay-opacity":"","overlay-gradient":""},"mobile":{"background-color":"var(--ast-global-color-5)","background-image":"","background-repeat":"repeat","background-position":"center center","background-size":"auto","background-attachment":"scroll","background-type":"","background-media":"","overlay-type":"","overlay-color":"","overlay-opacity":"","overlay-gradient":""}}},"product_brand":[],"product_cat":[34229],"product_tag":[],"pa_brand_name":[17812],"class_list":{"0":"post-120093","1":"product","2":"type-product","3":"status-publish","4":"has-post-thumbnail","6":"product_cat-winter-tires-with-studs","7":"pa_brand_name-hankook","8":"desktop-align-left","9":"tablet-align-left","10":"mobile-align-left","12":"first","13":"outofstock","14":"taxable","15":"shipping-taxable","16":"purchasable","17":"product-type-simple"},"_links":{"self":[{"href":"https:\/\/shop.rettum.ee\/en\/wp-json\/wp\/v2\/product\/120093","targetHints":{"allow":["GET"]}}],"collection":[{"href":"https:\/\/shop.rettum.ee\/en\/wp-json\/wp\/v2\/product"}],"about":[{"href":"https:\/\/shop.rettum.ee\/en\/wp-json\/wp\/v2\/types\/product"}],"version-history":[{"count":1,"href":"https:\/\/shop.rettum.ee\/en\/wp-json\/wp\/v2\/product\/120093\/revisions"}],"predecessor-version":[{"id":126437,"href":"https:\/\/shop.rettum.ee\/en\/wp-json\/wp\/v2\/product\/120093\/revisions\/126437"}],"wp:featuredmedia":[{"embeddable":true,"href":"https:\/\/shop.rettum.ee\/en\/wp-json\/wp\/v2\/media\/124167"}],"wp:attachment":[{"href":"https:\/\/shop.rettum.ee\/en\/wp-json\/wp\/v2\/media?parent=120093"}],"wp:term":[{"taxonomy":"product_brand","embeddable":true,"href":"https:\/\/shop.rettum.ee\/en\/wp-json\/wp\/v2\/product_brand?post=120093"},{"taxonomy":"product_cat","embeddable":true,"href":"https:\/\/shop.rettum.ee\/en\/wp-json\/wp\/v2\/product_cat?post=120093"},{"taxonomy":"product_tag","embeddable":true,"href":"https:\/\/shop.rettum.ee\/en\/wp-json\/wp\/v2\/product_tag?post=120093"},{"taxonomy":"pa_brand_name","embeddable":true,"href":"https:\/\/shop.rettum.ee\/en\/wp-json\/wp\/v2\/pa_brand_name?post=120093"}],"curies":[{"name":"wp","href":"https:\/\/api.w.org\/{rel}","templated":true}]}}