{"id":120094,"date":"2025-03-31T02:58:05","date_gmt":"2025-03-30T23:58:05","guid":{"rendered":"https:\/\/shop.rettum.ee\/toode\/255-50r19-hankook-ventus-s1-evo-3-ev-k127e-103t-seal-inside-elect-dot21-22-aaa69\/"},"modified":"2025-07-30T02:51:45","modified_gmt":"2025-07-29T23:51:45","slug":"255-50r19-hankook-ventus-s1-evo-3-ev-k127e-103t-seal-inside-elect-dot21-22-aaa69","status":"publish","type":"product","link":"https:\/\/shop.rettum.ee\/en\/product\/255-50r19-hankook-ventus-s1-evo-3-ev-k127e-103t-seal-inside-elect-dot21-22-aaa69\/","title":{"rendered":"255\/50R19 HANKOOK VENTUS S1 EVO 3 EV (K127E) 103T (+) Seal Inside Elect DOT21\/22 AAA69"},"content":{"rendered":"<p>HANKOOK VENTUS S1 EVO 3 EV (K127E) on tipptasemel rehv, mis \u00fchendab suurep\u00e4rase j\u00f5udluse, ohutuse ja k\u00fctuses\u00e4\u00e4stlikkuse. Rehv on m\u00f5\u00f5tmetega 255\/50R19, pakkudes optimaalseid s\u00f5iduomadusi nii igap\u00e4evases s\u00f5idus kui ka k\u00f5rgetel kiirustel. T\u00e4nu 255 mm laiusele ja 19-tollisele diameetrile tagab see stabiilsuse ja t\u00e4pse juhtitavuse. <\/p>\n<p>Toote load index on 103 ning kiirusindeks T, mis annab kindlustunnet nii n\u00f5udlikes tingimustes kui ka igap\u00e4evases s\u00f5idus. Energias\u00e4\u00e4stlikkuse ja madala m\u00fcra t\u00f5ttu omab see A-klassi k\u00fctuses\u00e4\u00e4stlikkust ja m\u00fcra, m\u00f5\u00f5detuna 69 dB, pakkudes vaikset ja sujuvat s\u00f5idukogemust. Lisaks t\u00e4iendav Seal Inside tehnoloogia lisab rehvi t\u00f6\u00f6kindlust ning vastavus DOT21\/22 standarditele tagab kvaliteedi ja usaldusv\u00e4\u00e4rsuse.<\/p>\n<p>HANKOOK br\u00e4nd on tuntud oma innovaatiliste ja kvaliteetsete rehvide poolest, pakkudes lahendusi, mis on m\u00f5eldud t\u00e4nap\u00e4evaste s\u00f5idukite ja \u00f6koloogilisemate s\u00f5iduolude jaoks. Vali HANKOOK VENTUS S1 EVO 3 EV ja tunne s\u00f5iduohutust, mugavust ning efektiivsust igas olukorras.<\/p>","protected":false},"excerpt":{"rendered":"<p>HANKOOK VENTUS S1 EVO 3 EV (K127E) on tipptasemel rehv, mis \u00fchendab suurep\u00e4rase j\u00f5udluse, ohutuse ja k\u00fctuses\u00e4\u00e4stlikkuse. Rehv on m\u00f5\u00f5tmetega 255\/50R19, pakkudes optimaalseid s\u00f5iduomadusi nii igap\u00e4evases s\u00f5idus kui ka k\u00f5rgetel kiirustel. T\u00e4nu 255 mm laiusele ja 19-tollisele diameetrile tagab see stabiilsuse ja t\u00e4pse juhtitavuse. Toote load index on 103 ning kiirusindeks T, mis annab kindlustunnet [&hellip;]<\/p>\n","protected":false},"featured_media":123563,"template":"","meta":{"site-sidebar-layout":"default","site-content-layout":"","ast-site-content-layout":"","site-content-style":"default","site-sidebar-style":"default","ast-global-header-display":"","ast-banner-title-visibility":"","ast-main-header-display":"","ast-hfb-above-header-display":"","ast-hfb-below-header-display":"","ast-hfb-mobile-header-display":"","site-post-title":"","ast-breadcrumbs-content":"","ast-featured-img":"","footer-sml-layout":"","theme-transparent-header-meta":"","adv-header-id-meta":"","stick-header-meta":"","header-above-stick-meta":"","header-main-stick-meta":"","header-below-stick-meta":"","astra-migrate-meta-layouts":"default","ast-page-background-enabled":"default","ast-page-background-meta":{"desktop":{"background-color":"","background-image":"","background-repeat":"repeat","background-position":"center center","background-size":"auto","background-attachment":"scroll","background-type":"","background-media":"","overlay-type":"","overlay-color":"","overlay-opacity":"","overlay-gradient":""},"tablet":{"background-color":"","background-image":"","background-repeat":"repeat","background-position":"center center","background-size":"auto","background-attachment":"scroll","background-type":"","background-media":"","overlay-type":"","overlay-color":"","overlay-opacity":"","overlay-gradient":""},"mobile":{"background-color":"","background-image":"","background-repeat":"repeat","background-position":"center center","background-size":"auto","background-attachment":"scroll","background-type":"","background-media":"","overlay-type":"","overlay-color":"","overlay-opacity":"","overlay-gradient":""}},"ast-content-background-meta":{"desktop":{"background-color":"var(--ast-global-color-5)","background-image":"","background-repeat":"repeat","background-position":"center center","background-size":"auto","background-attachment":"scroll","background-type":"","background-media":"","overlay-type":"","overlay-color":"","overlay-opacity":"","overlay-gradient":""},"tablet":{"background-color":"var(--ast-global-color-5)","background-image":"","background-repeat":"repeat","background-position":"center center","background-size":"auto","background-attachment":"scroll","background-type":"","background-media":"","overlay-type":"","overlay-color":"","overlay-opacity":"","overlay-gradient":""},"mobile":{"background-color":"var(--ast-global-color-5)","background-image":"","background-repeat":"repeat","background-position":"center center","background-size":"auto","background-attachment":"scroll","background-type":"","background-media":"","overlay-type":"","overlay-color":"","overlay-opacity":"","overlay-gradient":""}}},"product_brand":[],"product_cat":[34225],"product_tag":[],"pa_brand_name":[17812],"class_list":{"0":"post-120094","1":"product","2":"type-product","3":"status-publish","4":"has-post-thumbnail","6":"product_cat-summer-tires-pv","7":"pa_brand_name-hankook","8":"desktop-align-left","9":"tablet-align-left","10":"mobile-align-left","12":"first","13":"outofstock","14":"taxable","15":"shipping-taxable","16":"purchasable","17":"product-type-simple"},"_links":{"self":[{"href":"https:\/\/shop.rettum.ee\/en\/wp-json\/wp\/v2\/product\/120094","targetHints":{"allow":["GET"]}}],"collection":[{"href":"https:\/\/shop.rettum.ee\/en\/wp-json\/wp\/v2\/product"}],"about":[{"href":"https:\/\/shop.rettum.ee\/en\/wp-json\/wp\/v2\/types\/product"}],"version-history":[{"count":1,"href":"https:\/\/shop.rettum.ee\/en\/wp-json\/wp\/v2\/product\/120094\/revisions"}],"predecessor-version":[{"id":126435,"href":"https:\/\/shop.rettum.ee\/en\/wp-json\/wp\/v2\/product\/120094\/revisions\/126435"}],"wp:featuredmedia":[{"embeddable":true,"href":"https:\/\/shop.rettum.ee\/en\/wp-json\/wp\/v2\/media\/123563"}],"wp:attachment":[{"href":"https:\/\/shop.rettum.ee\/en\/wp-json\/wp\/v2\/media?parent=120094"}],"wp:term":[{"taxonomy":"product_brand","embeddable":true,"href":"https:\/\/shop.rettum.ee\/en\/wp-json\/wp\/v2\/product_brand?post=120094"},{"taxonomy":"product_cat","embeddable":true,"href":"https:\/\/shop.rettum.ee\/en\/wp-json\/wp\/v2\/product_cat?post=120094"},{"taxonomy":"product_tag","embeddable":true,"href":"https:\/\/shop.rettum.ee\/en\/wp-json\/wp\/v2\/product_tag?post=120094"},{"taxonomy":"pa_brand_name","embeddable":true,"href":"https:\/\/shop.rettum.ee\/en\/wp-json\/wp\/v2\/pa_brand_name?post=120094"}],"curies":[{"name":"wp","href":"https:\/\/api.w.org\/{rel}","templated":true}]}}