{"id":120097,"date":"2025-03-31T02:58:07","date_gmt":"2025-03-30T23:58:07","guid":{"rendered":"https:\/\/shop.rettum.ee\/toode\/275-55r20-hankook-winter-ipike-x-w429a-117t-xl-rp-dot22-studded-3pmsf-ms\/"},"modified":"2025-10-10T03:11:32","modified_gmt":"2025-10-10T00:11:32","slug":"275-55r20-hankook-winter-ipike-x-w429a-117t-xl-rp-dot22-studded-3pmsf-ms","status":"publish","type":"product","link":"https:\/\/shop.rettum.ee\/en\/product\/275-55r20-hankook-winter-ipike-x-w429a-117t-xl-rp-dot22-studded-3pmsf-ms\/","title":{"rendered":"275\/55R20 HANKOOK WINTER I*PIKE X (W429A) 117T XL RP DOT22 Studded 3PMSF M+S"},"content":{"rendered":"<p>Tutvustame Hankook WINTER I*PIKE X rehvi, mis on loodud tagama maksimaalne ohutus ja kindlus karmides talvetingimustes. Suurus 275\/55R20 koos 117T XL spetsifikatsioonidega tagab suure v\u00f5imekuse ja laitmatu soorituse erinevatel s\u00f5idutingimustel. Rehvil on kaasaegne nugas\u00fcsteem, mis v\u00f5imaldab hinnatavat haarduvust lumine, j\u00e4ine ja ka libedad teed, pakkudes s\u00f5idukile stabiilsust ja enesekindlust ka k\u00f5ige n\u00f5udlikumates olukordades.<\/p>\n<p>Lisaks on rehvid varustatud RP DOT22 m\u00e4rgistusega ning neil on 3PMSF (kolm tippotstega m\u00e4es\u00fcmbol) sertifikaat, mis t\u00f5endab nende v\u00f5imet toime tulla ka suurte lumekattega teedel. M+S (mud and snow) disain tagab universaalse soorituse niiske ja m\u00e4\u00e4rdunud pinnal, muutes need ideaalseks valikuks talvisteks tingimusteks.<\/p>\n<p>Hankook WINTER I*PIKE X \u00fchendab kaasaegse tehnoloogia ja turvalisuse, pakkudes s\u00f5idukile maksimaalset j\u00f5udlust ning v\u00e4hendades libisemisohtu. See rehvi on sobiv valik neile, kes hindavad kvaliteeti, kestvust ja turvalisust ka k\u00f5ige k\u00fclmematel talviste teedel.<\/p>","protected":false},"excerpt":{"rendered":"<p>Tutvustame Hankook WINTER I*PIKE X rehvi, mis on loodud tagama maksimaalne ohutus ja kindlus karmides talvetingimustes. Suurus 275\/55R20 koos 117T XL spetsifikatsioonidega tagab suure v\u00f5imekuse ja laitmatu soorituse erinevatel s\u00f5idutingimustel. Rehvil on kaasaegne nugas\u00fcsteem, mis v\u00f5imaldab hinnatavat haarduvust lumine, j\u00e4ine ja ka libedad teed, pakkudes s\u00f5idukile stabiilsust ja enesekindlust ka k\u00f5ige n\u00f5udlikumates olukordades. Lisaks on [&hellip;]<\/p>\n","protected":false},"featured_media":124167,"template":"","meta":{"site-sidebar-layout":"default","site-content-layout":"","ast-site-content-layout":"","site-content-style":"default","site-sidebar-style":"default","ast-global-header-display":"","ast-banner-title-visibility":"","ast-main-header-display":"","ast-hfb-above-header-display":"","ast-hfb-below-header-display":"","ast-hfb-mobile-header-display":"","site-post-title":"","ast-breadcrumbs-content":"","ast-featured-img":"","footer-sml-layout":"","theme-transparent-header-meta":"","adv-header-id-meta":"","stick-header-meta":"","header-above-stick-meta":"","header-main-stick-meta":"","header-below-stick-meta":"","astra-migrate-meta-layouts":"default","ast-page-background-enabled":"default","ast-page-background-meta":{"desktop":{"background-color":"","background-image":"","background-repeat":"repeat","background-position":"center center","background-size":"auto","background-attachment":"scroll","background-type":"","background-media":"","overlay-type":"","overlay-color":"","overlay-opacity":"","overlay-gradient":""},"tablet":{"background-color":"","background-image":"","background-repeat":"repeat","background-position":"center center","background-size":"auto","background-attachment":"scroll","background-type":"","background-media":"","overlay-type":"","overlay-color":"","overlay-opacity":"","overlay-gradient":""},"mobile":{"background-color":"","background-image":"","background-repeat":"repeat","background-position":"center center","background-size":"auto","background-attachment":"scroll","background-type":"","background-media":"","overlay-type":"","overlay-color":"","overlay-opacity":"","overlay-gradient":""}},"ast-content-background-meta":{"desktop":{"background-color":"var(--ast-global-color-5)","background-image":"","background-repeat":"repeat","background-position":"center center","background-size":"auto","background-attachment":"scroll","background-type":"","background-media":"","overlay-type":"","overlay-color":"","overlay-opacity":"","overlay-gradient":""},"tablet":{"background-color":"var(--ast-global-color-5)","background-image":"","background-repeat":"repeat","background-position":"center center","background-size":"auto","background-attachment":"scroll","background-type":"","background-media":"","overlay-type":"","overlay-color":"","overlay-opacity":"","overlay-gradient":""},"mobile":{"background-color":"var(--ast-global-color-5)","background-image":"","background-repeat":"repeat","background-position":"center center","background-size":"auto","background-attachment":"scroll","background-type":"","background-media":"","overlay-type":"","overlay-color":"","overlay-opacity":"","overlay-gradient":""}}},"product_brand":[],"product_cat":[34229],"product_tag":[],"pa_brand_name":[17812],"class_list":{"0":"post-120097","1":"product","2":"type-product","3":"status-publish","4":"has-post-thumbnail","6":"product_cat-winter-tires-with-studs","7":"pa_brand_name-hankook","8":"desktop-align-left","9":"tablet-align-left","10":"mobile-align-left","12":"first","13":"outofstock","14":"taxable","15":"shipping-taxable","16":"purchasable","17":"product-type-simple"},"_links":{"self":[{"href":"https:\/\/shop.rettum.ee\/en\/wp-json\/wp\/v2\/product\/120097","targetHints":{"allow":["GET"]}}],"collection":[{"href":"https:\/\/shop.rettum.ee\/en\/wp-json\/wp\/v2\/product"}],"about":[{"href":"https:\/\/shop.rettum.ee\/en\/wp-json\/wp\/v2\/types\/product"}],"version-history":[{"count":1,"href":"https:\/\/shop.rettum.ee\/en\/wp-json\/wp\/v2\/product\/120097\/revisions"}],"predecessor-version":[{"id":126432,"href":"https:\/\/shop.rettum.ee\/en\/wp-json\/wp\/v2\/product\/120097\/revisions\/126432"}],"wp:featuredmedia":[{"embeddable":true,"href":"https:\/\/shop.rettum.ee\/en\/wp-json\/wp\/v2\/media\/124167"}],"wp:attachment":[{"href":"https:\/\/shop.rettum.ee\/en\/wp-json\/wp\/v2\/media?parent=120097"}],"wp:term":[{"taxonomy":"product_brand","embeddable":true,"href":"https:\/\/shop.rettum.ee\/en\/wp-json\/wp\/v2\/product_brand?post=120097"},{"taxonomy":"product_cat","embeddable":true,"href":"https:\/\/shop.rettum.ee\/en\/wp-json\/wp\/v2\/product_cat?post=120097"},{"taxonomy":"product_tag","embeddable":true,"href":"https:\/\/shop.rettum.ee\/en\/wp-json\/wp\/v2\/product_tag?post=120097"},{"taxonomy":"pa_brand_name","embeddable":true,"href":"https:\/\/shop.rettum.ee\/en\/wp-json\/wp\/v2\/pa_brand_name?post=120097"}],"curies":[{"name":"wp","href":"https:\/\/api.w.org\/{rel}","templated":true}]}}