{"id":120099,"date":"2025-03-31T02:58:08","date_gmt":"2025-03-30T23:58:08","guid":{"rendered":"https:\/\/shop.rettum.ee\/toode\/185-60r15-sava-eskimo-stud-88t-xl-studded-3pmsf-ms\/"},"modified":"2025-10-22T02:45:29","modified_gmt":"2025-10-21T23:45:29","slug":"185-60r15-sava-eskimo-stud-88t-xl-studded-3pmsf-ms","status":"publish","type":"product","link":"https:\/\/shop.rettum.ee\/en\/product\/185-60r15-sava-eskimo-stud-88t-xl-studded-3pmsf-ms\/","title":{"rendered":"185\/60R15 SAVA ESKIMO STUD 88T XL Studded 3PMSF M+S"},"content":{"rendered":"<p>Tutvu SAVA ESKIMO STUD 88T XL Studded 3PMSF M+S rehviga, mis on ideaalne lahendus n\u00f5udlikele talveoludele. Selle m\u00f5\u00f5tmed 185\/60R15 ja XL-konstruktsioon tagavad \u00fclimalt stabiilse s\u00f5idu ka k\u00f5ige karmimates teetingimustes. Erip\u00e4raselt studdiga disain pakub maksimaalset haarduvust j\u00e4\u00e4- ja lumetingimustes, v\u00f5imaldades turvalist s\u00f5itu nii igap\u00e4evasel kui ka pikemal teel.<\/p>\n<p>Rehv vastab 3PMSF ja M+S standarditele, mis kinnitavad selle suurep\u00e4rast j\u00f5udlust lumisel ja mudasel pinnal. SAVA ESKIMO STUD 88T XL on loodud pakkuma optimeeritud rehvimustrit ja madalamat rullimismurre, aidates kaasa k\u00fctuses\u00e4\u00e4stule ning pikema eluea tagamisele.<\/p>\n<p>Vali see rehv, et tagada maksimaalne ohutus ja s\u00f5idumugavus ka k\u00f5ige n\u00f5udlikumates talvetingimustes \u2013 sobib ideaalselt nii linnat\u00e4navatele kui ka maanteedele. Tee turvalisus esmat\u00e4htsaks juba t\u00e4na!<\/p>","protected":false},"excerpt":{"rendered":"<p>Tutvu SAVA ESKIMO STUD 88T XL Studded 3PMSF M+S rehviga, mis on ideaalne lahendus n\u00f5udlikele talveoludele. Selle m\u00f5\u00f5tmed 185\/60R15 ja XL-konstruktsioon tagavad \u00fclimalt stabiilse s\u00f5idu ka k\u00f5ige karmimates teetingimustes. Erip\u00e4raselt studdiga disain pakub maksimaalset haarduvust j\u00e4\u00e4- ja lumetingimustes, v\u00f5imaldades turvalist s\u00f5itu nii igap\u00e4evasel kui ka pikemal teel. Rehv vastab 3PMSF ja M+S standarditele, mis kinnitavad [&hellip;]<\/p>\n","protected":false},"featured_media":124164,"template":"","meta":{"site-sidebar-layout":"default","site-content-layout":"","ast-site-content-layout":"","site-content-style":"default","site-sidebar-style":"default","ast-global-header-display":"","ast-banner-title-visibility":"","ast-main-header-display":"","ast-hfb-above-header-display":"","ast-hfb-below-header-display":"","ast-hfb-mobile-header-display":"","site-post-title":"","ast-breadcrumbs-content":"","ast-featured-img":"","footer-sml-layout":"","theme-transparent-header-meta":"","adv-header-id-meta":"","stick-header-meta":"","header-above-stick-meta":"","header-main-stick-meta":"","header-below-stick-meta":"","astra-migrate-meta-layouts":"default","ast-page-background-enabled":"default","ast-page-background-meta":{"desktop":{"background-color":"","background-image":"","background-repeat":"repeat","background-position":"center center","background-size":"auto","background-attachment":"scroll","background-type":"","background-media":"","overlay-type":"","overlay-color":"","overlay-opacity":"","overlay-gradient":""},"tablet":{"background-color":"","background-image":"","background-repeat":"repeat","background-position":"center center","background-size":"auto","background-attachment":"scroll","background-type":"","background-media":"","overlay-type":"","overlay-color":"","overlay-opacity":"","overlay-gradient":""},"mobile":{"background-color":"","background-image":"","background-repeat":"repeat","background-position":"center center","background-size":"auto","background-attachment":"scroll","background-type":"","background-media":"","overlay-type":"","overlay-color":"","overlay-opacity":"","overlay-gradient":""}},"ast-content-background-meta":{"desktop":{"background-color":"var(--ast-global-color-5)","background-image":"","background-repeat":"repeat","background-position":"center center","background-size":"auto","background-attachment":"scroll","background-type":"","background-media":"","overlay-type":"","overlay-color":"","overlay-opacity":"","overlay-gradient":""},"tablet":{"background-color":"var(--ast-global-color-5)","background-image":"","background-repeat":"repeat","background-position":"center center","background-size":"auto","background-attachment":"scroll","background-type":"","background-media":"","overlay-type":"","overlay-color":"","overlay-opacity":"","overlay-gradient":""},"mobile":{"background-color":"var(--ast-global-color-5)","background-image":"","background-repeat":"repeat","background-position":"center center","background-size":"auto","background-attachment":"scroll","background-type":"","background-media":"","overlay-type":"","overlay-color":"","overlay-opacity":"","overlay-gradient":""}}},"product_brand":[],"product_cat":[34229],"product_tag":[],"pa_brand_name":[26858],"class_list":{"0":"post-120099","1":"product","2":"type-product","3":"status-publish","4":"has-post-thumbnail","6":"product_cat-winter-tires-with-studs","7":"pa_brand_name-sava","8":"desktop-align-left","9":"tablet-align-left","10":"mobile-align-left","12":"first","13":"outofstock","14":"taxable","15":"shipping-taxable","16":"purchasable","17":"product-type-simple"},"_links":{"self":[{"href":"https:\/\/shop.rettum.ee\/en\/wp-json\/wp\/v2\/product\/120099","targetHints":{"allow":["GET"]}}],"collection":[{"href":"https:\/\/shop.rettum.ee\/en\/wp-json\/wp\/v2\/product"}],"about":[{"href":"https:\/\/shop.rettum.ee\/en\/wp-json\/wp\/v2\/types\/product"}],"version-history":[{"count":1,"href":"https:\/\/shop.rettum.ee\/en\/wp-json\/wp\/v2\/product\/120099\/revisions"}],"predecessor-version":[{"id":126431,"href":"https:\/\/shop.rettum.ee\/en\/wp-json\/wp\/v2\/product\/120099\/revisions\/126431"}],"wp:featuredmedia":[{"embeddable":true,"href":"https:\/\/shop.rettum.ee\/en\/wp-json\/wp\/v2\/media\/124164"}],"wp:attachment":[{"href":"https:\/\/shop.rettum.ee\/en\/wp-json\/wp\/v2\/media?parent=120099"}],"wp:term":[{"taxonomy":"product_brand","embeddable":true,"href":"https:\/\/shop.rettum.ee\/en\/wp-json\/wp\/v2\/product_brand?post=120099"},{"taxonomy":"product_cat","embeddable":true,"href":"https:\/\/shop.rettum.ee\/en\/wp-json\/wp\/v2\/product_cat?post=120099"},{"taxonomy":"product_tag","embeddable":true,"href":"https:\/\/shop.rettum.ee\/en\/wp-json\/wp\/v2\/product_tag?post=120099"},{"taxonomy":"pa_brand_name","embeddable":true,"href":"https:\/\/shop.rettum.ee\/en\/wp-json\/wp\/v2\/pa_brand_name?post=120099"}],"curies":[{"name":"wp","href":"https:\/\/api.w.org\/{rel}","templated":true}]}}