{"id":120100,"date":"2025-03-31T02:58:09","date_gmt":"2025-03-30T23:58:09","guid":{"rendered":"https:\/\/shop.rettum.ee\/toode\/225-45r17-sava-eskimo-ice-94t-xl-fp-friction-dda69-3pmsf-icegrip-ms\/"},"modified":"2025-09-17T02:45:37","modified_gmt":"2025-09-16T23:45:37","slug":"225-45r17-sava-eskimo-ice-94t-xl-fp-friction-dda69-3pmsf-icegrip-ms","status":"publish","type":"product","link":"https:\/\/shop.rettum.ee\/en\/product\/225-45r17-sava-eskimo-ice-94t-xl-fp-friction-dda69-3pmsf-icegrip-ms\/","title":{"rendered":"225\/45R17 SAVA ESKIMO ICE 94T XL FP Friction DDA69 3PMSF IceGrip M+S"},"content":{"rendered":"<p>225\/45R17 SAVA ESKIMO ICE on kaasaegne talverehv, mis on loodud pakkuma maksimaalset ohutust ja stabiilsust k\u00f5igil talveoludel. Sellel rehvil on tugev ja spetsiaalselt optimeeritud mustri disain, mis tagab suurep\u00e4rase haardumise nii lumisel, j\u00e4isel kui m\u00e4rgel pinnal. 3PMSF ja M+S m\u00e4rgised kinnitavad rehvi v\u00f5imekust ka k\u00f5ige karmimates ilmastikuoludes ning tagavad turvalise s\u00f5idu k\u00fclmadel ja libedal teel.<\/p>\n<p>Rehvi 94T kiirusindeks ja XL klassis\u00fcsteem tagavad, et auto suudab kanda k\u00f5rgemat koormust, s\u00e4ilitades samal ajal suurep\u00e4rase s\u00f5iduk\u00e4itumise. FP Friction ja DDA69 tehnoloogiad aitavad v\u00e4hendada libisemist ning toetavad kiiret ja t\u00e4pset reageerimist, muutes s\u00f5idujuhtimise kindlaks ka ootamatute olukordade korral.<\/p>\n<p>SAVA ESKIMO ICE on ideaalne valik s\u00f5idukitele, millele on oluline ohutus ja j\u00f5udlus ka k\u00f5ige karmimates talveoludes. See rehv tagab kindla haardumise ning usaldusv\u00e4\u00e4rse s\u00f5idukogemuse, pakkudes samal ajal maksimaalset vastupidavust ja pikka eluts\u00fcklit.<\/p>","protected":false},"excerpt":{"rendered":"<p>225\/45R17 SAVA ESKIMO ICE on kaasaegne talverehv, mis on loodud pakkuma maksimaalset ohutust ja stabiilsust k\u00f5igil talveoludel. Sellel rehvil on tugev ja spetsiaalselt optimeeritud mustri disain, mis tagab suurep\u00e4rase haardumise nii lumisel, j\u00e4isel kui m\u00e4rgel pinnal. 3PMSF ja M+S m\u00e4rgised kinnitavad rehvi v\u00f5imekust ka k\u00f5ige karmimates ilmastikuoludes ning tagavad turvalise s\u00f5idu k\u00fclmadel ja libedal teel. [&hellip;]<\/p>\n","protected":false},"featured_media":124165,"template":"","meta":{"site-sidebar-layout":"default","site-content-layout":"","ast-site-content-layout":"","site-content-style":"default","site-sidebar-style":"default","ast-global-header-display":"","ast-banner-title-visibility":"","ast-main-header-display":"","ast-hfb-above-header-display":"","ast-hfb-below-header-display":"","ast-hfb-mobile-header-display":"","site-post-title":"","ast-breadcrumbs-content":"","ast-featured-img":"","footer-sml-layout":"","theme-transparent-header-meta":"","adv-header-id-meta":"","stick-header-meta":"","header-above-stick-meta":"","header-main-stick-meta":"","header-below-stick-meta":"","astra-migrate-meta-layouts":"default","ast-page-background-enabled":"default","ast-page-background-meta":{"desktop":{"background-color":"","background-image":"","background-repeat":"repeat","background-position":"center center","background-size":"auto","background-attachment":"scroll","background-type":"","background-media":"","overlay-type":"","overlay-color":"","overlay-opacity":"","overlay-gradient":""},"tablet":{"background-color":"","background-image":"","background-repeat":"repeat","background-position":"center center","background-size":"auto","background-attachment":"scroll","background-type":"","background-media":"","overlay-type":"","overlay-color":"","overlay-opacity":"","overlay-gradient":""},"mobile":{"background-color":"","background-image":"","background-repeat":"repeat","background-position":"center center","background-size":"auto","background-attachment":"scroll","background-type":"","background-media":"","overlay-type":"","overlay-color":"","overlay-opacity":"","overlay-gradient":""}},"ast-content-background-meta":{"desktop":{"background-color":"var(--ast-global-color-5)","background-image":"","background-repeat":"repeat","background-position":"center center","background-size":"auto","background-attachment":"scroll","background-type":"","background-media":"","overlay-type":"","overlay-color":"","overlay-opacity":"","overlay-gradient":""},"tablet":{"background-color":"var(--ast-global-color-5)","background-image":"","background-repeat":"repeat","background-position":"center center","background-size":"auto","background-attachment":"scroll","background-type":"","background-media":"","overlay-type":"","overlay-color":"","overlay-opacity":"","overlay-gradient":""},"mobile":{"background-color":"var(--ast-global-color-5)","background-image":"","background-repeat":"repeat","background-position":"center center","background-size":"auto","background-attachment":"scroll","background-type":"","background-media":"","overlay-type":"","overlay-color":"","overlay-opacity":"","overlay-gradient":""}}},"product_brand":[],"product_cat":[34228],"product_tag":[],"pa_brand_name":[26858],"class_list":{"0":"post-120100","1":"product","2":"type-product","3":"status-publish","4":"has-post-thumbnail","6":"product_cat-winter-tires-friction","7":"pa_brand_name-sava","8":"desktop-align-left","9":"tablet-align-left","10":"mobile-align-left","12":"first","13":"outofstock","14":"taxable","15":"shipping-taxable","16":"purchasable","17":"product-type-simple"},"_links":{"self":[{"href":"https:\/\/shop.rettum.ee\/en\/wp-json\/wp\/v2\/product\/120100","targetHints":{"allow":["GET"]}}],"collection":[{"href":"https:\/\/shop.rettum.ee\/en\/wp-json\/wp\/v2\/product"}],"about":[{"href":"https:\/\/shop.rettum.ee\/en\/wp-json\/wp\/v2\/types\/product"}],"version-history":[{"count":1,"href":"https:\/\/shop.rettum.ee\/en\/wp-json\/wp\/v2\/product\/120100\/revisions"}],"predecessor-version":[{"id":126429,"href":"https:\/\/shop.rettum.ee\/en\/wp-json\/wp\/v2\/product\/120100\/revisions\/126429"}],"wp:featuredmedia":[{"embeddable":true,"href":"https:\/\/shop.rettum.ee\/en\/wp-json\/wp\/v2\/media\/124165"}],"wp:attachment":[{"href":"https:\/\/shop.rettum.ee\/en\/wp-json\/wp\/v2\/media?parent=120100"}],"wp:term":[{"taxonomy":"product_brand","embeddable":true,"href":"https:\/\/shop.rettum.ee\/en\/wp-json\/wp\/v2\/product_brand?post=120100"},{"taxonomy":"product_cat","embeddable":true,"href":"https:\/\/shop.rettum.ee\/en\/wp-json\/wp\/v2\/product_cat?post=120100"},{"taxonomy":"product_tag","embeddable":true,"href":"https:\/\/shop.rettum.ee\/en\/wp-json\/wp\/v2\/product_tag?post=120100"},{"taxonomy":"pa_brand_name","embeddable":true,"href":"https:\/\/shop.rettum.ee\/en\/wp-json\/wp\/v2\/pa_brand_name?post=120100"}],"curies":[{"name":"wp","href":"https:\/\/api.w.org\/{rel}","templated":true}]}}