{"id":120101,"date":"2025-03-31T02:58:10","date_gmt":"2025-03-30T23:58:10","guid":{"rendered":"https:\/\/shop.rettum.ee\/toode\/225-45r17-sava-eskimo-stud-94t-xl-studded-3pmsf-ms\/"},"modified":"2025-10-21T02:45:42","modified_gmt":"2025-10-20T23:45:42","slug":"225-45r17-sava-eskimo-stud-94t-xl-studded-3pmsf-ms","status":"publish","type":"product","link":"https:\/\/shop.rettum.ee\/en\/product\/225-45r17-sava-eskimo-stud-94t-xl-studded-3pmsf-ms\/","title":{"rendered":"225\/45R17 SAVA ESKIMO STUD 94T XL Studded 3PMSF M+S"},"content":{"rendered":"<p>225\/45R17 SAVA ESKIMO STUD 94T XL Studded 3PMSF M+S rehvid on loodud k\u00f5rge j\u00f5udluse ja turvalisuse tagamiseks karmides talvetingimustes. Need rehvid on varustatud spetsiaalselt disainitud nastudega, mis tagavad maksimaalse haarduvuse j\u00e4\u00e4- ja lumetingimustes, pakkudes kindlat pidamist nii linnat\u00e4navatel kui ka maastikul. 3PMSF ja M+S m\u00e4rkused kinnitavad rehvi v\u00f5imet pakkuda suurep\u00e4rast j\u00f5udlust ka \u00e4\u00e4rmuslikes ilmaoludes, olles ideaalne valik neile, kes hindavad ohutust ja usaldusv\u00e4\u00e4rsust.<\/p>\n<p>XL klassi koormustalitlus tagab tugevuse ja stabiilsuse, v\u00f5imaldades s\u00f5ita k\u00f5rge kiirusega ilma kompromissideta turvalisuses. 94T s\u00f5idukiirusklass annab kindlustunde, et tegemist on m\u00f5\u00f5duka rehviga, mis sobib nii sportlikult juhitud s\u00f5idukitele kui ka pereautodele. SAVA ESKIMO STUD on loodud neile, kes otsivad innovatsiooni ja kvaliteeti \u2013 tagades optimaalse s\u00f5iduomaduse isegi k\u00f5ige n\u00f5udlikumates talvitingimustes.<\/p>","protected":false},"excerpt":{"rendered":"<p>225\/45R17 SAVA ESKIMO STUD 94T XL Studded 3PMSF M+S rehvid on loodud k\u00f5rge j\u00f5udluse ja turvalisuse tagamiseks karmides talvetingimustes. Need rehvid on varustatud spetsiaalselt disainitud nastudega, mis tagavad maksimaalse haarduvuse j\u00e4\u00e4- ja lumetingimustes, pakkudes kindlat pidamist nii linnat\u00e4navatel kui ka maastikul. 3PMSF ja M+S m\u00e4rkused kinnitavad rehvi v\u00f5imet pakkuda suurep\u00e4rast j\u00f5udlust ka \u00e4\u00e4rmuslikes ilmaoludes, olles [&hellip;]<\/p>\n","protected":false},"featured_media":124164,"template":"","meta":{"site-sidebar-layout":"default","site-content-layout":"","ast-site-content-layout":"","site-content-style":"default","site-sidebar-style":"default","ast-global-header-display":"","ast-banner-title-visibility":"","ast-main-header-display":"","ast-hfb-above-header-display":"","ast-hfb-below-header-display":"","ast-hfb-mobile-header-display":"","site-post-title":"","ast-breadcrumbs-content":"","ast-featured-img":"","footer-sml-layout":"","theme-transparent-header-meta":"","adv-header-id-meta":"","stick-header-meta":"","header-above-stick-meta":"","header-main-stick-meta":"","header-below-stick-meta":"","astra-migrate-meta-layouts":"default","ast-page-background-enabled":"default","ast-page-background-meta":{"desktop":{"background-color":"","background-image":"","background-repeat":"repeat","background-position":"center center","background-size":"auto","background-attachment":"scroll","background-type":"","background-media":"","overlay-type":"","overlay-color":"","overlay-opacity":"","overlay-gradient":""},"tablet":{"background-color":"","background-image":"","background-repeat":"repeat","background-position":"center center","background-size":"auto","background-attachment":"scroll","background-type":"","background-media":"","overlay-type":"","overlay-color":"","overlay-opacity":"","overlay-gradient":""},"mobile":{"background-color":"","background-image":"","background-repeat":"repeat","background-position":"center center","background-size":"auto","background-attachment":"scroll","background-type":"","background-media":"","overlay-type":"","overlay-color":"","overlay-opacity":"","overlay-gradient":""}},"ast-content-background-meta":{"desktop":{"background-color":"var(--ast-global-color-5)","background-image":"","background-repeat":"repeat","background-position":"center center","background-size":"auto","background-attachment":"scroll","background-type":"","background-media":"","overlay-type":"","overlay-color":"","overlay-opacity":"","overlay-gradient":""},"tablet":{"background-color":"var(--ast-global-color-5)","background-image":"","background-repeat":"repeat","background-position":"center center","background-size":"auto","background-attachment":"scroll","background-type":"","background-media":"","overlay-type":"","overlay-color":"","overlay-opacity":"","overlay-gradient":""},"mobile":{"background-color":"var(--ast-global-color-5)","background-image":"","background-repeat":"repeat","background-position":"center center","background-size":"auto","background-attachment":"scroll","background-type":"","background-media":"","overlay-type":"","overlay-color":"","overlay-opacity":"","overlay-gradient":""}}},"product_brand":[],"product_cat":[34229],"product_tag":[],"pa_brand_name":[26858],"class_list":{"0":"post-120101","1":"product","2":"type-product","3":"status-publish","4":"has-post-thumbnail","6":"product_cat-winter-tires-with-studs","7":"pa_brand_name-sava","8":"desktop-align-left","9":"tablet-align-left","10":"mobile-align-left","12":"first","13":"outofstock","14":"taxable","15":"shipping-taxable","16":"purchasable","17":"product-type-simple"},"_links":{"self":[{"href":"https:\/\/shop.rettum.ee\/en\/wp-json\/wp\/v2\/product\/120101","targetHints":{"allow":["GET"]}}],"collection":[{"href":"https:\/\/shop.rettum.ee\/en\/wp-json\/wp\/v2\/product"}],"about":[{"href":"https:\/\/shop.rettum.ee\/en\/wp-json\/wp\/v2\/types\/product"}],"version-history":[{"count":1,"href":"https:\/\/shop.rettum.ee\/en\/wp-json\/wp\/v2\/product\/120101\/revisions"}],"predecessor-version":[{"id":126427,"href":"https:\/\/shop.rettum.ee\/en\/wp-json\/wp\/v2\/product\/120101\/revisions\/126427"}],"wp:featuredmedia":[{"embeddable":true,"href":"https:\/\/shop.rettum.ee\/en\/wp-json\/wp\/v2\/media\/124164"}],"wp:attachment":[{"href":"https:\/\/shop.rettum.ee\/en\/wp-json\/wp\/v2\/media?parent=120101"}],"wp:term":[{"taxonomy":"product_brand","embeddable":true,"href":"https:\/\/shop.rettum.ee\/en\/wp-json\/wp\/v2\/product_brand?post=120101"},{"taxonomy":"product_cat","embeddable":true,"href":"https:\/\/shop.rettum.ee\/en\/wp-json\/wp\/v2\/product_cat?post=120101"},{"taxonomy":"product_tag","embeddable":true,"href":"https:\/\/shop.rettum.ee\/en\/wp-json\/wp\/v2\/product_tag?post=120101"},{"taxonomy":"pa_brand_name","embeddable":true,"href":"https:\/\/shop.rettum.ee\/en\/wp-json\/wp\/v2\/pa_brand_name?post=120101"}],"curies":[{"name":"wp","href":"https:\/\/api.w.org\/{rel}","templated":true}]}}