{"id":120103,"date":"2025-03-31T02:58:11","date_gmt":"2025-03-30T23:58:11","guid":{"rendered":"https:\/\/shop.rettum.ee\/toode\/235-45r17-dynamo-street-h-mh01-97w-xl-rp-dot20-ccb72\/"},"modified":"2025-07-30T02:51:45","modified_gmt":"2025-07-29T23:51:45","slug":"235-45r17-dynamo-street-h-mh01-97w-xl-rp-dot20-ccb72","status":"publish","type":"product","link":"https:\/\/shop.rettum.ee\/en\/product\/235-45r17-dynamo-street-h-mh01-97w-xl-rp-dot20-ccb72\/","title":{"rendered":"235\/45R17 DYNAMO STREET-H MH01 97W XL RP DOT20 CCB72"},"content":{"rendered":"<p>DYNAMO STREET-H MH01 rehvid on loodud t\u00e4nasele t\u00e4navatele, pakkudes usaldusv\u00e4\u00e4rset j\u00f5udlust ja ohutut s\u00f5idukogemust. Rehvi m\u00f5\u00f5tmed 235\/45 R17 tagavad ideaalse sobivuse ning stabiilsuse nii igap\u00e4evases liikluses kui ka sportlikemates s\u00f5idutingimustes. 97W m\u00e4rgend kindlustab suure koormustaluvuse ja suure kiirusv\u00f5imekuse, samas XL versioon lisab t\u00e4iendavat tugevust ja vastupidavust n\u00f5udlike s\u00f5iduolude korral.<\/p>\n<p>Rehvi kaasaegne tehnoloogia ja disain tagavad suurep\u00e4rase haarduvuse nii kuivadel kui m\u00e4rgel teel, pakkudes kindlat juhitavust ja turvalist pidamist. Tootmisseriaal DOT20 ja kvaliteedikood CCB72 kinnitavad rehvi k\u00f5rgeid standardeid ning vastavust rangetele ohutusn\u00f5uetele. DYNAMO STREET-H MH01 on ideaalne valik s\u00f5idukile, millele on oluline nii j\u00f5udlus, ohutus kui ka usaldusv\u00e4\u00e4rsus igap\u00e4evasel kasutamisel.<\/p>\n<p>Vali DYNAMO STREET-H MH01, et kogeda k\u00f5rgtehnoloogilist ja vastupidavat rehvi, mis on disainitud pakkuma parimat juhitavust ja s\u00f5idumugavust igal maanteel.<\/p>","protected":false},"excerpt":{"rendered":"<p>DYNAMO STREET-H MH01 rehvid on loodud t\u00e4nasele t\u00e4navatele, pakkudes usaldusv\u00e4\u00e4rset j\u00f5udlust ja ohutut s\u00f5idukogemust. Rehvi m\u00f5\u00f5tmed 235\/45 R17 tagavad ideaalse sobivuse ning stabiilsuse nii igap\u00e4evases liikluses kui ka sportlikemates s\u00f5idutingimustes. 97W m\u00e4rgend kindlustab suure koormustaluvuse ja suure kiirusv\u00f5imekuse, samas XL versioon lisab t\u00e4iendavat tugevust ja vastupidavust n\u00f5udlike s\u00f5iduolude korral. Rehvi kaasaegne tehnoloogia ja disain tagavad [&hellip;]<\/p>\n","protected":false},"featured_media":122110,"template":"","meta":{"site-sidebar-layout":"default","site-content-layout":"","ast-site-content-layout":"","site-content-style":"default","site-sidebar-style":"default","ast-global-header-display":"","ast-banner-title-visibility":"","ast-main-header-display":"","ast-hfb-above-header-display":"","ast-hfb-below-header-display":"","ast-hfb-mobile-header-display":"","site-post-title":"","ast-breadcrumbs-content":"","ast-featured-img":"","footer-sml-layout":"","theme-transparent-header-meta":"","adv-header-id-meta":"","stick-header-meta":"","header-above-stick-meta":"","header-main-stick-meta":"","header-below-stick-meta":"","astra-migrate-meta-layouts":"default","ast-page-background-enabled":"default","ast-page-background-meta":{"desktop":{"background-color":"","background-image":"","background-repeat":"repeat","background-position":"center center","background-size":"auto","background-attachment":"scroll","background-type":"","background-media":"","overlay-type":"","overlay-color":"","overlay-opacity":"","overlay-gradient":""},"tablet":{"background-color":"","background-image":"","background-repeat":"repeat","background-position":"center center","background-size":"auto","background-attachment":"scroll","background-type":"","background-media":"","overlay-type":"","overlay-color":"","overlay-opacity":"","overlay-gradient":""},"mobile":{"background-color":"","background-image":"","background-repeat":"repeat","background-position":"center center","background-size":"auto","background-attachment":"scroll","background-type":"","background-media":"","overlay-type":"","overlay-color":"","overlay-opacity":"","overlay-gradient":""}},"ast-content-background-meta":{"desktop":{"background-color":"var(--ast-global-color-5)","background-image":"","background-repeat":"repeat","background-position":"center center","background-size":"auto","background-attachment":"scroll","background-type":"","background-media":"","overlay-type":"","overlay-color":"","overlay-opacity":"","overlay-gradient":""},"tablet":{"background-color":"var(--ast-global-color-5)","background-image":"","background-repeat":"repeat","background-position":"center center","background-size":"auto","background-attachment":"scroll","background-type":"","background-media":"","overlay-type":"","overlay-color":"","overlay-opacity":"","overlay-gradient":""},"mobile":{"background-color":"var(--ast-global-color-5)","background-image":"","background-repeat":"repeat","background-position":"center center","background-size":"auto","background-attachment":"scroll","background-type":"","background-media":"","overlay-type":"","overlay-color":"","overlay-opacity":"","overlay-gradient":""}}},"product_brand":[],"product_cat":[34225],"product_tag":[],"pa_brand_name":[],"class_list":{"0":"post-120103","1":"product","2":"type-product","3":"status-publish","4":"has-post-thumbnail","6":"product_cat-summer-tires-pv","7":"desktop-align-left","8":"tablet-align-left","9":"mobile-align-left","11":"first","12":"outofstock","13":"taxable","14":"shipping-taxable","15":"purchasable","16":"product-type-simple"},"_links":{"self":[{"href":"https:\/\/shop.rettum.ee\/en\/wp-json\/wp\/v2\/product\/120103","targetHints":{"allow":["GET"]}}],"collection":[{"href":"https:\/\/shop.rettum.ee\/en\/wp-json\/wp\/v2\/product"}],"about":[{"href":"https:\/\/shop.rettum.ee\/en\/wp-json\/wp\/v2\/types\/product"}],"version-history":[{"count":1,"href":"https:\/\/shop.rettum.ee\/en\/wp-json\/wp\/v2\/product\/120103\/revisions"}],"predecessor-version":[{"id":126426,"href":"https:\/\/shop.rettum.ee\/en\/wp-json\/wp\/v2\/product\/120103\/revisions\/126426"}],"wp:featuredmedia":[{"embeddable":true,"href":"https:\/\/shop.rettum.ee\/en\/wp-json\/wp\/v2\/media\/122110"}],"wp:attachment":[{"href":"https:\/\/shop.rettum.ee\/en\/wp-json\/wp\/v2\/media?parent=120103"}],"wp:term":[{"taxonomy":"product_brand","embeddable":true,"href":"https:\/\/shop.rettum.ee\/en\/wp-json\/wp\/v2\/product_brand?post=120103"},{"taxonomy":"product_cat","embeddable":true,"href":"https:\/\/shop.rettum.ee\/en\/wp-json\/wp\/v2\/product_cat?post=120103"},{"taxonomy":"product_tag","embeddable":true,"href":"https:\/\/shop.rettum.ee\/en\/wp-json\/wp\/v2\/product_tag?post=120103"},{"taxonomy":"pa_brand_name","embeddable":true,"href":"https:\/\/shop.rettum.ee\/en\/wp-json\/wp\/v2\/pa_brand_name?post=120103"}],"curies":[{"name":"wp","href":"https:\/\/api.w.org\/{rel}","templated":true}]}}