{"id":120104,"date":"2025-03-31T02:58:12","date_gmt":"2025-03-30T23:58:12","guid":{"rendered":"https:\/\/shop.rettum.ee\/toode\/235-45r17-dynamo-street-h-mh01-97e-xl-rp-dot21-ccb72\/"},"modified":"2025-10-04T02:45:43","modified_gmt":"2025-10-03T23:45:43","slug":"235-45r17-dynamo-street-h-mh01-97e-xl-rp-dot21-ccb72","status":"publish","type":"product","link":"https:\/\/shop.rettum.ee\/en\/product\/235-45r17-dynamo-street-h-mh01-97e-xl-rp-dot21-ccb72\/","title":{"rendered":"235\/45R17 DYNAMO STREET-H MH01 97E XL RP DOT21 CCB72"},"content":{"rendered":"<p>DYNAMO STREET-H MH01 235\/45R17 on t\u00e4nu tipptasemel tehnoloogiale loodud rehv, mis \u00fchendab ohutuse ja suurep\u00e4rase s\u00f5idumugavuse. Selle XL-kandev\u00f5ime tagab stabiilsuse ka keerulistel tingimustel ning 97E kiirusindeks lubab kindlat sooritust kiirematel teedel. Rehvi disain ja spetsiaalne mustrilahendus on kavandatud parima haarduvuse ja juhitavuse tagamiseks, pakkudes seel\u00e4bi turvalist s\u00f5idukogemust igas olukorras.<\/p>\n<p>DOT21 ja CCB72 koodid kinnitavad, et tootmine vastab rangetele kvaliteedi- ja ohutusstandarditele, mis annab kindlustunde nii igap\u00e4evastele s\u00f5idudele kui ka pikematele reisidele. DYNAMO STREET-H MH01 sobib ideaalselt nii linnatingimustesse kui ka maanteedel s\u00f5iduks, pakkudes usaldusv\u00e4\u00e4rset j\u00f5udlust ja pikka eluaega. Valides selle rehvi, panustad osaliselt oma s\u00f5iduki \u00fcldise ohutuse ja k\u00fctuses\u00e4\u00e4stlikkuse parandamisse, pakkudes seel\u00e4bi nutikat ja vastupidavat lahendust igale juhtumile.<\/p>","protected":false},"excerpt":{"rendered":"<p>DYNAMO STREET-H MH01 235\/45R17 on t\u00e4nu tipptasemel tehnoloogiale loodud rehv, mis \u00fchendab ohutuse ja suurep\u00e4rase s\u00f5idumugavuse. Selle XL-kandev\u00f5ime tagab stabiilsuse ka keerulistel tingimustel ning 97E kiirusindeks lubab kindlat sooritust kiirematel teedel. Rehvi disain ja spetsiaalne mustrilahendus on kavandatud parima haarduvuse ja juhitavuse tagamiseks, pakkudes seel\u00e4bi turvalist s\u00f5idukogemust igas olukorras. DOT21 ja CCB72 koodid kinnitavad, et [&hellip;]<\/p>\n","protected":false},"featured_media":122110,"template":"","meta":{"site-sidebar-layout":"default","site-content-layout":"","ast-site-content-layout":"","site-content-style":"default","site-sidebar-style":"default","ast-global-header-display":"","ast-banner-title-visibility":"","ast-main-header-display":"","ast-hfb-above-header-display":"","ast-hfb-below-header-display":"","ast-hfb-mobile-header-display":"","site-post-title":"","ast-breadcrumbs-content":"","ast-featured-img":"","footer-sml-layout":"","theme-transparent-header-meta":"","adv-header-id-meta":"","stick-header-meta":"","header-above-stick-meta":"","header-main-stick-meta":"","header-below-stick-meta":"","astra-migrate-meta-layouts":"default","ast-page-background-enabled":"default","ast-page-background-meta":{"desktop":{"background-color":"","background-image":"","background-repeat":"repeat","background-position":"center center","background-size":"auto","background-attachment":"scroll","background-type":"","background-media":"","overlay-type":"","overlay-color":"","overlay-opacity":"","overlay-gradient":""},"tablet":{"background-color":"","background-image":"","background-repeat":"repeat","background-position":"center center","background-size":"auto","background-attachment":"scroll","background-type":"","background-media":"","overlay-type":"","overlay-color":"","overlay-opacity":"","overlay-gradient":""},"mobile":{"background-color":"","background-image":"","background-repeat":"repeat","background-position":"center center","background-size":"auto","background-attachment":"scroll","background-type":"","background-media":"","overlay-type":"","overlay-color":"","overlay-opacity":"","overlay-gradient":""}},"ast-content-background-meta":{"desktop":{"background-color":"var(--ast-global-color-5)","background-image":"","background-repeat":"repeat","background-position":"center center","background-size":"auto","background-attachment":"scroll","background-type":"","background-media":"","overlay-type":"","overlay-color":"","overlay-opacity":"","overlay-gradient":""},"tablet":{"background-color":"var(--ast-global-color-5)","background-image":"","background-repeat":"repeat","background-position":"center center","background-size":"auto","background-attachment":"scroll","background-type":"","background-media":"","overlay-type":"","overlay-color":"","overlay-opacity":"","overlay-gradient":""},"mobile":{"background-color":"var(--ast-global-color-5)","background-image":"","background-repeat":"repeat","background-position":"center center","background-size":"auto","background-attachment":"scroll","background-type":"","background-media":"","overlay-type":"","overlay-color":"","overlay-opacity":"","overlay-gradient":""}}},"product_brand":[],"product_cat":[34225],"product_tag":[],"pa_brand_name":[17833],"class_list":{"0":"post-120104","1":"product","2":"type-product","3":"status-publish","4":"has-post-thumbnail","6":"product_cat-summer-tires-pv","7":"pa_brand_name-dynamo","8":"desktop-align-left","9":"tablet-align-left","10":"mobile-align-left","12":"first","13":"outofstock","14":"taxable","15":"shipping-taxable","16":"purchasable","17":"product-type-simple"},"_links":{"self":[{"href":"https:\/\/shop.rettum.ee\/en\/wp-json\/wp\/v2\/product\/120104","targetHints":{"allow":["GET"]}}],"collection":[{"href":"https:\/\/shop.rettum.ee\/en\/wp-json\/wp\/v2\/product"}],"about":[{"href":"https:\/\/shop.rettum.ee\/en\/wp-json\/wp\/v2\/types\/product"}],"version-history":[{"count":1,"href":"https:\/\/shop.rettum.ee\/en\/wp-json\/wp\/v2\/product\/120104\/revisions"}],"predecessor-version":[{"id":126424,"href":"https:\/\/shop.rettum.ee\/en\/wp-json\/wp\/v2\/product\/120104\/revisions\/126424"}],"wp:featuredmedia":[{"embeddable":true,"href":"https:\/\/shop.rettum.ee\/en\/wp-json\/wp\/v2\/media\/122110"}],"wp:attachment":[{"href":"https:\/\/shop.rettum.ee\/en\/wp-json\/wp\/v2\/media?parent=120104"}],"wp:term":[{"taxonomy":"product_brand","embeddable":true,"href":"https:\/\/shop.rettum.ee\/en\/wp-json\/wp\/v2\/product_brand?post=120104"},{"taxonomy":"product_cat","embeddable":true,"href":"https:\/\/shop.rettum.ee\/en\/wp-json\/wp\/v2\/product_cat?post=120104"},{"taxonomy":"product_tag","embeddable":true,"href":"https:\/\/shop.rettum.ee\/en\/wp-json\/wp\/v2\/product_tag?post=120104"},{"taxonomy":"pa_brand_name","embeddable":true,"href":"https:\/\/shop.rettum.ee\/en\/wp-json\/wp\/v2\/pa_brand_name?post=120104"}],"curies":[{"name":"wp","href":"https:\/\/api.w.org\/{rel}","templated":true}]}}