{"id":120107,"date":"2025-03-31T02:58:14","date_gmt":"2025-03-30T23:58:14","guid":{"rendered":"https:\/\/shop.rettum.ee\/toode\/305-40r22-dynamo-hiscend-h-msu01-114w-xl-rp-dot21-cbb73\/"},"modified":"2026-03-22T03:09:32","modified_gmt":"2026-03-22T01:09:32","slug":"305-40r22-dynamo-hiscend-h-msu01-114w-xl-rp-dot21-cbb73","status":"publish","type":"product","link":"https:\/\/shop.rettum.ee\/en\/product\/305-40r22-dynamo-hiscend-h-msu01-114w-xl-rp-dot21-cbb73\/","title":{"rendered":"305\/40R22 DYNAMO HISCEND-H MSU01 114W XL RP DOT21 CBB73"},"content":{"rendered":"<p>Tutvu DYNAMO HISCEND-H MSU01 rehvidega, mis on loodud pakkuma erakordset j\u00f5udlust ja ohutust nii igap\u00e4evasel teel kui ka ekstreemsetel s\u00f5idutingimustel. Rehvivorming 305\/40R22 tagab suurep\u00e4rase kontaktpinna ja stabiilsuse k\u00f5rgetel kiirustel, v\u00f5imaldades s\u00f5itu enesekindlalt ka keerulistel man\u00f6\u00f6vritel.<\/p>\n<p>Suur koormusindeks 114W ja XL klass tagavad, et rehvid suudavad kanda lisakoormust ning p\u00fcsivad usaldusv\u00e4\u00e4rsena ka n\u00f5udlikumates olukordades. Tooraine kvaliteet ja kaasaegsed tootmismetoodikad annavad kindlustunde, et iga s\u00f5it on turvaline ning nauditav. <\/p>\n<p>Lisaks vastavad rehvid rangetele RP DOT21 standarditele, mis kinnitavad nende rahvusvahelist ohutus- ja kvaliteedinfrastruktuuri. See tagab, et DYNAMO HISCEND-H MSU01 rehvid pakuvad maksimaalset haarduvust, v\u00e4hendades veoj\u00f5u kadu ja v\u00f5imaldades v\u00e4ga t\u00e4pset juhitavust.<\/p>\n<p>Investeeri tipptasemel s\u00f5idud\u00fcnaamikasse ja koge s\u00f5idur\u00f5\u00f5mu, mis on loodud nii sportlikeks s\u00f5itudeks kui ka igap\u00e4evaseks kasutamiseks. DYNAMO HISCEND-H MSU01 on ideaalne valik neile, kes otsivad kompromissidevastast kvaliteeti ja j\u00f5udlust iga teekonna jaoks.<\/p>","protected":false},"excerpt":{"rendered":"<p>Tutvu DYNAMO HISCEND-H MSU01 rehvidega, mis on loodud pakkuma erakordset j\u00f5udlust ja ohutust nii igap\u00e4evasel teel kui ka ekstreemsetel s\u00f5idutingimustel. Rehvivorming 305\/40R22 tagab suurep\u00e4rase kontaktpinna ja stabiilsuse k\u00f5rgetel kiirustel, v\u00f5imaldades s\u00f5itu enesekindlalt ka keerulistel man\u00f6\u00f6vritel. Suur koormusindeks 114W ja XL klass tagavad, et rehvid suudavad kanda lisakoormust ning p\u00fcsivad usaldusv\u00e4\u00e4rsena ka n\u00f5udlikumates olukordades. Tooraine kvaliteet [&hellip;]<\/p>\n","protected":false},"featured_media":122101,"template":"","meta":{"site-sidebar-layout":"default","site-content-layout":"","ast-site-content-layout":"","site-content-style":"default","site-sidebar-style":"default","ast-global-header-display":"","ast-banner-title-visibility":"","ast-main-header-display":"","ast-hfb-above-header-display":"","ast-hfb-below-header-display":"","ast-hfb-mobile-header-display":"","site-post-title":"","ast-breadcrumbs-content":"","ast-featured-img":"","footer-sml-layout":"","theme-transparent-header-meta":"","adv-header-id-meta":"","stick-header-meta":"","header-above-stick-meta":"","header-main-stick-meta":"","header-below-stick-meta":"","astra-migrate-meta-layouts":"default","ast-page-background-enabled":"default","ast-page-background-meta":{"desktop":{"background-color":"","background-image":"","background-repeat":"repeat","background-position":"center center","background-size":"auto","background-attachment":"scroll","background-type":"","background-media":"","overlay-type":"","overlay-color":"","overlay-opacity":"","overlay-gradient":""},"tablet":{"background-color":"","background-image":"","background-repeat":"repeat","background-position":"center center","background-size":"auto","background-attachment":"scroll","background-type":"","background-media":"","overlay-type":"","overlay-color":"","overlay-opacity":"","overlay-gradient":""},"mobile":{"background-color":"","background-image":"","background-repeat":"repeat","background-position":"center center","background-size":"auto","background-attachment":"scroll","background-type":"","background-media":"","overlay-type":"","overlay-color":"","overlay-opacity":"","overlay-gradient":""}},"ast-content-background-meta":{"desktop":{"background-color":"var(--ast-global-color-5)","background-image":"","background-repeat":"repeat","background-position":"center center","background-size":"auto","background-attachment":"scroll","background-type":"","background-media":"","overlay-type":"","overlay-color":"","overlay-opacity":"","overlay-gradient":""},"tablet":{"background-color":"var(--ast-global-color-5)","background-image":"","background-repeat":"repeat","background-position":"center center","background-size":"auto","background-attachment":"scroll","background-type":"","background-media":"","overlay-type":"","overlay-color":"","overlay-opacity":"","overlay-gradient":""},"mobile":{"background-color":"var(--ast-global-color-5)","background-image":"","background-repeat":"repeat","background-position":"center center","background-size":"auto","background-attachment":"scroll","background-type":"","background-media":"","overlay-type":"","overlay-color":"","overlay-opacity":"","overlay-gradient":""}}},"product_brand":[],"product_cat":[34225],"product_tag":[],"pa_brand_name":[17833],"class_list":{"0":"post-120107","1":"product","2":"type-product","3":"status-publish","4":"has-post-thumbnail","6":"product_cat-summer-tires-pv","7":"pa_brand_name-dynamo","8":"desktop-align-left","9":"tablet-align-left","10":"mobile-align-left","12":"first","13":"outofstock","14":"taxable","15":"shipping-taxable","16":"purchasable","17":"product-type-simple"},"_links":{"self":[{"href":"https:\/\/shop.rettum.ee\/en\/wp-json\/wp\/v2\/product\/120107","targetHints":{"allow":["GET"]}}],"collection":[{"href":"https:\/\/shop.rettum.ee\/en\/wp-json\/wp\/v2\/product"}],"about":[{"href":"https:\/\/shop.rettum.ee\/en\/wp-json\/wp\/v2\/types\/product"}],"version-history":[{"count":1,"href":"https:\/\/shop.rettum.ee\/en\/wp-json\/wp\/v2\/product\/120107\/revisions"}],"predecessor-version":[{"id":126422,"href":"https:\/\/shop.rettum.ee\/en\/wp-json\/wp\/v2\/product\/120107\/revisions\/126422"}],"wp:featuredmedia":[{"embeddable":true,"href":"https:\/\/shop.rettum.ee\/en\/wp-json\/wp\/v2\/media\/122101"}],"wp:attachment":[{"href":"https:\/\/shop.rettum.ee\/en\/wp-json\/wp\/v2\/media?parent=120107"}],"wp:term":[{"taxonomy":"product_brand","embeddable":true,"href":"https:\/\/shop.rettum.ee\/en\/wp-json\/wp\/v2\/product_brand?post=120107"},{"taxonomy":"product_cat","embeddable":true,"href":"https:\/\/shop.rettum.ee\/en\/wp-json\/wp\/v2\/product_cat?post=120107"},{"taxonomy":"product_tag","embeddable":true,"href":"https:\/\/shop.rettum.ee\/en\/wp-json\/wp\/v2\/product_tag?post=120107"},{"taxonomy":"pa_brand_name","embeddable":true,"href":"https:\/\/shop.rettum.ee\/en\/wp-json\/wp\/v2\/pa_brand_name?post=120107"}],"curies":[{"name":"wp","href":"https:\/\/api.w.org\/{rel}","templated":true}]}}