{"id":120113,"date":"2025-03-31T02:58:18","date_gmt":"2025-03-30T23:58:18","guid":{"rendered":"https:\/\/shop.rettum.ee\/toode\/400-80r24-ascenso-mir220-162a8-162b-sb-tl\/"},"modified":"2026-03-18T02:45:24","modified_gmt":"2026-03-18T00:45:24","slug":"400-80r24-ascenso-mir220-162a8-162b-sb-tl","status":"publish","type":"product","link":"https:\/\/shop.rettum.ee\/en\/product\/400-80r24-ascenso-mir220-162a8-162b-sb-tl\/","title":{"rendered":"400\/80R24 Ascenso MIR220 162A8 (162B) SB TL"},"content":{"rendered":"<p>400\/80R24 Ascenso MIR220 162A8 (162B) SB TL on rehvid, mis on loodud pakkuma maksimaalset j\u00f5udlust ja t\u00f6\u00f6kindlust ka k\u00f5ige n\u00f5udlikumates t\u00f6\u00f6tingimustes. T\u00e4nu uuenduslikule disainile ja k\u00f5rgkvaliteedilistele materjalidele tagab see rehvin\u00e4pun\u00e4ide optimaalse haarduvuse nii kuival kui niiskel pinnal, tagades stabiilsuse ja ohutuse igal s\u00f5idul. <\/p>\n<p>Rehvi tehnilised andmed, sealhulgas koormusindeks 162 ja spetsiifilised kiirusn\u00f5uded, muudavad selle ideaalseks valikuks erinevate s\u00f5idukite jaoks, pakkudes usaldusv\u00e4\u00e4rsust nii igap\u00e4evasel t\u00f6\u00f6del kui ka eritingimustes. Eriliselt sobiv maastikus\u00f5iduks ja raskeks transpordiks, aitab see rehvi minimaalne veeretakistus kaasa k\u00fctuses\u00e4\u00e4stule ja efektiivsele t\u00f6\u00f6protsessile.<\/p>\n<p>Investeeri Ascenso MIR220 kvaliteeti ning koge rehvi, mis pakub pikaajalist vastupidavust ja suurep\u00e4rast s\u00f5idumugavust. Ideaalne kombinatsioon innovatsioonist ja praktilisusest \u2013 vali 400\/80R24 Ascenso MIR220, et tagada t\u00f6\u00f6kindel ja ohutu s\u00f5idukogemus igas olukorras.<\/p>","protected":false},"excerpt":{"rendered":"<p>400\/80R24 Ascenso MIR220 162A8 (162B) SB TL on rehvid, mis on loodud pakkuma maksimaalset j\u00f5udlust ja t\u00f6\u00f6kindlust ka k\u00f5ige n\u00f5udlikumates t\u00f6\u00f6tingimustes. T\u00e4nu uuenduslikule disainile ja k\u00f5rgkvaliteedilistele materjalidele tagab see rehvin\u00e4pun\u00e4ide optimaalse haarduvuse nii kuival kui niiskel pinnal, tagades stabiilsuse ja ohutuse igal s\u00f5idul. Rehvi tehnilised andmed, sealhulgas koormusindeks 162 ja spetsiifilised kiirusn\u00f5uded, muudavad selle ideaalseks [&hellip;]<\/p>\n","protected":false},"featured_media":124160,"template":"","meta":{"site-sidebar-layout":"default","site-content-layout":"","ast-site-content-layout":"","site-content-style":"default","site-sidebar-style":"default","ast-global-header-display":"","ast-banner-title-visibility":"","ast-main-header-display":"","ast-hfb-above-header-display":"","ast-hfb-below-header-display":"","ast-hfb-mobile-header-display":"","site-post-title":"","ast-breadcrumbs-content":"","ast-featured-img":"","footer-sml-layout":"","theme-transparent-header-meta":"","adv-header-id-meta":"","stick-header-meta":"","header-above-stick-meta":"","header-main-stick-meta":"","header-below-stick-meta":"","astra-migrate-meta-layouts":"default","ast-page-background-enabled":"default","ast-page-background-meta":{"desktop":{"background-color":"","background-image":"","background-repeat":"repeat","background-position":"center center","background-size":"auto","background-attachment":"scroll","background-type":"","background-media":"","overlay-type":"","overlay-color":"","overlay-opacity":"","overlay-gradient":""},"tablet":{"background-color":"","background-image":"","background-repeat":"repeat","background-position":"center center","background-size":"auto","background-attachment":"scroll","background-type":"","background-media":"","overlay-type":"","overlay-color":"","overlay-opacity":"","overlay-gradient":""},"mobile":{"background-color":"","background-image":"","background-repeat":"repeat","background-position":"center center","background-size":"auto","background-attachment":"scroll","background-type":"","background-media":"","overlay-type":"","overlay-color":"","overlay-opacity":"","overlay-gradient":""}},"ast-content-background-meta":{"desktop":{"background-color":"var(--ast-global-color-5)","background-image":"","background-repeat":"repeat","background-position":"center center","background-size":"auto","background-attachment":"scroll","background-type":"","background-media":"","overlay-type":"","overlay-color":"","overlay-opacity":"","overlay-gradient":""},"tablet":{"background-color":"var(--ast-global-color-5)","background-image":"","background-repeat":"repeat","background-position":"center center","background-size":"auto","background-attachment":"scroll","background-type":"","background-media":"","overlay-type":"","overlay-color":"","overlay-opacity":"","overlay-gradient":""},"mobile":{"background-color":"var(--ast-global-color-5)","background-image":"","background-repeat":"repeat","background-position":"center center","background-size":"auto","background-attachment":"scroll","background-type":"","background-media":"","overlay-type":"","overlay-color":"","overlay-opacity":"","overlay-gradient":""}}},"product_brand":[],"product_cat":[34222],"product_tag":[],"pa_brand_name":[16520],"class_list":{"0":"post-120113","1":"product","2":"type-product","3":"status-publish","4":"has-post-thumbnail","6":"product_cat-em-industry","7":"pa_brand_name-ascenso","8":"desktop-align-left","9":"tablet-align-left","10":"mobile-align-left","12":"first","13":"outofstock","14":"taxable","15":"shipping-taxable","16":"purchasable","17":"product-type-simple"},"_links":{"self":[{"href":"https:\/\/shop.rettum.ee\/en\/wp-json\/wp\/v2\/product\/120113","targetHints":{"allow":["GET"]}}],"collection":[{"href":"https:\/\/shop.rettum.ee\/en\/wp-json\/wp\/v2\/product"}],"about":[{"href":"https:\/\/shop.rettum.ee\/en\/wp-json\/wp\/v2\/types\/product"}],"version-history":[{"count":1,"href":"https:\/\/shop.rettum.ee\/en\/wp-json\/wp\/v2\/product\/120113\/revisions"}],"predecessor-version":[{"id":126416,"href":"https:\/\/shop.rettum.ee\/en\/wp-json\/wp\/v2\/product\/120113\/revisions\/126416"}],"wp:featuredmedia":[{"embeddable":true,"href":"https:\/\/shop.rettum.ee\/en\/wp-json\/wp\/v2\/media\/124160"}],"wp:attachment":[{"href":"https:\/\/shop.rettum.ee\/en\/wp-json\/wp\/v2\/media?parent=120113"}],"wp:term":[{"taxonomy":"product_brand","embeddable":true,"href":"https:\/\/shop.rettum.ee\/en\/wp-json\/wp\/v2\/product_brand?post=120113"},{"taxonomy":"product_cat","embeddable":true,"href":"https:\/\/shop.rettum.ee\/en\/wp-json\/wp\/v2\/product_cat?post=120113"},{"taxonomy":"product_tag","embeddable":true,"href":"https:\/\/shop.rettum.ee\/en\/wp-json\/wp\/v2\/product_tag?post=120113"},{"taxonomy":"pa_brand_name","embeddable":true,"href":"https:\/\/shop.rettum.ee\/en\/wp-json\/wp\/v2\/pa_brand_name?post=120113"}],"curies":[{"name":"wp","href":"https:\/\/api.w.org\/{rel}","templated":true}]}}