{"id":120116,"date":"2025-03-31T02:58:20","date_gmt":"2025-03-30T23:58:20","guid":{"rendered":"https:\/\/shop.rettum.ee\/toode\/16-9-38-speedways-gripking-8pr-tt\/"},"modified":"2025-10-01T02:45:30","modified_gmt":"2025-09-30T23:45:30","slug":"16-9-38-speedways-gripking-8pr-tt","status":"publish","type":"product","link":"https:\/\/shop.rettum.ee\/en\/product\/16-9-38-speedways-gripking-8pr-tt\/","title":{"rendered":"16.9-38 Speedways GripKing 8PR TT"},"content":{"rendered":"<p>16.9-38 Speedways GripKing 8PR TT on usaldusv\u00e4\u00e4rne ja mitmek\u00fclgne rehv, mis on loodud pakkuma k\u00f5rget j\u00f5udlust nii igap\u00e4evasel teel kui ka n\u00f5udlikes s\u00f5idutingimustes. Rehvi 8-kihiline konstruktsioon tagab muljetavaldava tugevuse ja stabiilsuse, v\u00f5imaldades s\u00f5ita kindlalt ka raskemates oludes. GripKing tehnoloogia loob suurep\u00e4rase veoj\u00f5u ja kindla haardega kontakti erinevate pinnastega, soodustades turvalist s\u00f5itu ka libedal v\u00f5i niiskel teel.<\/p>\n<p>Toote universaalne sobivus mitmesugustele s\u00f5idukitele muudab selle ideaalseks valikuks nii igap\u00e4evaseks liikumiseks kui ka spordis\u00f5iduks. T\u00e4pselt disainitud mustriga rehvil on optimeeritud kulumine ja veoj\u00f5ud, pakkudes taskukohast, kuid kvaliteetset lahendust autojuhtidele, kes hindavad t\u00f6\u00f6kindlust ja turvalisust.  <\/p>\n<p>Speedways GripKing 8PR TT on loodud neile, kes otsivad k\u00f5rge kvaliteediga rehvi kombinatsiooni vastupidavusest ja innovatiivsest disainist, pakkudes samal ajal kindlat ja nauditavat s\u00f5idukogemust.<\/p>","protected":false},"excerpt":{"rendered":"<p>16.9-38 Speedways GripKing 8PR TT on usaldusv\u00e4\u00e4rne ja mitmek\u00fclgne rehv, mis on loodud pakkuma k\u00f5rget j\u00f5udlust nii igap\u00e4evasel teel kui ka n\u00f5udlikes s\u00f5idutingimustes. Rehvi 8-kihiline konstruktsioon tagab muljetavaldava tugevuse ja stabiilsuse, v\u00f5imaldades s\u00f5ita kindlalt ka raskemates oludes. GripKing tehnoloogia loob suurep\u00e4rase veoj\u00f5u ja kindla haardega kontakti erinevate pinnastega, soodustades turvalist s\u00f5itu ka libedal v\u00f5i niiskel [&hellip;]<\/p>\n","protected":false},"featured_media":124158,"template":"","meta":{"site-sidebar-layout":"default","site-content-layout":"","ast-site-content-layout":"","site-content-style":"default","site-sidebar-style":"default","ast-global-header-display":"","ast-banner-title-visibility":"","ast-main-header-display":"","ast-hfb-above-header-display":"","ast-hfb-below-header-display":"","ast-hfb-mobile-header-display":"","site-post-title":"","ast-breadcrumbs-content":"","ast-featured-img":"","footer-sml-layout":"","theme-transparent-header-meta":"","adv-header-id-meta":"","stick-header-meta":"","header-above-stick-meta":"","header-main-stick-meta":"","header-below-stick-meta":"","astra-migrate-meta-layouts":"default","ast-page-background-enabled":"default","ast-page-background-meta":{"desktop":{"background-color":"","background-image":"","background-repeat":"repeat","background-position":"center center","background-size":"auto","background-attachment":"scroll","background-type":"","background-media":"","overlay-type":"","overlay-color":"","overlay-opacity":"","overlay-gradient":""},"tablet":{"background-color":"","background-image":"","background-repeat":"repeat","background-position":"center center","background-size":"auto","background-attachment":"scroll","background-type":"","background-media":"","overlay-type":"","overlay-color":"","overlay-opacity":"","overlay-gradient":""},"mobile":{"background-color":"","background-image":"","background-repeat":"repeat","background-position":"center center","background-size":"auto","background-attachment":"scroll","background-type":"","background-media":"","overlay-type":"","overlay-color":"","overlay-opacity":"","overlay-gradient":""}},"ast-content-background-meta":{"desktop":{"background-color":"var(--ast-global-color-5)","background-image":"","background-repeat":"repeat","background-position":"center center","background-size":"auto","background-attachment":"scroll","background-type":"","background-media":"","overlay-type":"","overlay-color":"","overlay-opacity":"","overlay-gradient":""},"tablet":{"background-color":"var(--ast-global-color-5)","background-image":"","background-repeat":"repeat","background-position":"center center","background-size":"auto","background-attachment":"scroll","background-type":"","background-media":"","overlay-type":"","overlay-color":"","overlay-opacity":"","overlay-gradient":""},"mobile":{"background-color":"var(--ast-global-color-5)","background-image":"","background-repeat":"repeat","background-position":"center center","background-size":"auto","background-attachment":"scroll","background-type":"","background-media":"","overlay-type":"","overlay-color":"","overlay-opacity":"","overlay-gradient":""}}},"product_brand":[],"product_cat":[34221],"product_tag":[],"pa_brand_name":[16429],"class_list":{"0":"post-120116","1":"product","2":"type-product","3":"status-publish","4":"has-post-thumbnail","6":"product_cat-tractor","7":"pa_brand_name-speedways","8":"desktop-align-left","9":"tablet-align-left","10":"mobile-align-left","12":"first","13":"outofstock","14":"taxable","15":"shipping-taxable","16":"purchasable","17":"product-type-simple"},"_links":{"self":[{"href":"https:\/\/shop.rettum.ee\/en\/wp-json\/wp\/v2\/product\/120116","targetHints":{"allow":["GET"]}}],"collection":[{"href":"https:\/\/shop.rettum.ee\/en\/wp-json\/wp\/v2\/product"}],"about":[{"href":"https:\/\/shop.rettum.ee\/en\/wp-json\/wp\/v2\/types\/product"}],"version-history":[{"count":1,"href":"https:\/\/shop.rettum.ee\/en\/wp-json\/wp\/v2\/product\/120116\/revisions"}],"predecessor-version":[{"id":126413,"href":"https:\/\/shop.rettum.ee\/en\/wp-json\/wp\/v2\/product\/120116\/revisions\/126413"}],"wp:featuredmedia":[{"embeddable":true,"href":"https:\/\/shop.rettum.ee\/en\/wp-json\/wp\/v2\/media\/124158"}],"wp:attachment":[{"href":"https:\/\/shop.rettum.ee\/en\/wp-json\/wp\/v2\/media?parent=120116"}],"wp:term":[{"taxonomy":"product_brand","embeddable":true,"href":"https:\/\/shop.rettum.ee\/en\/wp-json\/wp\/v2\/product_brand?post=120116"},{"taxonomy":"product_cat","embeddable":true,"href":"https:\/\/shop.rettum.ee\/en\/wp-json\/wp\/v2\/product_cat?post=120116"},{"taxonomy":"product_tag","embeddable":true,"href":"https:\/\/shop.rettum.ee\/en\/wp-json\/wp\/v2\/product_tag?post=120116"},{"taxonomy":"pa_brand_name","embeddable":true,"href":"https:\/\/shop.rettum.ee\/en\/wp-json\/wp\/v2\/pa_brand_name?post=120116"}],"curies":[{"name":"wp","href":"https:\/\/api.w.org\/{rel}","templated":true}]}}