{"id":120117,"date":"2025-03-31T02:58:21","date_gmt":"2025-03-30T23:58:21","guid":{"rendered":"https:\/\/shop.rettum.ee\/toode\/245-40r20-gripmax-suregrip-pro-ice-99t-xl-studded-3pmsf-ms\/"},"modified":"2026-03-22T03:03:41","modified_gmt":"2026-03-22T01:03:41","slug":"245-40r20-gripmax-suregrip-pro-ice-99t-xl-studded-3pmsf-ms","status":"publish","type":"product","link":"https:\/\/shop.rettum.ee\/en\/product\/245-40r20-gripmax-suregrip-pro-ice-99t-xl-studded-3pmsf-ms\/","title":{"rendered":"245\/40R20 GRIPMAX SUREGRIP PRO ICE 99T XL Studded 3PMSF M+S"},"content":{"rendered":"<p>Avasta 245\/40R20 GRIPMAX SUREGRIP PRO ICE 99T XL Studded \u2013 t\u00e4iuslik talverehv, mis pakub erakordset haarduvust isegi k\u00f5ige n\u00f5udlikumal talvisel maastikul. T\u00e4nu innovaatilisele disainile ja spetsiaalselt arendatud kummisegule tagab see rehv erakordse veoj\u00f5u j\u00e4istel ja lumistel teedel. 3PMSF (Three Peak Mountain Snow Flake) m\u00e4rgistuse kinnitusena paistab see rehvi v\u00f5imekus karmides talveoludes, pakkudes maksimaalset turvalisust k\u00fclmadel ja libedal teekattel.<\/p>\n<p>XL-koormusindeks ja 99T kiirusindeks \u00fchendavad endas suurep\u00e4rase vastupidavuse ning soovitavad hoogsa j\u00f5udluse ka pikema s\u00f5idukiiruse puhul. Rehvi radiaalselt disainitud veeretepind ning k\u00fclmutuskindlad omadused v\u00f5imaldavad saavutada t\u00e4iuslik kuju ja tagavad stabiilemma juhitavuse nii m\u00e4rjal, lumisel kui ka j\u00e4isel asfaldil.<\/p>\n<p>GRIPMAX SUREGRIP PRO ICE on ideaalne valik n\u00f5udlikele juhtidele, kes hindavad ohutust, stabiilsust ja j\u00f5udlust k\u00f5ikides talveoludes. Valides selle rehvi, tagad oma s\u00f5idukile maksimaalse haarduvuse ning usaldusv\u00e4\u00e4rse kindluse ka k\u00f5ige karmimates ilmastikutingimustes.<\/p>","protected":false},"excerpt":{"rendered":"<p>Avasta 245\/40R20 GRIPMAX SUREGRIP PRO ICE 99T XL Studded \u2013 t\u00e4iuslik talverehv, mis pakub erakordset haarduvust isegi k\u00f5ige n\u00f5udlikumal talvisel maastikul. T\u00e4nu innovaatilisele disainile ja spetsiaalselt arendatud kummisegule tagab see rehv erakordse veoj\u00f5u j\u00e4istel ja lumistel teedel. 3PMSF (Three Peak Mountain Snow Flake) m\u00e4rgistuse kinnitusena paistab see rehvi v\u00f5imekus karmides talveoludes, pakkudes maksimaalset turvalisust k\u00fclmadel [&hellip;]<\/p>\n","protected":false},"featured_media":123836,"template":"","meta":{"site-sidebar-layout":"default","site-content-layout":"","ast-site-content-layout":"","site-content-style":"default","site-sidebar-style":"default","ast-global-header-display":"","ast-banner-title-visibility":"","ast-main-header-display":"","ast-hfb-above-header-display":"","ast-hfb-below-header-display":"","ast-hfb-mobile-header-display":"","site-post-title":"","ast-breadcrumbs-content":"","ast-featured-img":"","footer-sml-layout":"","theme-transparent-header-meta":"","adv-header-id-meta":"","stick-header-meta":"","header-above-stick-meta":"","header-main-stick-meta":"","header-below-stick-meta":"","astra-migrate-meta-layouts":"default","ast-page-background-enabled":"default","ast-page-background-meta":{"desktop":{"background-color":"","background-image":"","background-repeat":"repeat","background-position":"center center","background-size":"auto","background-attachment":"scroll","background-type":"","background-media":"","overlay-type":"","overlay-color":"","overlay-opacity":"","overlay-gradient":""},"tablet":{"background-color":"","background-image":"","background-repeat":"repeat","background-position":"center center","background-size":"auto","background-attachment":"scroll","background-type":"","background-media":"","overlay-type":"","overlay-color":"","overlay-opacity":"","overlay-gradient":""},"mobile":{"background-color":"","background-image":"","background-repeat":"repeat","background-position":"center center","background-size":"auto","background-attachment":"scroll","background-type":"","background-media":"","overlay-type":"","overlay-color":"","overlay-opacity":"","overlay-gradient":""}},"ast-content-background-meta":{"desktop":{"background-color":"var(--ast-global-color-5)","background-image":"","background-repeat":"repeat","background-position":"center center","background-size":"auto","background-attachment":"scroll","background-type":"","background-media":"","overlay-type":"","overlay-color":"","overlay-opacity":"","overlay-gradient":""},"tablet":{"background-color":"var(--ast-global-color-5)","background-image":"","background-repeat":"repeat","background-position":"center center","background-size":"auto","background-attachment":"scroll","background-type":"","background-media":"","overlay-type":"","overlay-color":"","overlay-opacity":"","overlay-gradient":""},"mobile":{"background-color":"var(--ast-global-color-5)","background-image":"","background-repeat":"repeat","background-position":"center center","background-size":"auto","background-attachment":"scroll","background-type":"","background-media":"","overlay-type":"","overlay-color":"","overlay-opacity":"","overlay-gradient":""}}},"product_brand":[],"product_cat":[34229],"product_tag":[],"pa_brand_name":[17816],"class_list":{"0":"post-120117","1":"product","2":"type-product","3":"status-publish","4":"has-post-thumbnail","6":"product_cat-winter-tires-with-studs","7":"pa_brand_name-gripmax","8":"desktop-align-left","9":"tablet-align-left","10":"mobile-align-left","12":"first","13":"outofstock","14":"taxable","15":"shipping-taxable","16":"purchasable","17":"product-type-simple"},"_links":{"self":[{"href":"https:\/\/shop.rettum.ee\/en\/wp-json\/wp\/v2\/product\/120117","targetHints":{"allow":["GET"]}}],"collection":[{"href":"https:\/\/shop.rettum.ee\/en\/wp-json\/wp\/v2\/product"}],"about":[{"href":"https:\/\/shop.rettum.ee\/en\/wp-json\/wp\/v2\/types\/product"}],"version-history":[{"count":1,"href":"https:\/\/shop.rettum.ee\/en\/wp-json\/wp\/v2\/product\/120117\/revisions"}],"predecessor-version":[{"id":126412,"href":"https:\/\/shop.rettum.ee\/en\/wp-json\/wp\/v2\/product\/120117\/revisions\/126412"}],"wp:featuredmedia":[{"embeddable":true,"href":"https:\/\/shop.rettum.ee\/en\/wp-json\/wp\/v2\/media\/123836"}],"wp:attachment":[{"href":"https:\/\/shop.rettum.ee\/en\/wp-json\/wp\/v2\/media?parent=120117"}],"wp:term":[{"taxonomy":"product_brand","embeddable":true,"href":"https:\/\/shop.rettum.ee\/en\/wp-json\/wp\/v2\/product_brand?post=120117"},{"taxonomy":"product_cat","embeddable":true,"href":"https:\/\/shop.rettum.ee\/en\/wp-json\/wp\/v2\/product_cat?post=120117"},{"taxonomy":"product_tag","embeddable":true,"href":"https:\/\/shop.rettum.ee\/en\/wp-json\/wp\/v2\/product_tag?post=120117"},{"taxonomy":"pa_brand_name","embeddable":true,"href":"https:\/\/shop.rettum.ee\/en\/wp-json\/wp\/v2\/pa_brand_name?post=120117"}],"curies":[{"name":"wp","href":"https:\/\/api.w.org\/{rel}","templated":true}]}}