{"id":120118,"date":"2025-03-31T02:58:22","date_gmt":"2025-03-30T23:58:22","guid":{"rendered":"https:\/\/shop.rettum.ee\/toode\/275-35r20-gripmax-suregrip-pro-ice-102t-xl-studded-3pmsf-ms\/"},"modified":"2026-03-22T03:03:41","modified_gmt":"2026-03-22T01:03:41","slug":"275-35r20-gripmax-suregrip-pro-ice-102t-xl-studded-3pmsf-ms","status":"publish","type":"product","link":"https:\/\/shop.rettum.ee\/en\/product\/275-35r20-gripmax-suregrip-pro-ice-102t-xl-studded-3pmsf-ms\/","title":{"rendered":"275\/35R20 GRIPMAX SUREGRIP PRO ICE 102T XL Studded 3PMSF M+S"},"content":{"rendered":"<p>275\/35R20 GRIPMAX SUREGRIP PRO ICE 102T XL on tipptasemel talverehv, mis kombineerib innovaatilise disaini ja suurep\u00e4rase j\u00f5udluse keerulistes s\u00f5idutingimustes. Selle 275 mm laius ja 20-tolline diameeter annavad kindlustunde ning optimaalse stabiilsuse ka k\u00f5ige n\u00f5udlikumates s\u00f5idutingimustes. Madal 35-protsendiline k\u00fcljeproportsioon v\u00f5imaldab selget ja t\u00e4pset kontaktpinda teega, tagades ohutu s\u00f5idu isegi kiirusindeksiga T ja koormusindeksiga 102.<\/p>\n<p>Rehv on varustatud spetsiaalsete j\u00e4\u00e4l\u00f5ikude tehnoloogiaga, mis parandab lumel ja j\u00e4\u00e4l s\u00f5itmist ning vastab 3PMSF ja M+S n\u00f5uetele. See teeb GRIPMAX SUREGRIP PRO ICE 102T XList usaldusv\u00e4\u00e4rse partneri karmides talvetingimustes, pakkudes kindlat haarduvust nii lumel kui j\u00e4\u00e4l. 2023 Dot-year n\u00e4itab rehviga kaasnevat v\u00e4rskust ja kaasaegset tootmistehnoloogiat, mis tagab pikaajalise vastupidavuse ning stabiilse j\u00f5udluse. Valides selle rehvi, panustad turvalisse ja enesekindlasse s\u00f5idukogemusse ka k\u00f5ige soovimatumates ilmastikutingimustes.<\/p>","protected":false},"excerpt":{"rendered":"<p>275\/35R20 GRIPMAX SUREGRIP PRO ICE 102T XL on tipptasemel talverehv, mis kombineerib innovaatilise disaini ja suurep\u00e4rase j\u00f5udluse keerulistes s\u00f5idutingimustes. Selle 275 mm laius ja 20-tolline diameeter annavad kindlustunde ning optimaalse stabiilsuse ka k\u00f5ige n\u00f5udlikumates s\u00f5idutingimustes. Madal 35-protsendiline k\u00fcljeproportsioon v\u00f5imaldab selget ja t\u00e4pset kontaktpinda teega, tagades ohutu s\u00f5idu isegi kiirusindeksiga T ja koormusindeksiga 102. Rehv on [&hellip;]<\/p>\n","protected":false},"featured_media":123836,"template":"","meta":{"site-sidebar-layout":"default","site-content-layout":"","ast-site-content-layout":"","site-content-style":"default","site-sidebar-style":"default","ast-global-header-display":"","ast-banner-title-visibility":"","ast-main-header-display":"","ast-hfb-above-header-display":"","ast-hfb-below-header-display":"","ast-hfb-mobile-header-display":"","site-post-title":"","ast-breadcrumbs-content":"","ast-featured-img":"","footer-sml-layout":"","theme-transparent-header-meta":"","adv-header-id-meta":"","stick-header-meta":"","header-above-stick-meta":"","header-main-stick-meta":"","header-below-stick-meta":"","astra-migrate-meta-layouts":"default","ast-page-background-enabled":"default","ast-page-background-meta":{"desktop":{"background-color":"","background-image":"","background-repeat":"repeat","background-position":"center center","background-size":"auto","background-attachment":"scroll","background-type":"","background-media":"","overlay-type":"","overlay-color":"","overlay-opacity":"","overlay-gradient":""},"tablet":{"background-color":"","background-image":"","background-repeat":"repeat","background-position":"center center","background-size":"auto","background-attachment":"scroll","background-type":"","background-media":"","overlay-type":"","overlay-color":"","overlay-opacity":"","overlay-gradient":""},"mobile":{"background-color":"","background-image":"","background-repeat":"repeat","background-position":"center center","background-size":"auto","background-attachment":"scroll","background-type":"","background-media":"","overlay-type":"","overlay-color":"","overlay-opacity":"","overlay-gradient":""}},"ast-content-background-meta":{"desktop":{"background-color":"var(--ast-global-color-5)","background-image":"","background-repeat":"repeat","background-position":"center center","background-size":"auto","background-attachment":"scroll","background-type":"","background-media":"","overlay-type":"","overlay-color":"","overlay-opacity":"","overlay-gradient":""},"tablet":{"background-color":"var(--ast-global-color-5)","background-image":"","background-repeat":"repeat","background-position":"center center","background-size":"auto","background-attachment":"scroll","background-type":"","background-media":"","overlay-type":"","overlay-color":"","overlay-opacity":"","overlay-gradient":""},"mobile":{"background-color":"var(--ast-global-color-5)","background-image":"","background-repeat":"repeat","background-position":"center center","background-size":"auto","background-attachment":"scroll","background-type":"","background-media":"","overlay-type":"","overlay-color":"","overlay-opacity":"","overlay-gradient":""}}},"product_brand":[],"product_cat":[34229],"product_tag":[],"pa_brand_name":[17816],"class_list":{"0":"post-120118","1":"product","2":"type-product","3":"status-publish","4":"has-post-thumbnail","6":"product_cat-winter-tires-with-studs","7":"pa_brand_name-gripmax","8":"desktop-align-left","9":"tablet-align-left","10":"mobile-align-left","12":"first","13":"outofstock","14":"taxable","15":"shipping-taxable","16":"purchasable","17":"product-type-simple"},"_links":{"self":[{"href":"https:\/\/shop.rettum.ee\/en\/wp-json\/wp\/v2\/product\/120118","targetHints":{"allow":["GET"]}}],"collection":[{"href":"https:\/\/shop.rettum.ee\/en\/wp-json\/wp\/v2\/product"}],"about":[{"href":"https:\/\/shop.rettum.ee\/en\/wp-json\/wp\/v2\/types\/product"}],"version-history":[{"count":1,"href":"https:\/\/shop.rettum.ee\/en\/wp-json\/wp\/v2\/product\/120118\/revisions"}],"predecessor-version":[{"id":126411,"href":"https:\/\/shop.rettum.ee\/en\/wp-json\/wp\/v2\/product\/120118\/revisions\/126411"}],"wp:featuredmedia":[{"embeddable":true,"href":"https:\/\/shop.rettum.ee\/en\/wp-json\/wp\/v2\/media\/123836"}],"wp:attachment":[{"href":"https:\/\/shop.rettum.ee\/en\/wp-json\/wp\/v2\/media?parent=120118"}],"wp:term":[{"taxonomy":"product_brand","embeddable":true,"href":"https:\/\/shop.rettum.ee\/en\/wp-json\/wp\/v2\/product_brand?post=120118"},{"taxonomy":"product_cat","embeddable":true,"href":"https:\/\/shop.rettum.ee\/en\/wp-json\/wp\/v2\/product_cat?post=120118"},{"taxonomy":"product_tag","embeddable":true,"href":"https:\/\/shop.rettum.ee\/en\/wp-json\/wp\/v2\/product_tag?post=120118"},{"taxonomy":"pa_brand_name","embeddable":true,"href":"https:\/\/shop.rettum.ee\/en\/wp-json\/wp\/v2\/pa_brand_name?post=120118"}],"curies":[{"name":"wp","href":"https:\/\/api.w.org\/{rel}","templated":true}]}}