{"id":120136,"date":"2025-03-31T02:58:34","date_gmt":"2025-03-30T23:58:34","guid":{"rendered":"https:\/\/shop.rettum.ee\/toode\/265-40r22-kumho-ps71-suv-106y-xl-rp-cab73\/"},"modified":"2026-03-12T02:45:23","modified_gmt":"2026-03-12T00:45:23","slug":"265-40r22-kumho-ps71-suv-106y-xl-rp-cab73","status":"publish","type":"product","link":"https:\/\/shop.rettum.ee\/en\/product\/265-40r22-kumho-ps71-suv-106y-xl-rp-cab73\/","title":{"rendered":"265\/40R22 KUMHO PS71 SUV 106Y XL RP CAB73"},"content":{"rendered":"<p>265\/40R22 KUMHO PS71 SUV on esmaklassiline rehv, mis on loodud t\u00e4nap\u00e4evastele suveritele, pakkudes usaldusv\u00e4\u00e4rset ohutust ja muljetavaldavat j\u00f5udlust. Rehvi 265 mm laius ja 40% seinaprofiil tagavad t\u00e4pse juhitavuse ning stabiilsuse nii igap\u00e4evasel s\u00f5idul kui ka ekstreemsetes situatsioonides. <\/p>\n<p>106Y kiirusindeks kinnitab, et rehv sobib k\u00f5rgetele kiirustele, samas kui XL klassifitseerimine lubab s\u00f5ita ka raskema koormusega, suurendades s\u00f5iduki mitmek\u00fclgsust ja turvalisust. Lisaks toob RP tehnoloogia esile rehu v\u00f5ime p\u00fcsida kasutusk\u00f5lblik ka teatud kahjustuste korral, pakkudes seel\u00e4bi lisakindlust ootamatutel teek\u00e4ikudel. CAB73 disain tagab optimaalse haarduvuse ja v\u00e4hendab s\u00f5idu ajal m\u00fcrataset, soodustades k\u00fctuses\u00e4\u00e4stlikku s\u00f5itu ja keskkonnas\u00f5bralikku l\u00e4henemist.<\/p>\n<p>KUMHO PS71 SUV on loodud pakkuma maksimaalset j\u00f5udlust ja turvalisust erinevates s\u00f5idutingimustes, kuna see \u00fchendab innovatiivse tehnoloogia, kvaliteetse disaini ja suurep\u00e4rase t\u00f6\u00f6kindluse. Valides selle rehu, investeerite oma s\u00f5iduohutusse ja s\u00f5idumugavusse \u00fchelgi teel.<\/p>","protected":false},"excerpt":{"rendered":"<p>265\/40R22 KUMHO PS71 SUV on esmaklassiline rehv, mis on loodud t\u00e4nap\u00e4evastele suveritele, pakkudes usaldusv\u00e4\u00e4rset ohutust ja muljetavaldavat j\u00f5udlust. Rehvi 265 mm laius ja 40% seinaprofiil tagavad t\u00e4pse juhitavuse ning stabiilsuse nii igap\u00e4evasel s\u00f5idul kui ka ekstreemsetes situatsioonides. 106Y kiirusindeks kinnitab, et rehv sobib k\u00f5rgetele kiirustele, samas kui XL klassifitseerimine lubab s\u00f5ita ka raskema koormusega, suurendades [&hellip;]<\/p>\n","protected":false},"featured_media":124153,"template":"","meta":{"site-sidebar-layout":"default","site-content-layout":"","ast-site-content-layout":"","site-content-style":"default","site-sidebar-style":"default","ast-global-header-display":"","ast-banner-title-visibility":"","ast-main-header-display":"","ast-hfb-above-header-display":"","ast-hfb-below-header-display":"","ast-hfb-mobile-header-display":"","site-post-title":"","ast-breadcrumbs-content":"","ast-featured-img":"","footer-sml-layout":"","theme-transparent-header-meta":"","adv-header-id-meta":"","stick-header-meta":"","header-above-stick-meta":"","header-main-stick-meta":"","header-below-stick-meta":"","astra-migrate-meta-layouts":"default","ast-page-background-enabled":"default","ast-page-background-meta":{"desktop":{"background-color":"","background-image":"","background-repeat":"repeat","background-position":"center center","background-size":"auto","background-attachment":"scroll","background-type":"","background-media":"","overlay-type":"","overlay-color":"","overlay-opacity":"","overlay-gradient":""},"tablet":{"background-color":"","background-image":"","background-repeat":"repeat","background-position":"center center","background-size":"auto","background-attachment":"scroll","background-type":"","background-media":"","overlay-type":"","overlay-color":"","overlay-opacity":"","overlay-gradient":""},"mobile":{"background-color":"","background-image":"","background-repeat":"repeat","background-position":"center center","background-size":"auto","background-attachment":"scroll","background-type":"","background-media":"","overlay-type":"","overlay-color":"","overlay-opacity":"","overlay-gradient":""}},"ast-content-background-meta":{"desktop":{"background-color":"var(--ast-global-color-5)","background-image":"","background-repeat":"repeat","background-position":"center center","background-size":"auto","background-attachment":"scroll","background-type":"","background-media":"","overlay-type":"","overlay-color":"","overlay-opacity":"","overlay-gradient":""},"tablet":{"background-color":"var(--ast-global-color-5)","background-image":"","background-repeat":"repeat","background-position":"center center","background-size":"auto","background-attachment":"scroll","background-type":"","background-media":"","overlay-type":"","overlay-color":"","overlay-opacity":"","overlay-gradient":""},"mobile":{"background-color":"var(--ast-global-color-5)","background-image":"","background-repeat":"repeat","background-position":"center center","background-size":"auto","background-attachment":"scroll","background-type":"","background-media":"","overlay-type":"","overlay-color":"","overlay-opacity":"","overlay-gradient":""}}},"product_brand":[],"product_cat":[34225],"product_tag":[],"pa_brand_name":[21898],"class_list":{"0":"post-120136","1":"product","2":"type-product","3":"status-publish","4":"has-post-thumbnail","6":"product_cat-summer-tires-pv","7":"pa_brand_name-kumho","8":"desktop-align-left","9":"tablet-align-left","10":"mobile-align-left","12":"first","13":"outofstock","14":"taxable","15":"shipping-taxable","16":"purchasable","17":"product-type-simple"},"_links":{"self":[{"href":"https:\/\/shop.rettum.ee\/en\/wp-json\/wp\/v2\/product\/120136","targetHints":{"allow":["GET"]}}],"collection":[{"href":"https:\/\/shop.rettum.ee\/en\/wp-json\/wp\/v2\/product"}],"about":[{"href":"https:\/\/shop.rettum.ee\/en\/wp-json\/wp\/v2\/types\/product"}],"version-history":[{"count":1,"href":"https:\/\/shop.rettum.ee\/en\/wp-json\/wp\/v2\/product\/120136\/revisions"}],"predecessor-version":[{"id":126395,"href":"https:\/\/shop.rettum.ee\/en\/wp-json\/wp\/v2\/product\/120136\/revisions\/126395"}],"wp:featuredmedia":[{"embeddable":true,"href":"https:\/\/shop.rettum.ee\/en\/wp-json\/wp\/v2\/media\/124153"}],"wp:attachment":[{"href":"https:\/\/shop.rettum.ee\/en\/wp-json\/wp\/v2\/media?parent=120136"}],"wp:term":[{"taxonomy":"product_brand","embeddable":true,"href":"https:\/\/shop.rettum.ee\/en\/wp-json\/wp\/v2\/product_brand?post=120136"},{"taxonomy":"product_cat","embeddable":true,"href":"https:\/\/shop.rettum.ee\/en\/wp-json\/wp\/v2\/product_cat?post=120136"},{"taxonomy":"product_tag","embeddable":true,"href":"https:\/\/shop.rettum.ee\/en\/wp-json\/wp\/v2\/product_tag?post=120136"},{"taxonomy":"pa_brand_name","embeddable":true,"href":"https:\/\/shop.rettum.ee\/en\/wp-json\/wp\/v2\/pa_brand_name?post=120136"}],"curies":[{"name":"wp","href":"https:\/\/api.w.org\/{rel}","templated":true}]}}