{"id":120138,"date":"2025-03-31T02:58:35","date_gmt":"2025-03-30T23:58:35","guid":{"rendered":"https:\/\/shop.rettum.ee\/toode\/255-45r20-lassa-competus-h-p-2-105w-xl-rp-dot21-cbb71\/"},"modified":"2026-03-22T03:09:30","modified_gmt":"2026-03-22T01:09:30","slug":"255-45r20-lassa-competus-h-p-2-105w-xl-rp-dot21-cbb71","status":"publish","type":"product","link":"https:\/\/shop.rettum.ee\/en\/product\/255-45r20-lassa-competus-h-p-2-105w-xl-rp-dot21-cbb71\/","title":{"rendered":"255\/45R20 LASSA COMPETUS H\/P 2 105W XL RP DOT21 CBB71"},"content":{"rendered":"<p>Tutvustame uut Lassa Competus H\/P 2 rehvi m\u00f5\u00f5tidega 255\/45R20 \u2013 ideaalne valik neile, kes hindavad sportlikku j\u00f5udlust ja k\u00f5rget ohutust. See rehv on loodud tagama suurep\u00e4rane haarduvus nii kuivadel kui ka m\u00e4rgadel teedel, pakkudes stabiilsust ja kindlustunnet igas s\u00f5idutingimuses. XL-kategooria ja 105W indeksi kombinatsioon tagavad, et rehv suudab kanda suuremaid raskusi ning sobib ideaalselt sportlikele autodele ja kiiretele s\u00f5idule.<\/p>\n<p>Lassa Competus H\/P 2 rehvi reaktiivsus ja vastupidavus on disainitud n\u00f5udlikele s\u00f5idutingimustele, kus t\u00e4pne juhitavus ja kiire reageerimine loovad \u00fclimalt turvalise s\u00f5idukogemuse. Tootmism\u00e4rgend DOT21 kinnitab rehvi kvaliteeti ja tootmisprotsessi vastavust k\u00f5rgeimatele standarditele, samas kui kood CBB71 annab lisainfot selle p\u00e4ritolust ja j\u00e4lgitavusest.<\/p>\n<p>Valides Lassa Competus H\/P 2 rehvi, investeerid innovatsiooni, ohutusse ja usaldusv\u00e4\u00e4rsesse s\u00f5idukogemusse. Ideaalne kombinatsioon tehnoloogilisest tipptasemest ja praktilisest rakendusest igap\u00e4evasest s\u00f5idust.<\/p>","protected":false},"excerpt":{"rendered":"<p>Tutvustame uut Lassa Competus H\/P 2 rehvi m\u00f5\u00f5tidega 255\/45R20 \u2013 ideaalne valik neile, kes hindavad sportlikku j\u00f5udlust ja k\u00f5rget ohutust. See rehv on loodud tagama suurep\u00e4rane haarduvus nii kuivadel kui ka m\u00e4rgadel teedel, pakkudes stabiilsust ja kindlustunnet igas s\u00f5idutingimuses. XL-kategooria ja 105W indeksi kombinatsioon tagavad, et rehv suudab kanda suuremaid raskusi ning sobib ideaalselt sportlikele [&hellip;]<\/p>\n","protected":false},"featured_media":124131,"template":"","meta":{"site-sidebar-layout":"default","site-content-layout":"","ast-site-content-layout":"","site-content-style":"default","site-sidebar-style":"default","ast-global-header-display":"","ast-banner-title-visibility":"","ast-main-header-display":"","ast-hfb-above-header-display":"","ast-hfb-below-header-display":"","ast-hfb-mobile-header-display":"","site-post-title":"","ast-breadcrumbs-content":"","ast-featured-img":"","footer-sml-layout":"","theme-transparent-header-meta":"","adv-header-id-meta":"","stick-header-meta":"","header-above-stick-meta":"","header-main-stick-meta":"","header-below-stick-meta":"","astra-migrate-meta-layouts":"default","ast-page-background-enabled":"default","ast-page-background-meta":{"desktop":{"background-color":"","background-image":"","background-repeat":"repeat","background-position":"center center","background-size":"auto","background-attachment":"scroll","background-type":"","background-media":"","overlay-type":"","overlay-color":"","overlay-opacity":"","overlay-gradient":""},"tablet":{"background-color":"","background-image":"","background-repeat":"repeat","background-position":"center center","background-size":"auto","background-attachment":"scroll","background-type":"","background-media":"","overlay-type":"","overlay-color":"","overlay-opacity":"","overlay-gradient":""},"mobile":{"background-color":"","background-image":"","background-repeat":"repeat","background-position":"center center","background-size":"auto","background-attachment":"scroll","background-type":"","background-media":"","overlay-type":"","overlay-color":"","overlay-opacity":"","overlay-gradient":""}},"ast-content-background-meta":{"desktop":{"background-color":"var(--ast-global-color-5)","background-image":"","background-repeat":"repeat","background-position":"center center","background-size":"auto","background-attachment":"scroll","background-type":"","background-media":"","overlay-type":"","overlay-color":"","overlay-opacity":"","overlay-gradient":""},"tablet":{"background-color":"var(--ast-global-color-5)","background-image":"","background-repeat":"repeat","background-position":"center center","background-size":"auto","background-attachment":"scroll","background-type":"","background-media":"","overlay-type":"","overlay-color":"","overlay-opacity":"","overlay-gradient":""},"mobile":{"background-color":"var(--ast-global-color-5)","background-image":"","background-repeat":"repeat","background-position":"center center","background-size":"auto","background-attachment":"scroll","background-type":"","background-media":"","overlay-type":"","overlay-color":"","overlay-opacity":"","overlay-gradient":""}}},"product_brand":[],"product_cat":[34225],"product_tag":[],"pa_brand_name":[17798],"class_list":{"0":"post-120138","1":"product","2":"type-product","3":"status-publish","4":"has-post-thumbnail","6":"product_cat-summer-tires-pv","7":"pa_brand_name-lassa","8":"desktop-align-left","9":"tablet-align-left","10":"mobile-align-left","12":"first","13":"outofstock","14":"taxable","15":"shipping-taxable","16":"purchasable","17":"product-type-simple"},"_links":{"self":[{"href":"https:\/\/shop.rettum.ee\/en\/wp-json\/wp\/v2\/product\/120138","targetHints":{"allow":["GET"]}}],"collection":[{"href":"https:\/\/shop.rettum.ee\/en\/wp-json\/wp\/v2\/product"}],"about":[{"href":"https:\/\/shop.rettum.ee\/en\/wp-json\/wp\/v2\/types\/product"}],"version-history":[{"count":1,"href":"https:\/\/shop.rettum.ee\/en\/wp-json\/wp\/v2\/product\/120138\/revisions"}],"predecessor-version":[{"id":126394,"href":"https:\/\/shop.rettum.ee\/en\/wp-json\/wp\/v2\/product\/120138\/revisions\/126394"}],"wp:featuredmedia":[{"embeddable":true,"href":"https:\/\/shop.rettum.ee\/en\/wp-json\/wp\/v2\/media\/124131"}],"wp:attachment":[{"href":"https:\/\/shop.rettum.ee\/en\/wp-json\/wp\/v2\/media?parent=120138"}],"wp:term":[{"taxonomy":"product_brand","embeddable":true,"href":"https:\/\/shop.rettum.ee\/en\/wp-json\/wp\/v2\/product_brand?post=120138"},{"taxonomy":"product_cat","embeddable":true,"href":"https:\/\/shop.rettum.ee\/en\/wp-json\/wp\/v2\/product_cat?post=120138"},{"taxonomy":"product_tag","embeddable":true,"href":"https:\/\/shop.rettum.ee\/en\/wp-json\/wp\/v2\/product_tag?post=120138"},{"taxonomy":"pa_brand_name","embeddable":true,"href":"https:\/\/shop.rettum.ee\/en\/wp-json\/wp\/v2\/pa_brand_name?post=120138"}],"curies":[{"name":"wp","href":"https:\/\/api.w.org\/{rel}","templated":true}]}}