{"id":120139,"date":"2025-03-31T02:58:36","date_gmt":"2025-03-30T23:58:36","guid":{"rendered":"https:\/\/shop.rettum.ee\/toode\/175-60r16-maxxis-mecotra-3-me3-82h-dot21-cbb69\/"},"modified":"2026-03-22T03:09:17","modified_gmt":"2026-03-22T01:09:17","slug":"175-60r16-maxxis-mecotra-3-me3-82h-dot21-cbb69","status":"publish","type":"product","link":"https:\/\/shop.rettum.ee\/en\/product\/175-60r16-maxxis-mecotra-3-me3-82h-dot21-cbb69\/","title":{"rendered":"175\/60R16 MAXXIS MECOTRA 3 ME3 82H DOT21 CBB69"},"content":{"rendered":"<p>175\/60R16 MAXXIS MECOTRA 3 ME3 82H DOT21 CBB69 on tipptasemel rehvid, mis \u00fchendavad kaasaegse tehnoloogia ja t\u00f6\u00f6kindluse. Sellel rehvil on spetsiaalne mustrilahendus, mis tagab suurep\u00e4rase haarduvuse nii kuivadel kui m\u00e4rgadel teedel, pakkudes kindlat juhitavust ja ohutut s\u00f5idukogemust igas olukorras.<\/p>\n<p>Rehvi disain on optimeeritud pakkuma stabiilsust ja v\u00e4hendama veeretormimist, v\u00f5imaldades s\u00f5idukil efektiivselt ja turvaliselt liikuda ka keerukates s\u00f5iduoludes. 82 koormusindeks annab m\u00e4rku selle rehvi v\u00f5imekusest toetada kerget kuni keskmise raskusega s\u00f5idukeid, samas kui H kiirusindeks lubab usaldusv\u00e4\u00e4rset j\u00f5udlust kuni 210 km\/h.<\/p>\n<p>DOT m\u00e4rgise DOT21 CBB69 olemasolu kinnitab rehvi vastavust rangeatele kvaliteedi- ja ohutusstandarditele, tagades pikaajalise kasutuse ja suurep\u00e4rase kulumiskindluse. Valides MAXXIS MECOTRA 3 ME3, saab juht kindlustunnet, et tema s\u00f5idukile on paigaldatud t\u00f5eliselt kvaliteetne ja t\u00f6\u00f6kindel rehvikomplekt, mis aitab optimeerida k\u00fctuses\u00e4\u00e4stu ning maksimeerida s\u00f5idumugavust.<\/p>","protected":false},"excerpt":{"rendered":"<p>175\/60R16 MAXXIS MECOTRA 3 ME3 82H DOT21 CBB69 on tipptasemel rehvid, mis \u00fchendavad kaasaegse tehnoloogia ja t\u00f6\u00f6kindluse. Sellel rehvil on spetsiaalne mustrilahendus, mis tagab suurep\u00e4rase haarduvuse nii kuivadel kui m\u00e4rgadel teedel, pakkudes kindlat juhitavust ja ohutut s\u00f5idukogemust igas olukorras. Rehvi disain on optimeeritud pakkuma stabiilsust ja v\u00e4hendama veeretormimist, v\u00f5imaldades s\u00f5idukil efektiivselt ja turvaliselt liikuda ka [&hellip;]<\/p>\n","protected":false},"featured_media":124152,"template":"","meta":{"site-sidebar-layout":"default","site-content-layout":"","ast-site-content-layout":"","site-content-style":"default","site-sidebar-style":"default","ast-global-header-display":"","ast-banner-title-visibility":"","ast-main-header-display":"","ast-hfb-above-header-display":"","ast-hfb-below-header-display":"","ast-hfb-mobile-header-display":"","site-post-title":"","ast-breadcrumbs-content":"","ast-featured-img":"","footer-sml-layout":"","theme-transparent-header-meta":"","adv-header-id-meta":"","stick-header-meta":"","header-above-stick-meta":"","header-main-stick-meta":"","header-below-stick-meta":"","astra-migrate-meta-layouts":"default","ast-page-background-enabled":"default","ast-page-background-meta":{"desktop":{"background-color":"","background-image":"","background-repeat":"repeat","background-position":"center center","background-size":"auto","background-attachment":"scroll","background-type":"","background-media":"","overlay-type":"","overlay-color":"","overlay-opacity":"","overlay-gradient":""},"tablet":{"background-color":"","background-image":"","background-repeat":"repeat","background-position":"center center","background-size":"auto","background-attachment":"scroll","background-type":"","background-media":"","overlay-type":"","overlay-color":"","overlay-opacity":"","overlay-gradient":""},"mobile":{"background-color":"","background-image":"","background-repeat":"repeat","background-position":"center center","background-size":"auto","background-attachment":"scroll","background-type":"","background-media":"","overlay-type":"","overlay-color":"","overlay-opacity":"","overlay-gradient":""}},"ast-content-background-meta":{"desktop":{"background-color":"var(--ast-global-color-5)","background-image":"","background-repeat":"repeat","background-position":"center center","background-size":"auto","background-attachment":"scroll","background-type":"","background-media":"","overlay-type":"","overlay-color":"","overlay-opacity":"","overlay-gradient":""},"tablet":{"background-color":"var(--ast-global-color-5)","background-image":"","background-repeat":"repeat","background-position":"center center","background-size":"auto","background-attachment":"scroll","background-type":"","background-media":"","overlay-type":"","overlay-color":"","overlay-opacity":"","overlay-gradient":""},"mobile":{"background-color":"var(--ast-global-color-5)","background-image":"","background-repeat":"repeat","background-position":"center center","background-size":"auto","background-attachment":"scroll","background-type":"","background-media":"","overlay-type":"","overlay-color":"","overlay-opacity":"","overlay-gradient":""}}},"product_brand":[],"product_cat":[34225],"product_tag":[],"pa_brand_name":[],"class_list":{"0":"post-120139","1":"product","2":"type-product","3":"status-publish","4":"has-post-thumbnail","6":"product_cat-summer-tires-pv","7":"desktop-align-left","8":"tablet-align-left","9":"mobile-align-left","11":"first","12":"outofstock","13":"taxable","14":"shipping-taxable","15":"purchasable","16":"product-type-simple"},"_links":{"self":[{"href":"https:\/\/shop.rettum.ee\/en\/wp-json\/wp\/v2\/product\/120139","targetHints":{"allow":["GET"]}}],"collection":[{"href":"https:\/\/shop.rettum.ee\/en\/wp-json\/wp\/v2\/product"}],"about":[{"href":"https:\/\/shop.rettum.ee\/en\/wp-json\/wp\/v2\/types\/product"}],"version-history":[{"count":1,"href":"https:\/\/shop.rettum.ee\/en\/wp-json\/wp\/v2\/product\/120139\/revisions"}],"predecessor-version":[{"id":126390,"href":"https:\/\/shop.rettum.ee\/en\/wp-json\/wp\/v2\/product\/120139\/revisions\/126390"}],"wp:featuredmedia":[{"embeddable":true,"href":"https:\/\/shop.rettum.ee\/en\/wp-json\/wp\/v2\/media\/124152"}],"wp:attachment":[{"href":"https:\/\/shop.rettum.ee\/en\/wp-json\/wp\/v2\/media?parent=120139"}],"wp:term":[{"taxonomy":"product_brand","embeddable":true,"href":"https:\/\/shop.rettum.ee\/en\/wp-json\/wp\/v2\/product_brand?post=120139"},{"taxonomy":"product_cat","embeddable":true,"href":"https:\/\/shop.rettum.ee\/en\/wp-json\/wp\/v2\/product_cat?post=120139"},{"taxonomy":"product_tag","embeddable":true,"href":"https:\/\/shop.rettum.ee\/en\/wp-json\/wp\/v2\/product_tag?post=120139"},{"taxonomy":"pa_brand_name","embeddable":true,"href":"https:\/\/shop.rettum.ee\/en\/wp-json\/wp\/v2\/pa_brand_name?post=120139"}],"curies":[{"name":"wp","href":"https:\/\/api.w.org\/{rel}","templated":true}]}}