{"id":120141,"date":"2025-03-31T02:58:38","date_gmt":"2025-03-30T23:58:38","guid":{"rendered":"https:\/\/shop.rettum.ee\/toode\/305-30r20-hankook-ventus-s1-evo-3-k127-103y-xl-rp-dot21-cab75\/"},"modified":"2026-03-22T03:09:21","modified_gmt":"2026-03-22T01:09:21","slug":"305-30r20-hankook-ventus-s1-evo-3-k127-103y-xl-rp-dot21-cab75","status":"publish","type":"product","link":"https:\/\/shop.rettum.ee\/en\/product\/305-30r20-hankook-ventus-s1-evo-3-k127-103y-xl-rp-dot21-cab75\/","title":{"rendered":"305\/30R20 HANKOOK VENTUS S1 EVO 3 (K127) 103Y XL RP DOT21 CAB75"},"content":{"rendered":"<p>Hankook Ventus S1 Evo 3 (K127) rehvid on m\u00f5eldud n\u00f5udlikele s\u00f5itjatele, kes hindavad sportlikku d\u00fcnaamikat, stabiilsust ja suurep\u00e4rast haarduvust. M\u00f5\u00f5tmetega 305\/30R20 sobivad need rehvid ideaalselt k\u00f5rgj\u00f5udlusega autodele, pakkudes maksimaalset kontaktpinda teega ja kindlat juhitavust ka k\u00f5rgetel kiirustel. Rehvi kood 103Y n\u00e4itab, et see on v\u00f5imeline taluma suuremat koormust ning v\u00f5imaldab kiireid s\u00f5idusamme. XL-t\u00e4his kinnitab rehvi suuremat koormusv\u00f5imet, tagades turvalisema s\u00f5idu ka n\u00f5udlikumates tingimustes.<\/p>\n<p>Ventus S1 Evo 3 on disainitud pakkuma erakordset hoovust nii kuivadel kui m\u00e4rgadel teedel, v\u00f5imaldades s\u00f5idul\u00e4heneda enesekindlamalt ja stabiilsemalt. DOT21 ja CAB75 m\u00e4rgised kinnitavad rehvi vastavust rahvusvahelistele kvaliteedi- ja ohutusstandarditele. Rehvid on loodud pakkuma maksimaalset j\u00f5udlust ja ohutust, muutes need parimaks valikuks sportlikele autojuhtidele, kes ei tee kompromisse kvaliteedi ja s\u00f5idumugavuse osas.<\/p>","protected":false},"excerpt":{"rendered":"<p>Hankook Ventus S1 Evo 3 (K127) rehvid on m\u00f5eldud n\u00f5udlikele s\u00f5itjatele, kes hindavad sportlikku d\u00fcnaamikat, stabiilsust ja suurep\u00e4rast haarduvust. M\u00f5\u00f5tmetega 305\/30R20 sobivad need rehvid ideaalselt k\u00f5rgj\u00f5udlusega autodele, pakkudes maksimaalset kontaktpinda teega ja kindlat juhitavust ka k\u00f5rgetel kiirustel. Rehvi kood 103Y n\u00e4itab, et see on v\u00f5imeline taluma suuremat koormust ning v\u00f5imaldab kiireid s\u00f5idusamme. XL-t\u00e4his kinnitab rehvi [&hellip;]<\/p>\n","protected":false},"featured_media":123631,"template":"","meta":{"site-sidebar-layout":"default","site-content-layout":"","ast-site-content-layout":"","site-content-style":"default","site-sidebar-style":"default","ast-global-header-display":"","ast-banner-title-visibility":"","ast-main-header-display":"","ast-hfb-above-header-display":"","ast-hfb-below-header-display":"","ast-hfb-mobile-header-display":"","site-post-title":"","ast-breadcrumbs-content":"","ast-featured-img":"","footer-sml-layout":"","theme-transparent-header-meta":"","adv-header-id-meta":"","stick-header-meta":"","header-above-stick-meta":"","header-main-stick-meta":"","header-below-stick-meta":"","astra-migrate-meta-layouts":"default","ast-page-background-enabled":"default","ast-page-background-meta":{"desktop":{"background-color":"","background-image":"","background-repeat":"repeat","background-position":"center center","background-size":"auto","background-attachment":"scroll","background-type":"","background-media":"","overlay-type":"","overlay-color":"","overlay-opacity":"","overlay-gradient":""},"tablet":{"background-color":"","background-image":"","background-repeat":"repeat","background-position":"center center","background-size":"auto","background-attachment":"scroll","background-type":"","background-media":"","overlay-type":"","overlay-color":"","overlay-opacity":"","overlay-gradient":""},"mobile":{"background-color":"","background-image":"","background-repeat":"repeat","background-position":"center center","background-size":"auto","background-attachment":"scroll","background-type":"","background-media":"","overlay-type":"","overlay-color":"","overlay-opacity":"","overlay-gradient":""}},"ast-content-background-meta":{"desktop":{"background-color":"var(--ast-global-color-5)","background-image":"","background-repeat":"repeat","background-position":"center center","background-size":"auto","background-attachment":"scroll","background-type":"","background-media":"","overlay-type":"","overlay-color":"","overlay-opacity":"","overlay-gradient":""},"tablet":{"background-color":"var(--ast-global-color-5)","background-image":"","background-repeat":"repeat","background-position":"center center","background-size":"auto","background-attachment":"scroll","background-type":"","background-media":"","overlay-type":"","overlay-color":"","overlay-opacity":"","overlay-gradient":""},"mobile":{"background-color":"var(--ast-global-color-5)","background-image":"","background-repeat":"repeat","background-position":"center center","background-size":"auto","background-attachment":"scroll","background-type":"","background-media":"","overlay-type":"","overlay-color":"","overlay-opacity":"","overlay-gradient":""}}},"product_brand":[],"product_cat":[34225],"product_tag":[],"pa_brand_name":[],"class_list":{"0":"post-120141","1":"product","2":"type-product","3":"status-publish","4":"has-post-thumbnail","6":"product_cat-summer-tires-pv","7":"desktop-align-left","8":"tablet-align-left","9":"mobile-align-left","11":"first","12":"outofstock","13":"taxable","14":"shipping-taxable","15":"purchasable","16":"product-type-simple"},"_links":{"self":[{"href":"https:\/\/shop.rettum.ee\/en\/wp-json\/wp\/v2\/product\/120141","targetHints":{"allow":["GET"]}}],"collection":[{"href":"https:\/\/shop.rettum.ee\/en\/wp-json\/wp\/v2\/product"}],"about":[{"href":"https:\/\/shop.rettum.ee\/en\/wp-json\/wp\/v2\/types\/product"}],"version-history":[{"count":1,"href":"https:\/\/shop.rettum.ee\/en\/wp-json\/wp\/v2\/product\/120141\/revisions"}],"predecessor-version":[{"id":126387,"href":"https:\/\/shop.rettum.ee\/en\/wp-json\/wp\/v2\/product\/120141\/revisions\/126387"}],"wp:featuredmedia":[{"embeddable":true,"href":"https:\/\/shop.rettum.ee\/en\/wp-json\/wp\/v2\/media\/123631"}],"wp:attachment":[{"href":"https:\/\/shop.rettum.ee\/en\/wp-json\/wp\/v2\/media?parent=120141"}],"wp:term":[{"taxonomy":"product_brand","embeddable":true,"href":"https:\/\/shop.rettum.ee\/en\/wp-json\/wp\/v2\/product_brand?post=120141"},{"taxonomy":"product_cat","embeddable":true,"href":"https:\/\/shop.rettum.ee\/en\/wp-json\/wp\/v2\/product_cat?post=120141"},{"taxonomy":"product_tag","embeddable":true,"href":"https:\/\/shop.rettum.ee\/en\/wp-json\/wp\/v2\/product_tag?post=120141"},{"taxonomy":"pa_brand_name","embeddable":true,"href":"https:\/\/shop.rettum.ee\/en\/wp-json\/wp\/v2\/pa_brand_name?post=120141"}],"curies":[{"name":"wp","href":"https:\/\/api.w.org\/{rel}","templated":true}]}}