{"id":120142,"date":"2025-03-31T02:58:38","date_gmt":"2025-03-30T23:58:38","guid":{"rendered":"https:\/\/shop.rettum.ee\/toode\/33x12-50r20-federal-couragia-m-t-114q-por-dot20\/"},"modified":"2026-03-22T03:09:31","modified_gmt":"2026-03-22T01:09:31","slug":"33x12-50r20-federal-couragia-m-t-114q-por-dot20","status":"publish","type":"product","link":"https:\/\/shop.rettum.ee\/en\/product\/33x12-50r20-federal-couragia-m-t-114q-por-dot20\/","title":{"rendered":"33&#215;12.50R20 FEDERAL COURAGIA M\/T 114Q POR DOT20"},"content":{"rendered":"<p>Federal Couragia M\/T rehvid on loodud n\u00f5udlikeks maastikuradadeks ning tagavad suurep\u00e4rase veoj\u00f5u ja stabiilsuse ka k\u00f5ige karmimates tingimustes. Rehvi m\u00f5\u00f5tmed 33&#215;12.50R20 annavad kindlust ja vastupidavust nii t\u00f6\u00f6- kui ka vaba\u00f5huruumis s\u00f5ites. Mud terrain (M\/T) disain tagab optimaalse haarduvuse poros, liival ja k\u00fcbmas pinnasel, v\u00f5imaldades s\u00f5idukitel t\u00e4helepanuv\u00e4\u00e4rselt paremini toime tulla off-road tingimustega.<\/p>\n<p>Federal Couragia model on konstrueeritud kestma ja toimetama suure koormuse all \u2013 selle 114Q klassi koormusindeks ning kiirusmarkeerimus annavad kasutajale kindlustunde, et rehvid suudavad pikki s\u00f5ite ja raskeid t\u00f6\u00f6tingimusi taluda. DOT20 sertifikaat kinnitab, et rehvid vastavad rangetele tootmisstandarditele ning on valmistatud k\u00f5rge kvaliteedi tagamiseks.<\/p>\n<p>Valides Federal Couragia M\/T rehvid, investeerite mitmek\u00fclgsesse j\u00f5udlusesse ja vastupidavusse, mis tagavad ohutu ning stabiilse s\u00f5idu igas olukorras. Ideaalne valik neile, kes hindavad kvaliteeti ja usaldusv\u00e4\u00e4rsust keerulistel teedel.<\/p>","protected":false},"excerpt":{"rendered":"<p>Federal Couragia M\/T rehvid on loodud n\u00f5udlikeks maastikuradadeks ning tagavad suurep\u00e4rase veoj\u00f5u ja stabiilsuse ka k\u00f5ige karmimates tingimustes. Rehvi m\u00f5\u00f5tmed 33&#215;12.50R20 annavad kindlust ja vastupidavust nii t\u00f6\u00f6- kui ka vaba\u00f5huruumis s\u00f5ites. Mud terrain (M\/T) disain tagab optimaalse haarduvuse poros, liival ja k\u00fcbmas pinnasel, v\u00f5imaldades s\u00f5idukitel t\u00e4helepanuv\u00e4\u00e4rselt paremini toime tulla off-road tingimustega. Federal Couragia model on [&hellip;]<\/p>\n","protected":false},"featured_media":124150,"template":"","meta":{"site-sidebar-layout":"default","site-content-layout":"","ast-site-content-layout":"","site-content-style":"default","site-sidebar-style":"default","ast-global-header-display":"","ast-banner-title-visibility":"","ast-main-header-display":"","ast-hfb-above-header-display":"","ast-hfb-below-header-display":"","ast-hfb-mobile-header-display":"","site-post-title":"","ast-breadcrumbs-content":"","ast-featured-img":"","footer-sml-layout":"","theme-transparent-header-meta":"","adv-header-id-meta":"","stick-header-meta":"","header-above-stick-meta":"","header-main-stick-meta":"","header-below-stick-meta":"","astra-migrate-meta-layouts":"default","ast-page-background-enabled":"default","ast-page-background-meta":{"desktop":{"background-color":"","background-image":"","background-repeat":"repeat","background-position":"center center","background-size":"auto","background-attachment":"scroll","background-type":"","background-media":"","overlay-type":"","overlay-color":"","overlay-opacity":"","overlay-gradient":""},"tablet":{"background-color":"","background-image":"","background-repeat":"repeat","background-position":"center center","background-size":"auto","background-attachment":"scroll","background-type":"","background-media":"","overlay-type":"","overlay-color":"","overlay-opacity":"","overlay-gradient":""},"mobile":{"background-color":"","background-image":"","background-repeat":"repeat","background-position":"center center","background-size":"auto","background-attachment":"scroll","background-type":"","background-media":"","overlay-type":"","overlay-color":"","overlay-opacity":"","overlay-gradient":""}},"ast-content-background-meta":{"desktop":{"background-color":"var(--ast-global-color-5)","background-image":"","background-repeat":"repeat","background-position":"center center","background-size":"auto","background-attachment":"scroll","background-type":"","background-media":"","overlay-type":"","overlay-color":"","overlay-opacity":"","overlay-gradient":""},"tablet":{"background-color":"var(--ast-global-color-5)","background-image":"","background-repeat":"repeat","background-position":"center center","background-size":"auto","background-attachment":"scroll","background-type":"","background-media":"","overlay-type":"","overlay-color":"","overlay-opacity":"","overlay-gradient":""},"mobile":{"background-color":"var(--ast-global-color-5)","background-image":"","background-repeat":"repeat","background-position":"center center","background-size":"auto","background-attachment":"scroll","background-type":"","background-media":"","overlay-type":"","overlay-color":"","overlay-opacity":"","overlay-gradient":""}}},"product_brand":[],"product_cat":[29015],"product_tag":[],"pa_brand_name":[],"class_list":{"0":"post-120142","1":"product","2":"type-product","3":"status-publish","4":"has-post-thumbnail","6":"product_cat-summer-tires-inch-sizes","7":"desktop-align-left","8":"tablet-align-left","9":"mobile-align-left","11":"first","12":"outofstock","13":"taxable","14":"shipping-taxable","15":"purchasable","16":"product-type-simple"},"_links":{"self":[{"href":"https:\/\/shop.rettum.ee\/en\/wp-json\/wp\/v2\/product\/120142","targetHints":{"allow":["GET"]}}],"collection":[{"href":"https:\/\/shop.rettum.ee\/en\/wp-json\/wp\/v2\/product"}],"about":[{"href":"https:\/\/shop.rettum.ee\/en\/wp-json\/wp\/v2\/types\/product"}],"version-history":[{"count":1,"href":"https:\/\/shop.rettum.ee\/en\/wp-json\/wp\/v2\/product\/120142\/revisions"}],"predecessor-version":[{"id":126388,"href":"https:\/\/shop.rettum.ee\/en\/wp-json\/wp\/v2\/product\/120142\/revisions\/126388"}],"wp:featuredmedia":[{"embeddable":true,"href":"https:\/\/shop.rettum.ee\/en\/wp-json\/wp\/v2\/media\/124150"}],"wp:attachment":[{"href":"https:\/\/shop.rettum.ee\/en\/wp-json\/wp\/v2\/media?parent=120142"}],"wp:term":[{"taxonomy":"product_brand","embeddable":true,"href":"https:\/\/shop.rettum.ee\/en\/wp-json\/wp\/v2\/product_brand?post=120142"},{"taxonomy":"product_cat","embeddable":true,"href":"https:\/\/shop.rettum.ee\/en\/wp-json\/wp\/v2\/product_cat?post=120142"},{"taxonomy":"product_tag","embeddable":true,"href":"https:\/\/shop.rettum.ee\/en\/wp-json\/wp\/v2\/product_tag?post=120142"},{"taxonomy":"pa_brand_name","embeddable":true,"href":"https:\/\/shop.rettum.ee\/en\/wp-json\/wp\/v2\/pa_brand_name?post=120142"}],"curies":[{"name":"wp","href":"https:\/\/api.w.org\/{rel}","templated":true}]}}