{"id":120150,"date":"2025-03-31T02:58:44","date_gmt":"2025-03-30T23:58:44","guid":{"rendered":"https:\/\/shop.rettum.ee\/toode\/245-40r21-falken-eurowinter-hs01-96v-runflat-rp-mfs-dot21-studless-ecb71-3pmsf-ms\/"},"modified":"2026-03-22T03:09:11","modified_gmt":"2026-03-22T01:09:11","slug":"245-40r21-falken-eurowinter-hs01-96v-runflat-rp-mfs-dot21-studless-ecb71-3pmsf-ms","status":"publish","type":"product","link":"https:\/\/shop.rettum.ee\/en\/product\/245-40r21-falken-eurowinter-hs01-96v-runflat-rp-mfs-dot21-studless-ecb71-3pmsf-ms\/","title":{"rendered":"245\/40R21 FALKEN EUROWINTER HS01 96V RunFlat RP MFS DOT21 Studless ECB71 3PMSF M+S"},"content":{"rendered":"<p>Falken EUROWINTER HS01 245\/40R21 on tipptasemel talver\u00f5u, mis on loodud pakkuma maksimaalset ohutust ja kindlust s\u00f5itu k\u00f5ige n\u00f5udlikumates talvetingimustes. Rehvi disain vastab DOT21 standarditele ning selle klass 96V tagab suurep\u00e4rase j\u00f5udluse soojematel ja kiiretel s\u00f5idutingimustel, samas kui talvine konstruktsioon tagab kindla haarduvuse lumel, j\u00e4\u00e4l ja m\u00e4rjal teepinnal.<\/p>\n<p>Innovatiivne RunFlat tehnoloogia v\u00f5imaldab s\u00f5ita ka v\u00e4heste kahjustustega, pakkudes lisaturvalisust ootamatute olukordade korral. 3PMSF m\u00e4rgistus kinnitab rehvile k\u00f5rge libisemisvastase efektiivsuse raskes talveolukorras, samas kui M+S ja Studless disain toetavad stabiilset veoj\u00f5udu ning kontrolli ka k\u00f5ige libedamates tingimustes. ECB71 tehnoloogia t\u00e4iustab rehvi haarduvust ja s\u00f5idumugavust, tagades sujuva ja turvalise s\u00f5iduelamuse.<\/p>\n<p>Falken EUROWINTER HS01 on ideaalne valik juhtidele, kes hindavad usaldusv\u00e4\u00e4rsust ja sooritust ning soovivad nautida turvalist s\u00f5itu igas hommikuses ning ootamatus olukorras, kuni s\u00f5iduruumi pakutav kindlustunne ja stabiilsus p\u00fcsib tipptasemel.<\/p>","protected":false},"excerpt":{"rendered":"<p>Falken EUROWINTER HS01 245\/40R21 on tipptasemel talver\u00f5u, mis on loodud pakkuma maksimaalset ohutust ja kindlust s\u00f5itu k\u00f5ige n\u00f5udlikumates talvetingimustes. Rehvi disain vastab DOT21 standarditele ning selle klass 96V tagab suurep\u00e4rase j\u00f5udluse soojematel ja kiiretel s\u00f5idutingimustel, samas kui talvine konstruktsioon tagab kindla haarduvuse lumel, j\u00e4\u00e4l ja m\u00e4rjal teepinnal. Innovatiivne RunFlat tehnoloogia v\u00f5imaldab s\u00f5ita ka v\u00e4heste kahjustustega, [&hellip;]<\/p>\n","protected":false},"featured_media":124144,"template":"","meta":{"site-sidebar-layout":"default","site-content-layout":"","ast-site-content-layout":"","site-content-style":"default","site-sidebar-style":"default","ast-global-header-display":"","ast-banner-title-visibility":"","ast-main-header-display":"","ast-hfb-above-header-display":"","ast-hfb-below-header-display":"","ast-hfb-mobile-header-display":"","site-post-title":"","ast-breadcrumbs-content":"","ast-featured-img":"","footer-sml-layout":"","theme-transparent-header-meta":"","adv-header-id-meta":"","stick-header-meta":"","header-above-stick-meta":"","header-main-stick-meta":"","header-below-stick-meta":"","astra-migrate-meta-layouts":"default","ast-page-background-enabled":"default","ast-page-background-meta":{"desktop":{"background-color":"","background-image":"","background-repeat":"repeat","background-position":"center center","background-size":"auto","background-attachment":"scroll","background-type":"","background-media":"","overlay-type":"","overlay-color":"","overlay-opacity":"","overlay-gradient":""},"tablet":{"background-color":"","background-image":"","background-repeat":"repeat","background-position":"center center","background-size":"auto","background-attachment":"scroll","background-type":"","background-media":"","overlay-type":"","overlay-color":"","overlay-opacity":"","overlay-gradient":""},"mobile":{"background-color":"","background-image":"","background-repeat":"repeat","background-position":"center center","background-size":"auto","background-attachment":"scroll","background-type":"","background-media":"","overlay-type":"","overlay-color":"","overlay-opacity":"","overlay-gradient":""}},"ast-content-background-meta":{"desktop":{"background-color":"var(--ast-global-color-5)","background-image":"","background-repeat":"repeat","background-position":"center center","background-size":"auto","background-attachment":"scroll","background-type":"","background-media":"","overlay-type":"","overlay-color":"","overlay-opacity":"","overlay-gradient":""},"tablet":{"background-color":"var(--ast-global-color-5)","background-image":"","background-repeat":"repeat","background-position":"center center","background-size":"auto","background-attachment":"scroll","background-type":"","background-media":"","overlay-type":"","overlay-color":"","overlay-opacity":"","overlay-gradient":""},"mobile":{"background-color":"var(--ast-global-color-5)","background-image":"","background-repeat":"repeat","background-position":"center center","background-size":"auto","background-attachment":"scroll","background-type":"","background-media":"","overlay-type":"","overlay-color":"","overlay-opacity":"","overlay-gradient":""}}},"product_brand":[],"product_cat":[34228],"product_tag":[],"pa_brand_name":[17926],"class_list":{"0":"post-120150","1":"product","2":"type-product","3":"status-publish","4":"has-post-thumbnail","6":"product_cat-winter-tires-friction","7":"pa_brand_name-falken","8":"desktop-align-left","9":"tablet-align-left","10":"mobile-align-left","12":"first","13":"outofstock","14":"taxable","15":"shipping-taxable","16":"purchasable","17":"product-type-simple"},"_links":{"self":[{"href":"https:\/\/shop.rettum.ee\/en\/wp-json\/wp\/v2\/product\/120150","targetHints":{"allow":["GET"]}}],"collection":[{"href":"https:\/\/shop.rettum.ee\/en\/wp-json\/wp\/v2\/product"}],"about":[{"href":"https:\/\/shop.rettum.ee\/en\/wp-json\/wp\/v2\/types\/product"}],"version-history":[{"count":1,"href":"https:\/\/shop.rettum.ee\/en\/wp-json\/wp\/v2\/product\/120150\/revisions"}],"predecessor-version":[{"id":126379,"href":"https:\/\/shop.rettum.ee\/en\/wp-json\/wp\/v2\/product\/120150\/revisions\/126379"}],"wp:featuredmedia":[{"embeddable":true,"href":"https:\/\/shop.rettum.ee\/en\/wp-json\/wp\/v2\/media\/124144"}],"wp:attachment":[{"href":"https:\/\/shop.rettum.ee\/en\/wp-json\/wp\/v2\/media?parent=120150"}],"wp:term":[{"taxonomy":"product_brand","embeddable":true,"href":"https:\/\/shop.rettum.ee\/en\/wp-json\/wp\/v2\/product_brand?post=120150"},{"taxonomy":"product_cat","embeddable":true,"href":"https:\/\/shop.rettum.ee\/en\/wp-json\/wp\/v2\/product_cat?post=120150"},{"taxonomy":"product_tag","embeddable":true,"href":"https:\/\/shop.rettum.ee\/en\/wp-json\/wp\/v2\/product_tag?post=120150"},{"taxonomy":"pa_brand_name","embeddable":true,"href":"https:\/\/shop.rettum.ee\/en\/wp-json\/wp\/v2\/pa_brand_name?post=120150"}],"curies":[{"name":"wp","href":"https:\/\/api.w.org\/{rel}","templated":true}]}}