{"id":120152,"date":"2025-03-31T02:58:45","date_gmt":"2025-03-30T23:58:45","guid":{"rendered":"https:\/\/shop.rettum.ee\/toode\/385-55r22-5-goldencrown-az170-160k-ms-3pmsf-steerandtrailer-regional-cbb73\/"},"modified":"2025-08-14T02:45:27","modified_gmt":"2025-08-13T23:45:27","slug":"385-55r22-5-goldencrown-az170-160k-ms-3pmsf-steerandtrailer-regional-cbb73","status":"publish","type":"product","link":"https:\/\/shop.rettum.ee\/en\/product\/385-55r22-5-goldencrown-az170-160k-ms-3pmsf-steerandtrailer-regional-cbb73\/","title":{"rendered":"385\/55R22.5 GoldenCrown AZ170 160K M+S 3PMSF SteerAndTrailer REGIONAL CBB73"},"content":{"rendered":"<p>Tutvu uue 385\/55R22.5 GoldenCrown AZ170 rehvivast, mis on m\u00f5eldud nii juhi- kui haagisrakendusteks ning sobib ideaalselt regionaalseks kaubaveoks. Reklaamitud mudadega M+S ja 3PMSF m\u00e4rgistusega rehvid tagavad maksimaalse veoj\u00f5u ja stabiilsuse ka keerulistel niisketel ja lumistel teedel. 160K kiirusindeks ja REGIONAL CBB73 tehnoloogia loovad koos sujuva ja turvalise s\u00f5idukogemuse, pakkudes k\u00f5rget vastupidavust ja pikaealisust erinevates s\u00f5idutingimustes.<\/p>\n<p>GoldenCrown AZ170 on disainitud pakkuma \u00fclimat rollimismugavust ja k\u00fctuses\u00e4\u00e4stlikkust ning tagab t\u00e4pse kontrolli ka k\u00f5ige n\u00f5udlikumates operatsioonides. Selle innovatiivne konstruktsioon ja k\u00f5rgtehnoloogilised lahendused muudavad selle rehvi ideaalseks valikuks transpordiettev\u00f5tetele, kes hindavad ohutust, j\u00f5udlust ja t\u00f6\u00f6kindlust igas olukorras. Uuenduslik disain ja kvaliteetsed materjalid teevad sellest rehvi lahenduse, mis vastab t\u00e4nap\u00e4eva transportmaailma k\u00f5rgetele standarditele.<\/p>","protected":false},"excerpt":{"rendered":"<p>Tutvu uue 385\/55R22.5 GoldenCrown AZ170 rehvivast, mis on m\u00f5eldud nii juhi- kui haagisrakendusteks ning sobib ideaalselt regionaalseks kaubaveoks. Reklaamitud mudadega M+S ja 3PMSF m\u00e4rgistusega rehvid tagavad maksimaalse veoj\u00f5u ja stabiilsuse ka keerulistel niisketel ja lumistel teedel. 160K kiirusindeks ja REGIONAL CBB73 tehnoloogia loovad koos sujuva ja turvalise s\u00f5idukogemuse, pakkudes k\u00f5rget vastupidavust ja pikaealisust erinevates s\u00f5idutingimustes. [&hellip;]<\/p>\n","protected":false},"featured_media":124142,"template":"","meta":{"site-sidebar-layout":"default","site-content-layout":"","ast-site-content-layout":"","site-content-style":"default","site-sidebar-style":"default","ast-global-header-display":"","ast-banner-title-visibility":"","ast-main-header-display":"","ast-hfb-above-header-display":"","ast-hfb-below-header-display":"","ast-hfb-mobile-header-display":"","site-post-title":"","ast-breadcrumbs-content":"","ast-featured-img":"","footer-sml-layout":"","theme-transparent-header-meta":"","adv-header-id-meta":"","stick-header-meta":"","header-above-stick-meta":"","header-main-stick-meta":"","header-below-stick-meta":"","astra-migrate-meta-layouts":"default","ast-page-background-enabled":"default","ast-page-background-meta":{"desktop":{"background-color":"","background-image":"","background-repeat":"repeat","background-position":"center center","background-size":"auto","background-attachment":"scroll","background-type":"","background-media":"","overlay-type":"","overlay-color":"","overlay-opacity":"","overlay-gradient":""},"tablet":{"background-color":"","background-image":"","background-repeat":"repeat","background-position":"center center","background-size":"auto","background-attachment":"scroll","background-type":"","background-media":"","overlay-type":"","overlay-color":"","overlay-opacity":"","overlay-gradient":""},"mobile":{"background-color":"","background-image":"","background-repeat":"repeat","background-position":"center center","background-size":"auto","background-attachment":"scroll","background-type":"","background-media":"","overlay-type":"","overlay-color":"","overlay-opacity":"","overlay-gradient":""}},"ast-content-background-meta":{"desktop":{"background-color":"var(--ast-global-color-5)","background-image":"","background-repeat":"repeat","background-position":"center center","background-size":"auto","background-attachment":"scroll","background-type":"","background-media":"","overlay-type":"","overlay-color":"","overlay-opacity":"","overlay-gradient":""},"tablet":{"background-color":"var(--ast-global-color-5)","background-image":"","background-repeat":"repeat","background-position":"center center","background-size":"auto","background-attachment":"scroll","background-type":"","background-media":"","overlay-type":"","overlay-color":"","overlay-opacity":"","overlay-gradient":""},"mobile":{"background-color":"var(--ast-global-color-5)","background-image":"","background-repeat":"repeat","background-position":"center center","background-size":"auto","background-attachment":"scroll","background-type":"","background-media":"","overlay-type":"","overlay-color":"","overlay-opacity":"","overlay-gradient":""}}},"product_brand":[],"product_cat":[34233],"product_tag":[],"pa_brand_name":[27971],"class_list":{"0":"post-120152","1":"product","2":"type-product","3":"status-publish","4":"has-post-thumbnail","6":"product_cat-truck-tires","7":"pa_brand_name-goldencrown","8":"desktop-align-left","9":"tablet-align-left","10":"mobile-align-left","12":"first","13":"outofstock","14":"taxable","15":"shipping-taxable","16":"purchasable","17":"product-type-simple"},"_links":{"self":[{"href":"https:\/\/shop.rettum.ee\/en\/wp-json\/wp\/v2\/product\/120152","targetHints":{"allow":["GET"]}}],"collection":[{"href":"https:\/\/shop.rettum.ee\/en\/wp-json\/wp\/v2\/product"}],"about":[{"href":"https:\/\/shop.rettum.ee\/en\/wp-json\/wp\/v2\/types\/product"}],"version-history":[{"count":1,"href":"https:\/\/shop.rettum.ee\/en\/wp-json\/wp\/v2\/product\/120152\/revisions"}],"predecessor-version":[{"id":126376,"href":"https:\/\/shop.rettum.ee\/en\/wp-json\/wp\/v2\/product\/120152\/revisions\/126376"}],"wp:featuredmedia":[{"embeddable":true,"href":"https:\/\/shop.rettum.ee\/en\/wp-json\/wp\/v2\/media\/124142"}],"wp:attachment":[{"href":"https:\/\/shop.rettum.ee\/en\/wp-json\/wp\/v2\/media?parent=120152"}],"wp:term":[{"taxonomy":"product_brand","embeddable":true,"href":"https:\/\/shop.rettum.ee\/en\/wp-json\/wp\/v2\/product_brand?post=120152"},{"taxonomy":"product_cat","embeddable":true,"href":"https:\/\/shop.rettum.ee\/en\/wp-json\/wp\/v2\/product_cat?post=120152"},{"taxonomy":"product_tag","embeddable":true,"href":"https:\/\/shop.rettum.ee\/en\/wp-json\/wp\/v2\/product_tag?post=120152"},{"taxonomy":"pa_brand_name","embeddable":true,"href":"https:\/\/shop.rettum.ee\/en\/wp-json\/wp\/v2\/pa_brand_name?post=120152"}],"curies":[{"name":"wp","href":"https:\/\/api.w.org\/{rel}","templated":true}]}}