{"id":120164,"date":"2025-03-31T02:58:52","date_gmt":"2025-03-30T23:58:52","guid":{"rendered":"https:\/\/shop.rettum.ee\/toode\/225-55r17-pirelli-cinturato-p7-97y-runflat-dot21-dbb71\/"},"modified":"2025-07-30T02:51:44","modified_gmt":"2025-07-29T23:51:44","slug":"225-55r17-pirelli-cinturato-p7-97y-runflat-dot21-dbb71","status":"publish","type":"product","link":"https:\/\/shop.rettum.ee\/en\/product\/225-55r17-pirelli-cinturato-p7-97y-runflat-dot21-dbb71\/","title":{"rendered":"225\/55R17 PIRELLI CINTURATO P7 97Y RunFlat (*) DOT21 DBB71"},"content":{"rendered":"<p>225\/55R17 PIRELLI CINTURATO P7 97Y RunFlat (*) DOT21 DBB71 on tipptasemel rehv, mis \u00fchendab innovatsiooni ja ohutuse. T\u00e4nu k\u00f5rgetasemelisele RunFlat tehnoloogiale s\u00e4ilitab see rehv s\u00f5iduv\u00f5ime isegi rehvireostuse korral, v\u00f5imaldades j\u00e4tkata s\u00f5itu m\u00e4\u00e4ratud kiirusel kuni 80 km\/h ning saavutades ohutu eemalendumise l\u00e4hima teenindusepunkti. <\/p>\n<p>Rehvi m\u00f5\u00f5tmed 225\/55R17 tagavad ideaalse haarduvuse ning stabiilsuse nii kuival kui m\u00e4rjal teel. Laadimisindeks 97 ja kiirusklass Y v\u00f5imaldavad muljetavaldavaid j\u00f5udlusomadusi, sobides h\u00e4sti suurep\u00e4rasteks s\u00f5iduomadusteks ja sportlikeks s\u00f5idukiteks. DOT21 DBB71 kood kinnitab, et rehv vastab rangetele tootmisstandarditele ja ohutusn\u00f5uetele.<\/p>\n<p>PIRELLI CINTURATO P7 on parim valik neile, kes hindavad turvalist, vastupidavat ja innovatiivset rehvilahendust igas s\u00f5idutingimuses. Vali see rehv ja naudi tipptasemel s\u00f5idukogemust, kus kvaliteet ja ohutus kohtuvad.<\/p>","protected":false},"excerpt":{"rendered":"<p>225\/55R17 PIRELLI CINTURATO P7 97Y RunFlat (*) DOT21 DBB71 on tipptasemel rehv, mis \u00fchendab innovatsiooni ja ohutuse. T\u00e4nu k\u00f5rgetasemelisele RunFlat tehnoloogiale s\u00e4ilitab see rehv s\u00f5iduv\u00f5ime isegi rehvireostuse korral, v\u00f5imaldades j\u00e4tkata s\u00f5itu m\u00e4\u00e4ratud kiirusel kuni 80 km\/h ning saavutades ohutu eemalendumise l\u00e4hima teenindusepunkti. Rehvi m\u00f5\u00f5tmed 225\/55R17 tagavad ideaalse haarduvuse ning stabiilsuse nii kuival kui m\u00e4rjal teel. [&hellip;]<\/p>\n","protected":false},"featured_media":122161,"template":"","meta":{"site-sidebar-layout":"default","site-content-layout":"","ast-site-content-layout":"","site-content-style":"default","site-sidebar-style":"default","ast-global-header-display":"","ast-banner-title-visibility":"","ast-main-header-display":"","ast-hfb-above-header-display":"","ast-hfb-below-header-display":"","ast-hfb-mobile-header-display":"","site-post-title":"","ast-breadcrumbs-content":"","ast-featured-img":"","footer-sml-layout":"","theme-transparent-header-meta":"","adv-header-id-meta":"","stick-header-meta":"","header-above-stick-meta":"","header-main-stick-meta":"","header-below-stick-meta":"","astra-migrate-meta-layouts":"default","ast-page-background-enabled":"default","ast-page-background-meta":{"desktop":{"background-color":"","background-image":"","background-repeat":"repeat","background-position":"center center","background-size":"auto","background-attachment":"scroll","background-type":"","background-media":"","overlay-type":"","overlay-color":"","overlay-opacity":"","overlay-gradient":""},"tablet":{"background-color":"","background-image":"","background-repeat":"repeat","background-position":"center center","background-size":"auto","background-attachment":"scroll","background-type":"","background-media":"","overlay-type":"","overlay-color":"","overlay-opacity":"","overlay-gradient":""},"mobile":{"background-color":"","background-image":"","background-repeat":"repeat","background-position":"center center","background-size":"auto","background-attachment":"scroll","background-type":"","background-media":"","overlay-type":"","overlay-color":"","overlay-opacity":"","overlay-gradient":""}},"ast-content-background-meta":{"desktop":{"background-color":"var(--ast-global-color-5)","background-image":"","background-repeat":"repeat","background-position":"center center","background-size":"auto","background-attachment":"scroll","background-type":"","background-media":"","overlay-type":"","overlay-color":"","overlay-opacity":"","overlay-gradient":""},"tablet":{"background-color":"var(--ast-global-color-5)","background-image":"","background-repeat":"repeat","background-position":"center center","background-size":"auto","background-attachment":"scroll","background-type":"","background-media":"","overlay-type":"","overlay-color":"","overlay-opacity":"","overlay-gradient":""},"mobile":{"background-color":"var(--ast-global-color-5)","background-image":"","background-repeat":"repeat","background-position":"center center","background-size":"auto","background-attachment":"scroll","background-type":"","background-media":"","overlay-type":"","overlay-color":"","overlay-opacity":"","overlay-gradient":""}}},"product_brand":[],"product_cat":[34225],"product_tag":[],"pa_brand_name":[17329],"class_list":{"0":"post-120164","1":"product","2":"type-product","3":"status-publish","4":"has-post-thumbnail","6":"product_cat-summer-tires-pv","7":"pa_brand_name-pirelli","8":"desktop-align-left","9":"tablet-align-left","10":"mobile-align-left","12":"first","13":"outofstock","14":"taxable","15":"shipping-taxable","16":"purchasable","17":"product-type-simple"},"_links":{"self":[{"href":"https:\/\/shop.rettum.ee\/en\/wp-json\/wp\/v2\/product\/120164","targetHints":{"allow":["GET"]}}],"collection":[{"href":"https:\/\/shop.rettum.ee\/en\/wp-json\/wp\/v2\/product"}],"about":[{"href":"https:\/\/shop.rettum.ee\/en\/wp-json\/wp\/v2\/types\/product"}],"version-history":[{"count":1,"href":"https:\/\/shop.rettum.ee\/en\/wp-json\/wp\/v2\/product\/120164\/revisions"}],"predecessor-version":[{"id":126366,"href":"https:\/\/shop.rettum.ee\/en\/wp-json\/wp\/v2\/product\/120164\/revisions\/126366"}],"wp:featuredmedia":[{"embeddable":true,"href":"https:\/\/shop.rettum.ee\/en\/wp-json\/wp\/v2\/media\/122161"}],"wp:attachment":[{"href":"https:\/\/shop.rettum.ee\/en\/wp-json\/wp\/v2\/media?parent=120164"}],"wp:term":[{"taxonomy":"product_brand","embeddable":true,"href":"https:\/\/shop.rettum.ee\/en\/wp-json\/wp\/v2\/product_brand?post=120164"},{"taxonomy":"product_cat","embeddable":true,"href":"https:\/\/shop.rettum.ee\/en\/wp-json\/wp\/v2\/product_cat?post=120164"},{"taxonomy":"product_tag","embeddable":true,"href":"https:\/\/shop.rettum.ee\/en\/wp-json\/wp\/v2\/product_tag?post=120164"},{"taxonomy":"pa_brand_name","embeddable":true,"href":"https:\/\/shop.rettum.ee\/en\/wp-json\/wp\/v2\/pa_brand_name?post=120164"}],"curies":[{"name":"wp","href":"https:\/\/api.w.org\/{rel}","templated":true}]}}