{"id":120168,"date":"2025-03-31T02:58:55","date_gmt":"2025-03-30T23:58:55","guid":{"rendered":"https:\/\/shop.rettum.ee\/toode\/245-40r19-pirelli-p-zero-rosso-direzionale-98y-xl-fsl-dot21-cbb72\/"},"modified":"2025-07-30T02:51:43","modified_gmt":"2025-07-29T23:51:43","slug":"245-40r19-pirelli-p-zero-rosso-direzionale-98y-xl-fsl-dot21-cbb72","status":"publish","type":"product","link":"https:\/\/shop.rettum.ee\/en\/product\/245-40r19-pirelli-p-zero-rosso-direzionale-98y-xl-fsl-dot21-cbb72\/","title":{"rendered":"245\/40R19 PIRELLI P ZERO ROSSO DIREZIONALE 98Y XL FSL DOT21 CBB72"},"content":{"rendered":"<p>Tutvu PIRELLI P ZERO ROSSO DIREZIONALE reisi- ja sportauto entusiastidele m\u00f5eldud rehvidega, mis on loodud pakkuma erakordset j\u00f5udlust ja ohutust isegi k\u00f5rgetel kiirustel. Mudel 245\/40R19 \u00fchendab tipptasemel tehnoloogia ja uuendusliku disaini, tagades suurep\u00e4rase haarduvuse nii m\u00e4rgal kui ka kuival teel. T\u00e4nu \u201c98Y\u201d kiirusindeksile sobib see rehv maksimaalseks j\u00f5udluseks ning \u201cXL\u201d m\u00e4rgib suuremat koormustaluvust, mis annab lisaturvalisuse. Rehvi suunatud roosiva mustril\u00f5ik ja FSL-tehnoloogia aitavad optimeerida veoj\u00f5udu ning parandada pidamist n\u00f5uetekohasel kaldus\u00f5ites. DOT21 CBB72 kood kinnitab rehvi kvaliteedi ja tootmisprotsessi rangust vastavalt rahvusvahelistele standarditele. PIRELLI P ZERO ROSSO DIREZIONALE on ideaalne valik neile, kes otsivad mitmek\u00fclgset ja usaldusv\u00e4\u00e4rset lahendust nii igap\u00e4evaseks juhitsemiseks kui ka sportlikuks s\u00f5iduks, pakkudes maksimaalset j\u00f5udlust, turvalisust ja vastupidavust.<\/p>","protected":false},"excerpt":{"rendered":"<p>Tutvu PIRELLI P ZERO ROSSO DIREZIONALE reisi- ja sportauto entusiastidele m\u00f5eldud rehvidega, mis on loodud pakkuma erakordset j\u00f5udlust ja ohutust isegi k\u00f5rgetel kiirustel. Mudel 245\/40R19 \u00fchendab tipptasemel tehnoloogia ja uuendusliku disaini, tagades suurep\u00e4rase haarduvuse nii m\u00e4rgal kui ka kuival teel. T\u00e4nu \u201c98Y\u201d kiirusindeksile sobib see rehv maksimaalseks j\u00f5udluseks ning \u201cXL\u201d m\u00e4rgib suuremat koormustaluvust, mis annab [&hellip;]<\/p>\n","protected":false},"featured_media":124138,"template":"","meta":{"site-sidebar-layout":"default","site-content-layout":"","ast-site-content-layout":"","site-content-style":"default","site-sidebar-style":"default","ast-global-header-display":"","ast-banner-title-visibility":"","ast-main-header-display":"","ast-hfb-above-header-display":"","ast-hfb-below-header-display":"","ast-hfb-mobile-header-display":"","site-post-title":"","ast-breadcrumbs-content":"","ast-featured-img":"","footer-sml-layout":"","theme-transparent-header-meta":"","adv-header-id-meta":"","stick-header-meta":"","header-above-stick-meta":"","header-main-stick-meta":"","header-below-stick-meta":"","astra-migrate-meta-layouts":"default","ast-page-background-enabled":"default","ast-page-background-meta":{"desktop":{"background-color":"","background-image":"","background-repeat":"repeat","background-position":"center center","background-size":"auto","background-attachment":"scroll","background-type":"","background-media":"","overlay-type":"","overlay-color":"","overlay-opacity":"","overlay-gradient":""},"tablet":{"background-color":"","background-image":"","background-repeat":"repeat","background-position":"center center","background-size":"auto","background-attachment":"scroll","background-type":"","background-media":"","overlay-type":"","overlay-color":"","overlay-opacity":"","overlay-gradient":""},"mobile":{"background-color":"","background-image":"","background-repeat":"repeat","background-position":"center center","background-size":"auto","background-attachment":"scroll","background-type":"","background-media":"","overlay-type":"","overlay-color":"","overlay-opacity":"","overlay-gradient":""}},"ast-content-background-meta":{"desktop":{"background-color":"var(--ast-global-color-5)","background-image":"","background-repeat":"repeat","background-position":"center center","background-size":"auto","background-attachment":"scroll","background-type":"","background-media":"","overlay-type":"","overlay-color":"","overlay-opacity":"","overlay-gradient":""},"tablet":{"background-color":"var(--ast-global-color-5)","background-image":"","background-repeat":"repeat","background-position":"center center","background-size":"auto","background-attachment":"scroll","background-type":"","background-media":"","overlay-type":"","overlay-color":"","overlay-opacity":"","overlay-gradient":""},"mobile":{"background-color":"var(--ast-global-color-5)","background-image":"","background-repeat":"repeat","background-position":"center center","background-size":"auto","background-attachment":"scroll","background-type":"","background-media":"","overlay-type":"","overlay-color":"","overlay-opacity":"","overlay-gradient":""}}},"product_brand":[],"product_cat":[34225],"product_tag":[],"pa_brand_name":[17329],"class_list":{"0":"post-120168","1":"product","2":"type-product","3":"status-publish","4":"has-post-thumbnail","6":"product_cat-summer-tires-pv","7":"pa_brand_name-pirelli","8":"desktop-align-left","9":"tablet-align-left","10":"mobile-align-left","12":"first","13":"outofstock","14":"taxable","15":"shipping-taxable","16":"purchasable","17":"product-type-simple"},"_links":{"self":[{"href":"https:\/\/shop.rettum.ee\/en\/wp-json\/wp\/v2\/product\/120168","targetHints":{"allow":["GET"]}}],"collection":[{"href":"https:\/\/shop.rettum.ee\/en\/wp-json\/wp\/v2\/product"}],"about":[{"href":"https:\/\/shop.rettum.ee\/en\/wp-json\/wp\/v2\/types\/product"}],"version-history":[{"count":1,"href":"https:\/\/shop.rettum.ee\/en\/wp-json\/wp\/v2\/product\/120168\/revisions"}],"predecessor-version":[{"id":126361,"href":"https:\/\/shop.rettum.ee\/en\/wp-json\/wp\/v2\/product\/120168\/revisions\/126361"}],"wp:featuredmedia":[{"embeddable":true,"href":"https:\/\/shop.rettum.ee\/en\/wp-json\/wp\/v2\/media\/124138"}],"wp:attachment":[{"href":"https:\/\/shop.rettum.ee\/en\/wp-json\/wp\/v2\/media?parent=120168"}],"wp:term":[{"taxonomy":"product_brand","embeddable":true,"href":"https:\/\/shop.rettum.ee\/en\/wp-json\/wp\/v2\/product_brand?post=120168"},{"taxonomy":"product_cat","embeddable":true,"href":"https:\/\/shop.rettum.ee\/en\/wp-json\/wp\/v2\/product_cat?post=120168"},{"taxonomy":"product_tag","embeddable":true,"href":"https:\/\/shop.rettum.ee\/en\/wp-json\/wp\/v2\/product_tag?post=120168"},{"taxonomy":"pa_brand_name","embeddable":true,"href":"https:\/\/shop.rettum.ee\/en\/wp-json\/wp\/v2\/pa_brand_name?post=120168"}],"curies":[{"name":"wp","href":"https:\/\/api.w.org\/{rel}","templated":true}]}}