{"id":120184,"date":"2025-03-31T02:59:06","date_gmt":"2025-03-30T23:59:06","guid":{"rendered":"https:\/\/shop.rettum.ee\/toode\/265-45r20-pirelli-p-zero-108y-xl-mo-fsl-dot21-bab72\/"},"modified":"2026-03-22T03:03:47","modified_gmt":"2026-03-22T01:03:47","slug":"265-45r20-pirelli-p-zero-108y-xl-mo-fsl-dot21-bab72","status":"publish","type":"product","link":"https:\/\/shop.rettum.ee\/en\/product\/265-45r20-pirelli-p-zero-108y-xl-mo-fsl-dot21-bab72\/","title":{"rendered":"265\/45R20 PIRELLI P ZERO 108Y XL MO FSL DOT21 BAB72"},"content":{"rendered":"<p>265\/45R20 PIRELLI P ZERO 108Y XL MO FSL DOT21 BAB72 on tipptasemel rehvimudel, mis on loodud n\u00f5udlike sportautode ja j\u00f5udluss\u00f5idukite jaoks. Pirelli uuenduslik tehnoloogia ja kvaliteetsete materjalide kasutamine tagavad erakordse kindluse ning t\u00e4pse reageerimisv\u00f5ime nii kuivadel kui m\u00e4rgadel teedel. XL klassi omadused v\u00f5imaldavad rehvil toime tulla suure koormuse ja tagada stabiilsus igas s\u00f5idutingimustes.<\/p>\n<p>Rehvi disain optimeerib kontaktpinda ning soodustab maksimaalset haardumist, v\u00e4hendades veeretakistust ja parandades k\u00fctuses\u00e4\u00e4stu. Lisaks on rehv konstrueritud pakkuma suurep\u00e4rast pidamist ja man\u00f6\u00f6verdusv\u00f5imet, mis annab s\u00f5idukile kindlustunnet ka ekstreemsetes olukordades. M\u00e4rgistused DOT21 ja BAB72 tagavad vastavuse rahvusvahelistele ohutus- ja kvaliteedistandarditele.<\/p>\n<p>Valides PIRELLI P ZERO 108Y XL MO FSL, pakute oma s\u00f5idukile mitte ainult sportlikku j\u00f5udlust, vaid ka usaldusv\u00e4\u00e4rsust ja turvalisust igas olukorras. See rehvimudel on ideaalne lahendus neile, kes otsivad tipptasemel haardumist ja stabiilsust, et oma s\u00f5iduelamust t\u00e4iustada.<\/p>","protected":false},"excerpt":{"rendered":"<p>265\/45R20 PIRELLI P ZERO 108Y XL MO FSL DOT21 BAB72 on tipptasemel rehvimudel, mis on loodud n\u00f5udlike sportautode ja j\u00f5udluss\u00f5idukite jaoks. Pirelli uuenduslik tehnoloogia ja kvaliteetsete materjalide kasutamine tagavad erakordse kindluse ning t\u00e4pse reageerimisv\u00f5ime nii kuivadel kui m\u00e4rgadel teedel. XL klassi omadused v\u00f5imaldavad rehvil toime tulla suure koormuse ja tagada stabiilsus igas s\u00f5idutingimustes. Rehvi disain [&hellip;]<\/p>\n","protected":false},"featured_media":124127,"template":"","meta":{"site-sidebar-layout":"default","site-content-layout":"","ast-site-content-layout":"","site-content-style":"default","site-sidebar-style":"default","ast-global-header-display":"","ast-banner-title-visibility":"","ast-main-header-display":"","ast-hfb-above-header-display":"","ast-hfb-below-header-display":"","ast-hfb-mobile-header-display":"","site-post-title":"","ast-breadcrumbs-content":"","ast-featured-img":"","footer-sml-layout":"","theme-transparent-header-meta":"","adv-header-id-meta":"","stick-header-meta":"","header-above-stick-meta":"","header-main-stick-meta":"","header-below-stick-meta":"","astra-migrate-meta-layouts":"default","ast-page-background-enabled":"default","ast-page-background-meta":{"desktop":{"background-color":"","background-image":"","background-repeat":"repeat","background-position":"center center","background-size":"auto","background-attachment":"scroll","background-type":"","background-media":"","overlay-type":"","overlay-color":"","overlay-opacity":"","overlay-gradient":""},"tablet":{"background-color":"","background-image":"","background-repeat":"repeat","background-position":"center center","background-size":"auto","background-attachment":"scroll","background-type":"","background-media":"","overlay-type":"","overlay-color":"","overlay-opacity":"","overlay-gradient":""},"mobile":{"background-color":"","background-image":"","background-repeat":"repeat","background-position":"center center","background-size":"auto","background-attachment":"scroll","background-type":"","background-media":"","overlay-type":"","overlay-color":"","overlay-opacity":"","overlay-gradient":""}},"ast-content-background-meta":{"desktop":{"background-color":"var(--ast-global-color-5)","background-image":"","background-repeat":"repeat","background-position":"center center","background-size":"auto","background-attachment":"scroll","background-type":"","background-media":"","overlay-type":"","overlay-color":"","overlay-opacity":"","overlay-gradient":""},"tablet":{"background-color":"var(--ast-global-color-5)","background-image":"","background-repeat":"repeat","background-position":"center center","background-size":"auto","background-attachment":"scroll","background-type":"","background-media":"","overlay-type":"","overlay-color":"","overlay-opacity":"","overlay-gradient":""},"mobile":{"background-color":"var(--ast-global-color-5)","background-image":"","background-repeat":"repeat","background-position":"center center","background-size":"auto","background-attachment":"scroll","background-type":"","background-media":"","overlay-type":"","overlay-color":"","overlay-opacity":"","overlay-gradient":""}}},"product_brand":[],"product_cat":[34225],"product_tag":[],"pa_brand_name":[17329],"class_list":{"0":"post-120184","1":"product","2":"type-product","3":"status-publish","4":"has-post-thumbnail","6":"product_cat-summer-tires-pv","7":"pa_brand_name-pirelli","8":"desktop-align-left","9":"tablet-align-left","10":"mobile-align-left","12":"first","13":"outofstock","14":"taxable","15":"shipping-taxable","16":"purchasable","17":"product-type-simple"},"_links":{"self":[{"href":"https:\/\/shop.rettum.ee\/en\/wp-json\/wp\/v2\/product\/120184","targetHints":{"allow":["GET"]}}],"collection":[{"href":"https:\/\/shop.rettum.ee\/en\/wp-json\/wp\/v2\/product"}],"about":[{"href":"https:\/\/shop.rettum.ee\/en\/wp-json\/wp\/v2\/types\/product"}],"version-history":[{"count":1,"href":"https:\/\/shop.rettum.ee\/en\/wp-json\/wp\/v2\/product\/120184\/revisions"}],"predecessor-version":[{"id":126346,"href":"https:\/\/shop.rettum.ee\/en\/wp-json\/wp\/v2\/product\/120184\/revisions\/126346"}],"wp:featuredmedia":[{"embeddable":true,"href":"https:\/\/shop.rettum.ee\/en\/wp-json\/wp\/v2\/media\/124127"}],"wp:attachment":[{"href":"https:\/\/shop.rettum.ee\/en\/wp-json\/wp\/v2\/media?parent=120184"}],"wp:term":[{"taxonomy":"product_brand","embeddable":true,"href":"https:\/\/shop.rettum.ee\/en\/wp-json\/wp\/v2\/product_brand?post=120184"},{"taxonomy":"product_cat","embeddable":true,"href":"https:\/\/shop.rettum.ee\/en\/wp-json\/wp\/v2\/product_cat?post=120184"},{"taxonomy":"product_tag","embeddable":true,"href":"https:\/\/shop.rettum.ee\/en\/wp-json\/wp\/v2\/product_tag?post=120184"},{"taxonomy":"pa_brand_name","embeddable":true,"href":"https:\/\/shop.rettum.ee\/en\/wp-json\/wp\/v2\/pa_brand_name?post=120184"}],"curies":[{"name":"wp","href":"https:\/\/api.w.org\/{rel}","templated":true}]}}