{"id":120199,"date":"2025-03-31T02:59:16","date_gmt":"2025-03-30T23:59:16","guid":{"rendered":"https:\/\/shop.rettum.ee\/toode\/235-50r18-pirelli-winter-sottozero-3-101v-xl-mgt-fsl-dot21-studless-dbb72-3pmsf-ms\/"},"modified":"2025-07-30T02:51:43","modified_gmt":"2025-07-29T23:51:43","slug":"235-50r18-pirelli-winter-sottozero-3-101v-xl-mgt-fsl-dot21-studless-dbb72-3pmsf-ms","status":"publish","type":"product","link":"https:\/\/shop.rettum.ee\/en\/product\/235-50r18-pirelli-winter-sottozero-3-101v-xl-mgt-fsl-dot21-studless-dbb72-3pmsf-ms\/","title":{"rendered":"235\/50R18 PIRELLI WINTER SOTTOZERO 3 101V XL MGT FSL DOT21 Studless DBB72 3PMSF M+S"},"content":{"rendered":"<p>Pirelli Winter Sottozero 3 on uus tippklassi studless talver\u00f5u, mis pakub maksimaalset s\u00f5iduturvalisust ja -mugavust ka k\u00f5ige n\u00f5udlikumates talvetingimustes. Rehv, m\u00f5\u00f5tud 235\/50R18 ja XL tugevusega, on kavandatud tagama suurep\u00e4rane haare lumistel ja j\u00e4istel teedel, v\u00e4hendades libisemise ohtu ning pakkudes kindlat juhtimist. <\/p>\n<p>Tunnustatud 3PMSF sertifikaadi ja M+S m\u00e4rgisega, r\u00f5hutab see rehv oma mitmek\u00fclgsust ning v\u00f5imet tulla toime raske lumise ja j\u00e4\u00e4se ilmaga. DOT21 kvaliteedikood kinnitab, et rehv on valmistatud rangete ohutus- ja kvaliteedstandardite j\u00e4rgi, samas kui MGT tehnoloogia toetab maksimaalset j\u00f5udlust ja stabiilsust. <\/p>\n<p>Pirelli Winter Sottozero 3 on ideaalne valik neile, kes otsivad usaldusv\u00e4\u00e4rset, j\u00f5udlust ja turvalisust tagavat talverehvi, pakkudes inspireerivat s\u00f5idukogemust igas olukorras.<\/p>","protected":false},"excerpt":{"rendered":"<p>Pirelli Winter Sottozero 3 on uus tippklassi studless talver\u00f5u, mis pakub maksimaalset s\u00f5iduturvalisust ja -mugavust ka k\u00f5ige n\u00f5udlikumates talvetingimustes. Rehv, m\u00f5\u00f5tud 235\/50R18 ja XL tugevusega, on kavandatud tagama suurep\u00e4rane haare lumistel ja j\u00e4istel teedel, v\u00e4hendades libisemise ohtu ning pakkudes kindlat juhtimist. Tunnustatud 3PMSF sertifikaadi ja M+S m\u00e4rgisega, r\u00f5hutab see rehv oma mitmek\u00fclgsust ning v\u00f5imet tulla [&hellip;]<\/p>\n","protected":false},"featured_media":124126,"template":"","meta":{"site-sidebar-layout":"default","site-content-layout":"","ast-site-content-layout":"","site-content-style":"default","site-sidebar-style":"default","ast-global-header-display":"","ast-banner-title-visibility":"","ast-main-header-display":"","ast-hfb-above-header-display":"","ast-hfb-below-header-display":"","ast-hfb-mobile-header-display":"","site-post-title":"","ast-breadcrumbs-content":"","ast-featured-img":"","footer-sml-layout":"","theme-transparent-header-meta":"","adv-header-id-meta":"","stick-header-meta":"","header-above-stick-meta":"","header-main-stick-meta":"","header-below-stick-meta":"","astra-migrate-meta-layouts":"default","ast-page-background-enabled":"default","ast-page-background-meta":{"desktop":{"background-color":"","background-image":"","background-repeat":"repeat","background-position":"center center","background-size":"auto","background-attachment":"scroll","background-type":"","background-media":"","overlay-type":"","overlay-color":"","overlay-opacity":"","overlay-gradient":""},"tablet":{"background-color":"","background-image":"","background-repeat":"repeat","background-position":"center center","background-size":"auto","background-attachment":"scroll","background-type":"","background-media":"","overlay-type":"","overlay-color":"","overlay-opacity":"","overlay-gradient":""},"mobile":{"background-color":"","background-image":"","background-repeat":"repeat","background-position":"center center","background-size":"auto","background-attachment":"scroll","background-type":"","background-media":"","overlay-type":"","overlay-color":"","overlay-opacity":"","overlay-gradient":""}},"ast-content-background-meta":{"desktop":{"background-color":"var(--ast-global-color-5)","background-image":"","background-repeat":"repeat","background-position":"center center","background-size":"auto","background-attachment":"scroll","background-type":"","background-media":"","overlay-type":"","overlay-color":"","overlay-opacity":"","overlay-gradient":""},"tablet":{"background-color":"var(--ast-global-color-5)","background-image":"","background-repeat":"repeat","background-position":"center center","background-size":"auto","background-attachment":"scroll","background-type":"","background-media":"","overlay-type":"","overlay-color":"","overlay-opacity":"","overlay-gradient":""},"mobile":{"background-color":"var(--ast-global-color-5)","background-image":"","background-repeat":"repeat","background-position":"center center","background-size":"auto","background-attachment":"scroll","background-type":"","background-media":"","overlay-type":"","overlay-color":"","overlay-opacity":"","overlay-gradient":""}}},"product_brand":[],"product_cat":[34228],"product_tag":[],"pa_brand_name":[17329],"class_list":{"0":"post-120199","1":"product","2":"type-product","3":"status-publish","4":"has-post-thumbnail","6":"product_cat-winter-tires-friction","7":"pa_brand_name-pirelli","8":"desktop-align-left","9":"tablet-align-left","10":"mobile-align-left","12":"first","13":"outofstock","14":"taxable","15":"shipping-taxable","16":"purchasable","17":"product-type-simple"},"_links":{"self":[{"href":"https:\/\/shop.rettum.ee\/en\/wp-json\/wp\/v2\/product\/120199","targetHints":{"allow":["GET"]}}],"collection":[{"href":"https:\/\/shop.rettum.ee\/en\/wp-json\/wp\/v2\/product"}],"about":[{"href":"https:\/\/shop.rettum.ee\/en\/wp-json\/wp\/v2\/types\/product"}],"version-history":[{"count":1,"href":"https:\/\/shop.rettum.ee\/en\/wp-json\/wp\/v2\/product\/120199\/revisions"}],"predecessor-version":[{"id":126332,"href":"https:\/\/shop.rettum.ee\/en\/wp-json\/wp\/v2\/product\/120199\/revisions\/126332"}],"wp:featuredmedia":[{"embeddable":true,"href":"https:\/\/shop.rettum.ee\/en\/wp-json\/wp\/v2\/media\/124126"}],"wp:attachment":[{"href":"https:\/\/shop.rettum.ee\/en\/wp-json\/wp\/v2\/media?parent=120199"}],"wp:term":[{"taxonomy":"product_brand","embeddable":true,"href":"https:\/\/shop.rettum.ee\/en\/wp-json\/wp\/v2\/product_brand?post=120199"},{"taxonomy":"product_cat","embeddable":true,"href":"https:\/\/shop.rettum.ee\/en\/wp-json\/wp\/v2\/product_cat?post=120199"},{"taxonomy":"product_tag","embeddable":true,"href":"https:\/\/shop.rettum.ee\/en\/wp-json\/wp\/v2\/product_tag?post=120199"},{"taxonomy":"pa_brand_name","embeddable":true,"href":"https:\/\/shop.rettum.ee\/en\/wp-json\/wp\/v2\/pa_brand_name?post=120199"}],"curies":[{"name":"wp","href":"https:\/\/api.w.org\/{rel}","templated":true}]}}