{"id":120202,"date":"2025-03-31T02:59:17","date_gmt":"2025-03-30T23:59:17","guid":{"rendered":"https:\/\/shop.rettum.ee\/toode\/275-40r22-pirelli-scorpion-winter-108v-xl-runflat-fsl-dot21-studless-cbb71-3pmsf-ms\/"},"modified":"2026-03-22T03:03:49","modified_gmt":"2026-03-22T01:03:49","slug":"275-40r22-pirelli-scorpion-winter-108v-xl-runflat-fsl-dot21-studless-cbb71-3pmsf-ms","status":"publish","type":"product","link":"https:\/\/shop.rettum.ee\/en\/product\/275-40r22-pirelli-scorpion-winter-108v-xl-runflat-fsl-dot21-studless-cbb71-3pmsf-ms\/","title":{"rendered":"275\/40R22 PIRELLI SCORPION WINTER 108V XL RunFlat FSL DOT21 Studless CBB71 3PMSF M+S"},"content":{"rendered":"<p>Pirelli Scorpion Winter 275\/40R22 on tipptasemel rehvid, mis on loodud tagama turvalisus ja suurep\u00e4rane j\u00f5udlus isegi k\u00f5ige n\u00f5udlikumates talveoludes. Rehvid on klassifitseeritud XL-tasemel, v\u00f5imaldades suuremat koormusv\u00f5imet ja stabiilsust k\u00f5rgsuhtelistes s\u00f5iduoludes. RunFlat tehnoloogia ja FSL (Flat Stop Light) s\u00fcsteem tagavad, et isegi \u00f5hum\u00f5\u00f5du kaotamisel on v\u00f5imalik s\u00f5iduk ohutult peatada, pakkudes extra turvatunnet.<\/p>\n<p>DOT21 m\u00e4rgis kinnitab rehvide koosk\u00f5la rangete kvaliteedistandarditega, samas kui studless disain koos M+S (mud and snow) m\u00e4rgistusega ja 3PMSF sertifikaadiga tagavad suurep\u00e4rase haarduvuse kastel, lumel ja muudes libedates tingimustes. Rehvid on optimeeritud pakkuma maksimaalset juhitavust ja stabiilsust, v\u00f5imaldades s\u00f5idu ajal s\u00e4ilitada kindlat kontakti teepinnaga ning tagades seel\u00e4bi ohutu s\u00f5idukiirus ja -man\u00f6\u00f6verdused.<\/p>\n<p>Pirelli Scorpion Winter 275\/40R22 on ideaalne valik juhile, kes hindab nii sportlikku stiili kui ka turvalisust talvistes oludes, pakkudes kindlat j\u00f5udlust ja usaldusv\u00e4\u00e4rsust igas s\u00f5iduolukorras.<\/p>","protected":false},"excerpt":{"rendered":"<p>Pirelli Scorpion Winter 275\/40R22 on tipptasemel rehvid, mis on loodud tagama turvalisus ja suurep\u00e4rane j\u00f5udlus isegi k\u00f5ige n\u00f5udlikumates talveoludes. Rehvid on klassifitseeritud XL-tasemel, v\u00f5imaldades suuremat koormusv\u00f5imet ja stabiilsust k\u00f5rgsuhtelistes s\u00f5iduoludes. RunFlat tehnoloogia ja FSL (Flat Stop Light) s\u00fcsteem tagavad, et isegi \u00f5hum\u00f5\u00f5du kaotamisel on v\u00f5imalik s\u00f5iduk ohutult peatada, pakkudes extra turvatunnet. DOT21 m\u00e4rgis kinnitab rehvide [&hellip;]<\/p>\n","protected":false},"featured_media":124123,"template":"","meta":{"site-sidebar-layout":"default","site-content-layout":"","ast-site-content-layout":"","site-content-style":"default","site-sidebar-style":"default","ast-global-header-display":"","ast-banner-title-visibility":"","ast-main-header-display":"","ast-hfb-above-header-display":"","ast-hfb-below-header-display":"","ast-hfb-mobile-header-display":"","site-post-title":"","ast-breadcrumbs-content":"","ast-featured-img":"","footer-sml-layout":"","theme-transparent-header-meta":"","adv-header-id-meta":"","stick-header-meta":"","header-above-stick-meta":"","header-main-stick-meta":"","header-below-stick-meta":"","astra-migrate-meta-layouts":"default","ast-page-background-enabled":"default","ast-page-background-meta":{"desktop":{"background-color":"","background-image":"","background-repeat":"repeat","background-position":"center center","background-size":"auto","background-attachment":"scroll","background-type":"","background-media":"","overlay-type":"","overlay-color":"","overlay-opacity":"","overlay-gradient":""},"tablet":{"background-color":"","background-image":"","background-repeat":"repeat","background-position":"center center","background-size":"auto","background-attachment":"scroll","background-type":"","background-media":"","overlay-type":"","overlay-color":"","overlay-opacity":"","overlay-gradient":""},"mobile":{"background-color":"","background-image":"","background-repeat":"repeat","background-position":"center center","background-size":"auto","background-attachment":"scroll","background-type":"","background-media":"","overlay-type":"","overlay-color":"","overlay-opacity":"","overlay-gradient":""}},"ast-content-background-meta":{"desktop":{"background-color":"var(--ast-global-color-5)","background-image":"","background-repeat":"repeat","background-position":"center center","background-size":"auto","background-attachment":"scroll","background-type":"","background-media":"","overlay-type":"","overlay-color":"","overlay-opacity":"","overlay-gradient":""},"tablet":{"background-color":"var(--ast-global-color-5)","background-image":"","background-repeat":"repeat","background-position":"center center","background-size":"auto","background-attachment":"scroll","background-type":"","background-media":"","overlay-type":"","overlay-color":"","overlay-opacity":"","overlay-gradient":""},"mobile":{"background-color":"var(--ast-global-color-5)","background-image":"","background-repeat":"repeat","background-position":"center center","background-size":"auto","background-attachment":"scroll","background-type":"","background-media":"","overlay-type":"","overlay-color":"","overlay-opacity":"","overlay-gradient":""}}},"product_brand":[],"product_cat":[34228],"product_tag":[],"pa_brand_name":[17329],"class_list":{"0":"post-120202","1":"product","2":"type-product","3":"status-publish","4":"has-post-thumbnail","6":"product_cat-winter-tires-friction","7":"pa_brand_name-pirelli","8":"desktop-align-left","9":"tablet-align-left","10":"mobile-align-left","12":"first","13":"outofstock","14":"taxable","15":"shipping-taxable","16":"purchasable","17":"product-type-simple"},"_links":{"self":[{"href":"https:\/\/shop.rettum.ee\/en\/wp-json\/wp\/v2\/product\/120202","targetHints":{"allow":["GET"]}}],"collection":[{"href":"https:\/\/shop.rettum.ee\/en\/wp-json\/wp\/v2\/product"}],"about":[{"href":"https:\/\/shop.rettum.ee\/en\/wp-json\/wp\/v2\/types\/product"}],"version-history":[{"count":1,"href":"https:\/\/shop.rettum.ee\/en\/wp-json\/wp\/v2\/product\/120202\/revisions"}],"predecessor-version":[{"id":126330,"href":"https:\/\/shop.rettum.ee\/en\/wp-json\/wp\/v2\/product\/120202\/revisions\/126330"}],"wp:featuredmedia":[{"embeddable":true,"href":"https:\/\/shop.rettum.ee\/en\/wp-json\/wp\/v2\/media\/124123"}],"wp:attachment":[{"href":"https:\/\/shop.rettum.ee\/en\/wp-json\/wp\/v2\/media?parent=120202"}],"wp:term":[{"taxonomy":"product_brand","embeddable":true,"href":"https:\/\/shop.rettum.ee\/en\/wp-json\/wp\/v2\/product_brand?post=120202"},{"taxonomy":"product_cat","embeddable":true,"href":"https:\/\/shop.rettum.ee\/en\/wp-json\/wp\/v2\/product_cat?post=120202"},{"taxonomy":"product_tag","embeddable":true,"href":"https:\/\/shop.rettum.ee\/en\/wp-json\/wp\/v2\/product_tag?post=120202"},{"taxonomy":"pa_brand_name","embeddable":true,"href":"https:\/\/shop.rettum.ee\/en\/wp-json\/wp\/v2\/pa_brand_name?post=120202"}],"curies":[{"name":"wp","href":"https:\/\/api.w.org\/{rel}","templated":true}]}}