{"id":120204,"date":"2025-03-31T02:59:19","date_gmt":"2025-03-30T23:59:19","guid":{"rendered":"https:\/\/shop.rettum.ee\/toode\/305-30r20-pirelli-p-zero-corsa-pzc4-103y-xl-mc-ncs-dot21-daa71\/"},"modified":"2026-03-22T03:03:49","modified_gmt":"2026-03-22T01:03:49","slug":"305-30r20-pirelli-p-zero-corsa-pzc4-103y-xl-mc-ncs-dot21-daa71","status":"publish","type":"product","link":"https:\/\/shop.rettum.ee\/en\/product\/305-30r20-pirelli-p-zero-corsa-pzc4-103y-xl-mc-ncs-dot21-daa71\/","title":{"rendered":"305\/30R20 PIRELLI P ZERO CORSA (PZC4) 103Y XL MC NCS DOT21 DAA71"},"content":{"rendered":"<p>Pirelli P Zero Corsa (PZC4) 305\/30R20 on tipptasemel k\u00f5rgj\u00f5udlusega rehv, mis on loodud pakkuma erakordset s\u00f5idunaudingut ja stabiilsust ka k\u00f5ige n\u00f5udlikumates tingimustes. T\u00e4nu oma avarale 305 mm laiusale saapale ja madalaprofiilsele konstruktsioonile tagab rehv \u00fclimalt t\u00e4pse ja kindla haarduvuse nii kiiresse s\u00f5itu kui ka sportlikesse man\u00f6\u00f6vritesse. <\/p>\n<p>Rehvi koormusn\u00e4it 103Y v\u00f5imaldab kindlat ja stabiilset s\u00f5itu, samas t\u00e4histab XL kategooria extra koormusalust ja usaldusv\u00e4\u00e4rset j\u00f5udlust. Kvaliteeti ja ohutust kinnitavad ka MC ning NCS sertifikaadid ning rahvusvaheliselt tunnustatud DOT21 DAA71 m\u00e4rgistus. <\/p>\n<p>Pirelli P Zero Corsa on ideaalne valik neile, kes otsivad maksimaalset reageerimiskiirust ja usaldusv\u00e4\u00e4rset juhitavust ka \u00e4\u00e4rmuslikes olukordades. See rehv on loodud pakkuma sportlikku ja turvalist s\u00f5idukogemust igal s\u00f5idul, olgu see kiirteel v\u00f5i kurvides. Vali Pirelli P Zero Corsa ja naudi tippklassi j\u00f5udlust ning kindlustunnet igas s\u00f5idutingimuses!<\/p>","protected":false},"excerpt":{"rendered":"<p>Pirelli P Zero Corsa (PZC4) 305\/30R20 on tipptasemel k\u00f5rgj\u00f5udlusega rehv, mis on loodud pakkuma erakordset s\u00f5idunaudingut ja stabiilsust ka k\u00f5ige n\u00f5udlikumates tingimustes. T\u00e4nu oma avarale 305 mm laiusale saapale ja madalaprofiilsele konstruktsioonile tagab rehv \u00fclimalt t\u00e4pse ja kindla haarduvuse nii kiiresse s\u00f5itu kui ka sportlikesse man\u00f6\u00f6vritesse. Rehvi koormusn\u00e4it 103Y v\u00f5imaldab kindlat ja stabiilset s\u00f5itu, samas [&hellip;]<\/p>\n","protected":false},"featured_media":124128,"template":"","meta":{"site-sidebar-layout":"default","site-content-layout":"","ast-site-content-layout":"","site-content-style":"default","site-sidebar-style":"default","ast-global-header-display":"","ast-banner-title-visibility":"","ast-main-header-display":"","ast-hfb-above-header-display":"","ast-hfb-below-header-display":"","ast-hfb-mobile-header-display":"","site-post-title":"","ast-breadcrumbs-content":"","ast-featured-img":"","footer-sml-layout":"","theme-transparent-header-meta":"","adv-header-id-meta":"","stick-header-meta":"","header-above-stick-meta":"","header-main-stick-meta":"","header-below-stick-meta":"","astra-migrate-meta-layouts":"default","ast-page-background-enabled":"default","ast-page-background-meta":{"desktop":{"background-color":"","background-image":"","background-repeat":"repeat","background-position":"center center","background-size":"auto","background-attachment":"scroll","background-type":"","background-media":"","overlay-type":"","overlay-color":"","overlay-opacity":"","overlay-gradient":""},"tablet":{"background-color":"","background-image":"","background-repeat":"repeat","background-position":"center center","background-size":"auto","background-attachment":"scroll","background-type":"","background-media":"","overlay-type":"","overlay-color":"","overlay-opacity":"","overlay-gradient":""},"mobile":{"background-color":"","background-image":"","background-repeat":"repeat","background-position":"center center","background-size":"auto","background-attachment":"scroll","background-type":"","background-media":"","overlay-type":"","overlay-color":"","overlay-opacity":"","overlay-gradient":""}},"ast-content-background-meta":{"desktop":{"background-color":"var(--ast-global-color-5)","background-image":"","background-repeat":"repeat","background-position":"center center","background-size":"auto","background-attachment":"scroll","background-type":"","background-media":"","overlay-type":"","overlay-color":"","overlay-opacity":"","overlay-gradient":""},"tablet":{"background-color":"var(--ast-global-color-5)","background-image":"","background-repeat":"repeat","background-position":"center center","background-size":"auto","background-attachment":"scroll","background-type":"","background-media":"","overlay-type":"","overlay-color":"","overlay-opacity":"","overlay-gradient":""},"mobile":{"background-color":"var(--ast-global-color-5)","background-image":"","background-repeat":"repeat","background-position":"center center","background-size":"auto","background-attachment":"scroll","background-type":"","background-media":"","overlay-type":"","overlay-color":"","overlay-opacity":"","overlay-gradient":""}}},"product_brand":[],"product_cat":[34225],"product_tag":[],"pa_brand_name":[17329],"class_list":{"0":"post-120204","1":"product","2":"type-product","3":"status-publish","4":"has-post-thumbnail","6":"product_cat-summer-tires-pv","7":"pa_brand_name-pirelli","8":"desktop-align-left","9":"tablet-align-left","10":"mobile-align-left","12":"first","13":"outofstock","14":"taxable","15":"shipping-taxable","16":"purchasable","17":"product-type-simple"},"_links":{"self":[{"href":"https:\/\/shop.rettum.ee\/en\/wp-json\/wp\/v2\/product\/120204","targetHints":{"allow":["GET"]}}],"collection":[{"href":"https:\/\/shop.rettum.ee\/en\/wp-json\/wp\/v2\/product"}],"about":[{"href":"https:\/\/shop.rettum.ee\/en\/wp-json\/wp\/v2\/types\/product"}],"version-history":[{"count":1,"href":"https:\/\/shop.rettum.ee\/en\/wp-json\/wp\/v2\/product\/120204\/revisions"}],"predecessor-version":[{"id":126326,"href":"https:\/\/shop.rettum.ee\/en\/wp-json\/wp\/v2\/product\/120204\/revisions\/126326"}],"wp:featuredmedia":[{"embeddable":true,"href":"https:\/\/shop.rettum.ee\/en\/wp-json\/wp\/v2\/media\/124128"}],"wp:attachment":[{"href":"https:\/\/shop.rettum.ee\/en\/wp-json\/wp\/v2\/media?parent=120204"}],"wp:term":[{"taxonomy":"product_brand","embeddable":true,"href":"https:\/\/shop.rettum.ee\/en\/wp-json\/wp\/v2\/product_brand?post=120204"},{"taxonomy":"product_cat","embeddable":true,"href":"https:\/\/shop.rettum.ee\/en\/wp-json\/wp\/v2\/product_cat?post=120204"},{"taxonomy":"product_tag","embeddable":true,"href":"https:\/\/shop.rettum.ee\/en\/wp-json\/wp\/v2\/product_tag?post=120204"},{"taxonomy":"pa_brand_name","embeddable":true,"href":"https:\/\/shop.rettum.ee\/en\/wp-json\/wp\/v2\/pa_brand_name?post=120204"}],"curies":[{"name":"wp","href":"https:\/\/api.w.org\/{rel}","templated":true}]}}